{"id":223,"date":"2023-10-26T10:40:26","date_gmt":"2023-10-26T10:40:26","guid":{"rendered":"https:\/\/naturistland.hu\/test\/?page_id=223"},"modified":"2023-12-22T19:53:12","modified_gmt":"2023-12-22T19:53:12","slug":"wellness-hazirend","status":"publish","type":"page","link":"https:\/\/naturistland.hu\/de\/wellness-hazirend\/","title":{"rendered":"Wellness-Politik"},"content":{"rendered":"\r\n\r\n\r\n\r\n\r\n\r\n\r\n<h2>Wellness-Politik<\/h2>\r\n\r\n\r\n\r\n\r\n\r\n\r\n\r\n<p>1. Der Wellnessbereich ist der private Bereich des Gastgebers, daher beh\u00e4lt sich der Gastgeber das Recht vor, die Nutzung des Bereichs ohne Angabe von Gr\u00fcnden zu verweigern. G\u00e4ste d\u00fcrfen sich nur mit Zustimmung des Eigent\u00fcmers in der Gegend aufhalten.<br \/>2. Die Sauna und der Poolbereich sind FKK-Bereiche. Badekleidung ist nicht erlaubt! Wenn dies f\u00fcr Sie ein Problem darstellt, verwenden Sie bitte ein Strandtuch oder ein Handtuch.<br \/>3. <strong>Sexuelle Aktivit\u00e4ten jeglicher Art sind im Bereich der Wellnessabteilung strengstens untersagt<\/strong>, in einem solchen Fall hat der Eigent\u00fcmer das Recht, den Gast unter Androhung eines Hausverbots zum sofortigen Verlassen zu zwingen! In diesem Fall erfolgt keine R\u00fcckerstattung des gezahlten Betrages! Im Falle einer Verunreinigung des Poolwassers ist der Gast verpflichtet, die Kosten f\u00fcr den Wasserwechsel und die Betriebsunterbrechung zu erstatten (diese H\u00f6he betr\u00e4gt 800-1500 \u20ac)!<br \/>4. Bitte achten Sie auf Ordnung und Sauberkeit und achten Sie besonders auf die Hygiene. Da dies kein \u00f6ffentliches Spa ist, duschen Sie bitte vor der Nutzung des Pools. Benutzen Sie den Pool nicht nach der Verwendung von Sonnencreme, Sonnen\u00f6l oder Massage\u00f6l und achten Sie darauf, dass kein Schmutz in den Poolbereich oder Pool gelangt.<br \/>5. Die G\u00e4ste haften finanziell f\u00fcr den Schaden, der durch die unsachgem\u00e4\u00dfe Nutzung durch die G\u00e4ste entsteht, der Schaden ist direkt dem Eigent\u00fcmer zu erstatten.<br \/>6. Das Mitbringen von Haustieren ist verboten.<br \/>7. Legen Sie beim Saunieren bitte ein Handtuch unter sich (auch unter die F\u00fc\u00dfe).<br \/>8. Eigener Duft darf nur verd\u00fcnnt und mit vorheriger Zustimmung des Gastgebers auf den Saunaofen gegossen werden. Gie\u00dfen Sie Wasser nur auf die Steine, achten Sie darauf, dass keine Fl\u00fcssigkeit an die L\u00fcftungs\u00f6ffnungen und das Steuerger\u00e4t gelangt!<br \/>9. Andere Substanzen (Sahne, Honig, Salz etc.) d\u00fcrfen im Sauna- und Poolbereich nicht verwendet werden, diese werden nur im Garten verwendet!<br \/>10. Die Nutzung der Wellnessabteilung erfolgt ausschlie\u00dflich auf eigene Gefahr. Im Falle eines Unfalls schlie\u00dft der Gastgeber eine Haftung aus, was der Gast mit dem Betreten anerkennt. Dies gilt insbesondere f\u00fcr den Poolbereich, dessen Boden verrutschen kann (besonders am Eingang zum Pool und rund um die Dusche), daher achten Sie bitte besonders auf die Sicherheit.<br \/>11. Der Gastgeber \u00fcbernimmt keine Haftung f\u00fcr eventuelle Sachsch\u00e4den oder Unf\u00e4lle, die durch unsachgem\u00e4\u00dfen Gebrauch entstehen.<br \/>12. Sollten w\u00e4hrend Ihres Aufenthalts Probleme mit der Ausr\u00fcstung auftreten, benachrichtigen Sie bitte umgehend den Eigent\u00fcmer. Nachtr\u00e4gliche Reklamationen k\u00f6nnen wir nicht akzeptieren!<br \/>13. Es ist verboten, Damenbinden und andere verstopfende Gegenst\u00e4nde in die Toilette zu werfen! Der Gast ist zum Ersatz des dadurch entstehenden Schadens verpflichtet.<br \/>14. Im Poolbereich ist das Rauchen strengstens untersagt! Das Rauchen kann auf der Stra\u00dfe oder im Hof \u200b\u200ban der daf\u00fcr vorgesehenen Stelle erfolgen!<br \/>15. Drogen und \u00fcberm\u00e4\u00dfiger Alkoholkonsum sind in der Gegend verboten!<br \/>16. Der Eigent\u00fcmer ist unverz\u00fcglich \u00fcber einen Unfall, einen Brand oder ein anderes au\u00dfergew\u00f6hnliches Ereignis zu informieren.<br \/>17. F\u00fcr Sch\u00e4den, die auf Ereignisse zur\u00fcckzuf\u00fchren sind, die er nicht zu vertreten hat (z. B. Naturkatastrophen, Hagel, Feuer, Stromausf\u00e4lle, Internetausf\u00e4lle usw.), ist der Eigent\u00fcmer nicht in der Lage, die Verantwortung zu \u00fcbernehmen und Ersatz zu leisten.<br \/>18. Bitte hinterlassen Sie keinen M\u00fcll. Bitte sammeln Sie beim Essen alle Reste und Abf\u00e4lle ein und werfen Sie diese in den Abfallbeh\u00e4lter.<br \/>19. Sie k\u00f6nnen kostenlos vor dem Zaun oder im Hof \u200b\u200bparken! Lassen Sie den Eingang zum Garagentor immer frei! Bitte parken Sie nicht vor dem Garagentor, nebenan oder vor Ihrem Nachbarn. Wenn Sie vor\u00fcbergehend nicht mehr online sind, beenden Sie dies bitte so bald wie m\u00f6glich.<br \/><br \/><\/p>\r\n\r\n\r\n\r\n<p>&nbsp;<\/p>\r\n\r\n\r\n\r\n\r\n\r\n\r\n","protected":false},"excerpt":{"rendered":"","protected":false},"author":2,"featured_media":0,"parent":0,"menu_order":0,"comment_status":"closed","ping_status":"closed","template":"","meta":{"pagelayer_contact_templates":[],"_pagelayer_content":"","_monsterinsights_skip_tracking":false,"_monsterinsights_sitenote_active":false,"_monsterinsights_sitenote_note":"","_monsterinsights_sitenote_category":0,"footnotes":""},"class_list":["post-223","page","type-page","status-publish","hentry"],"yoast_head":"<!-- This site is optimized with the Yoast SEO plugin v27.5 - https:\/\/yoast.com\/product\/yoast-seo-wordpress\/ -->\n<title>Wellness-Politik<\/title>\n<meta name=\"robots\" content=\"index, follow, max-snippet:-1, max-image-preview:large, max-video-preview:-1\" \/>\n<link rel=\"canonical\" href=\"https:\/\/naturistland.hu\/de\/wellness-hazirend\/\" \/>\n<meta property=\"og:locale\" content=\"de_DE\" \/>\n<meta property=\"og:locale:alternate\" content=\"hu_HU\" \/>\n<meta property=\"og:locale:alternate\" content=\"en_US\" \/>\n<meta property=\"og:type\" content=\"article\" \/>\n<meta property=\"og:title\" content=\"Wellness-Politik\" \/>\n<meta property=\"og:url\" content=\"https:\/\/naturistland.hu\/de\/wellness-hazirend\/\" \/>\n<meta property=\"og:site_name\" content=\"Naturistland\" \/>\n<meta property=\"article:publisher\" content=\"https:\/\/facebook.com\/naturistland\" \/>\n<meta property=\"article:modified_time\" content=\"2023-12-22T19:53:12+00:00\" \/>\n<meta property=\"og:image\" content=\"https:\/\/naturistland.hu\/wp-content\/uploads\/2024\/01\/naturistland_op2.jpg\" \/>\n\t<meta property=\"og:image:width\" content=\"1429\" \/>\n\t<meta property=\"og:image:height\" content=\"803\" \/>\n\t<meta property=\"og:image:type\" content=\"image\/jpeg\" \/>\n<meta name=\"twitter:card\" content=\"summary_large_image\" \/>\n<meta name=\"twitter:label1\" content=\"Gesch\u00e4tzte Lesezeit\" \/>\n\t<meta name=\"twitter:data1\" content=\"4\u00a0Minuten\" \/>\n<script type=\"application\/ld+json\" class=\"yoast-schema-graph\">{\"@context\":\"https:\\\/\\\/schema.org\",\"@graph\":[{\"@type\":\"WebPage\",\"@id\":\"https:\\\/\\\/naturistland.hu\\\/wellness-hazirend\\\/\",\"url\":\"https:\\\/\\\/naturistland.hu\\\/wellness-hazirend\\\/\",\"name\":\"Wellness-Politik\",\"isPartOf\":{\"@id\":\"https:\\\/\\\/naturistland.hu\\\/#website\"},\"datePublished\":\"2023-10-26T10:40:26+00:00\",\"dateModified\":\"2023-12-22T19:53:12+00:00\",\"breadcrumb\":{\"@id\":\"https:\\\/\\\/naturistland.hu\\\/wellness-hazirend\\\/#breadcrumb\"},\"inLanguage\":\"de-DE\",\"potentialAction\":[{\"@type\":\"ReadAction\",\"target\":[\"https:\\\/\\\/naturistland.hu\\\/wellness-hazirend\\\/\"]}]},{\"@type\":\"BreadcrumbList\",\"@id\":\"https:\\\/\\\/naturistland.hu\\\/wellness-hazirend\\\/#breadcrumb\",\"itemListElement\":[{\"@type\":\"ListItem\",\"position\":1,\"name\":\"Home\",\"item\":\"https:\\\/\\\/naturistland.hu\\\/de\\\/\"},{\"@type\":\"ListItem\",\"position\":2,\"name\":\"Wellness h\u00e1zirend\"}]},{\"@type\":\"WebSite\",\"@id\":\"https:\\\/\\\/naturistland.hu\\\/#website\",\"url\":\"https:\\\/\\\/naturistland.hu\\\/\",\"name\":\"Naturistland\",\"description\":\"Naturista lehet\u0151s\u00e9gek priv\u00e1t k\u00f6rnyezetben\",\"publisher\":{\"@id\":\"https:\\\/\\\/naturistland.hu\\\/#organization\"},\"potentialAction\":[{\"@type\":\"SearchAction\",\"target\":{\"@type\":\"EntryPoint\",\"urlTemplate\":\"https:\\\/\\\/naturistland.hu\\\/?s={search_term_string}\"},\"query-input\":{\"@type\":\"PropertyValueSpecification\",\"valueRequired\":true,\"valueName\":\"search_term_string\"}}],\"inLanguage\":\"de-DE\"},{\"@type\":\"Organization\",\"@id\":\"https:\\\/\\\/naturistland.hu\\\/#organization\",\"name\":\"Naturistland\",\"url\":\"https:\\\/\\\/naturistland.hu\\\/\",\"logo\":{\"@type\":\"ImageObject\",\"inLanguage\":\"de-DE\",\"@id\":\"https:\\\/\\\/naturistland.hu\\\/#\\\/schema\\\/logo\\\/image\\\/\",\"url\":\"https:\\\/\\\/naturistland.hu\\\/wp-content\\\/uploads\\\/2023\\\/10\\\/cropped-cropped-nllogo.jpg\",\"contentUrl\":\"https:\\\/\\\/naturistland.hu\\\/wp-content\\\/uploads\\\/2023\\\/10\\\/cropped-cropped-nllogo.jpg\",\"width\":512,\"height\":512,\"caption\":\"Naturistland\"},\"image\":{\"@id\":\"https:\\\/\\\/naturistland.hu\\\/#\\\/schema\\\/logo\\\/image\\\/\"},\"sameAs\":[\"https:\\\/\\\/facebook.com\\\/naturistland\"]}]}<\/script>\n<!-- \/ Yoast SEO plugin. -->","yoast_head_json":{"title":"Wellness-Politik","robots":{"index":"index","follow":"follow","max-snippet":"max-snippet:-1","max-image-preview":"max-image-preview:large","max-video-preview":"max-video-preview:-1"},"canonical":"https:\/\/naturistland.hu\/de\/wellness-hazirend\/","og_locale":"de_DE","og_type":"article","og_title":"[:hu]Wellness h\u00e1zirend[:en]Wellness policy[:de]Wellness-Politik[:] - Naturistland","og_url":"https:\/\/naturistland.hu\/de\/wellness-hazirend\/","og_site_name":"Naturistland","article_publisher":"https:\/\/facebook.com\/naturistland","article_modified_time":"2023-12-22T19:53:12+00:00","og_image":[{"width":1429,"height":803,"url":"https:\/\/naturistland.hu\/wp-content\/uploads\/2024\/01\/naturistland_op2.jpg","type":"image\/jpeg"}],"twitter_card":"summary_large_image","twitter_misc":{"Gesch\u00e4tzte Lesezeit":"4\u00a0Minuten"},"schema":{"@context":"https:\/\/schema.org","@graph":[{"@type":"WebPage","@id":"https:\/\/naturistland.hu\/wellness-hazirend\/","url":"https:\/\/naturistland.hu\/wellness-hazirend\/","name":"Wellness-Politik","isPartOf":{"@id":"https:\/\/naturistland.hu\/#website"},"datePublished":"2023-10-26T10:40:26+00:00","dateModified":"2023-12-22T19:53:12+00:00","breadcrumb":{"@id":"https:\/\/naturistland.hu\/wellness-hazirend\/#breadcrumb"},"inLanguage":"de-DE","potentialAction":[{"@type":"ReadAction","target":["https:\/\/naturistland.hu\/wellness-hazirend\/"]}]},{"@type":"BreadcrumbList","@id":"https:\/\/naturistland.hu\/wellness-hazirend\/#breadcrumb","itemListElement":[{"@type":"ListItem","position":1,"name":"Home","item":"https:\/\/naturistland.hu\/de\/"},{"@type":"ListItem","position":2,"name":"Wellness h\u00e1zirend"}]},{"@type":"WebSite","@id":"https:\/\/naturistland.hu\/#website","url":"https:\/\/naturistland.hu\/","name":"Naturistland","description":"Naturista lehet\u0151s\u00e9gek priv\u00e1t k\u00f6rnyezetben","publisher":{"@id":"https:\/\/naturistland.hu\/#organization"},"potentialAction":[{"@type":"SearchAction","target":{"@type":"EntryPoint","urlTemplate":"https:\/\/naturistland.hu\/?s={search_term_string}"},"query-input":{"@type":"PropertyValueSpecification","valueRequired":true,"valueName":"search_term_string"}}],"inLanguage":"de-DE"},{"@type":"Organization","@id":"https:\/\/naturistland.hu\/#organization","name":"Naturistland","url":"https:\/\/naturistland.hu\/","logo":{"@type":"ImageObject","inLanguage":"de-DE","@id":"https:\/\/naturistland.hu\/#\/schema\/logo\/image\/","url":"https:\/\/naturistland.hu\/wp-content\/uploads\/2023\/10\/cropped-cropped-nllogo.jpg","contentUrl":"https:\/\/naturistland.hu\/wp-content\/uploads\/2023\/10\/cropped-cropped-nllogo.jpg","width":512,"height":512,"caption":"Naturistland"},"image":{"@id":"https:\/\/naturistland.hu\/#\/schema\/logo\/image\/"},"sameAs":["https:\/\/facebook.com\/naturistland"]}]}},"_links":{"self":[{"href":"https:\/\/naturistland.hu\/de\/wp-json\/wp\/v2\/pages\/223","targetHints":{"allow":["GET"]}}],"collection":[{"href":"https:\/\/naturistland.hu\/de\/wp-json\/wp\/v2\/pages"}],"about":[{"href":"https:\/\/naturistland.hu\/de\/wp-json\/wp\/v2\/types\/page"}],"author":[{"embeddable":true,"href":"https:\/\/naturistland.hu\/de\/wp-json\/wp\/v2\/users\/2"}],"replies":[{"embeddable":true,"href":"https:\/\/naturistland.hu\/de\/wp-json\/wp\/v2\/comments?post=223"}],"version-history":[{"count":9,"href":"https:\/\/naturistland.hu\/de\/wp-json\/wp\/v2\/pages\/223\/revisions"}],"predecessor-version":[{"id":680,"href":"https:\/\/naturistland.hu\/de\/wp-json\/wp\/v2\/pages\/223\/revisions\/680"}],"wp:attachment":[{"href":"https:\/\/naturistland.hu\/de\/wp-json\/wp\/v2\/media?parent=223"}],"curies":[{"name":"wp","href":"https:\/\/api.w.org\/{rel}","templated":true}]}}