{"id":226,"date":"2023-10-26T10:42:05","date_gmt":"2023-10-26T10:42:05","guid":{"rendered":"https:\/\/naturistland.hu\/test\/?page_id=226"},"modified":"2025-04-12T09:14:18","modified_gmt":"2025-04-12T09:14:18","slug":"zimmer","status":"publish","type":"page","link":"https:\/\/naturistland.hu\/de\/zimmer\/","title":{"rendered":"Apartman h\u00e1zirend"},"content":{"rendered":"\n\n\n<h2>Apartman h\u00e1zirend<\/h2>\n\n\n\n\n<p>Wir sind bestrebt, dass Sie sich w\u00e4hrend Ihres Urlaubs wohlf\u00fchlen. Wir werden unser Bestes tun, um sicherzustellen, dass keine Umst\u00e4nde Ihren Seelenfrieden st\u00f6ren. Sollten Sie trotz unserer Bem\u00fchungen eine St\u00f6rung bemerken, mit der Sie nicht zufrieden sind, wenden Sie sich bitte an den Gastgeber. Um den Zustand, die Ordnung und die Sauberkeit der Wohnung und der Einrichtung aufrechtzuerhalten, unterlassen Sie bitte alle T\u00e4tigkeiten, die Sie in den eigenen vier W\u00e4nden nicht durchf\u00fchren w\u00fcrden. Aufgrund dessen sind die G\u00e4ste der Ferienwohnung verpflichtet, die Hausordnung und die Regeln des menschlichen Zusammenlebens und zivilisierten Verhaltens zu beachten und zu akzeptieren.<\/p><p>1. Die Unterkunft steht Ihnen am Anreisetag ab 14:00 Uhr und am Abreisetag bis 10:00 Uhr zur Verf\u00fcgung. Weitere Optionen k\u00f6nnen nach vorheriger Absprache flexibel vereinbart werden.<\/p><p>2. Im \u00dcbernachtungspreis sind Nebenkosten und sonstige Nebenkosten, die Nutzung von Handt\u00fcchern und Bettw\u00e4sche, der w\u00f6chentliche Wechsel der Bettw\u00e4sche bei Aufenthalten von mehr als einer Woche sowie die Endreinigung im Rahmen der normalen Nutzung enthalten. Im Falle einer \u00fcber die normale Nutzung hinausgehenden Verschmutzung ist der Gastgeber berechtigt, zus\u00e4tzliche Reinigungskosten und Entsch\u00e4digungsgeb\u00fchren in Rechnung zu stellen.<\/p><p>3. Zahlungsm\u00f6glichkeiten: Barzahlung, Bank\u00fcberweisung. Akzeptierte W\u00e4hrungen: Forint (Ft)<span style=\"color: rgb(11, 18, 0);\">, Bitcoin (BTC)<\/span>&nbsp;und Euro. (\u20ac)<\/p><p>4. Bei Nichtreservierung der Unterkunft oder Abreise vor dem vereinbarten Zeitpunkt kann die Unterkunftsgeb\u00fchr nicht zur\u00fcckerstattet werden.<\/p><p>5. In der Wohnung bzw. in deren Bereich (Innenhof, Parkplatz) d\u00fcrfen sich nur angemeldete G\u00e4ste aufhalten, G\u00e4ste, die hier wohnen, d\u00fcrfen Fremde weder empfangen noch Zutritt gew\u00e4hren. Die Wohnung kann von maximal 2 Personen genutzt werden. Der Beherbergungsbetrieb ist berechtigt zu pr\u00fcfen, ob die Anzahl der in der Unterkunft \u00fcbernachtenden G\u00e4ste zul\u00e4ssig ist.<\/p><p>6. Haustiere sind in der Wohnung nicht gestattet!<\/p><p>7. Das Mitnehmen der Wohnungseinrichtung aus dem Haus ist verboten!<\/p><p>8. Das Tor kann von innen mit einem Schalter und von au\u00dfen mit dem angegebenen Code ge\u00f6ffnet werden. Es ist verboten, den Schl\u00fcssel auszuh\u00e4ndigen oder den Code an Fremde weiterzugeben.<\/p><p>9. Beim Verlassen der Wohnung m\u00fcssen die T\u00fcren und Fenster geschlossen sein, das Tor muss geschlossen sein.<\/p><p>10. Bei endg\u00fcltigem Verlassen der Unterkunft sind Beleuchtung, Heizung und Klimaanlage auszuschalten und die Schl\u00fcssel dem Gastgeber zu \u00fcbergeben. Bitte informieren Sie den Gastgeber vorab \u00fcber den voraussichtlichen Termin. Bei Verlassen der Wohnung oder danach hat der Gastgeber das Recht, die Verf\u00fcgbarkeit der Ausstattung der Wohnung zu pr\u00fcfen und bei unvollst\u00e4ndiger Ausstattung den Gast bis zum Eintreffen der Beh\u00f6rden festzuhalten.<\/p><p>11. F\u00fcr Sch\u00e4den, die durch unsachgem\u00e4\u00dfe Nutzung durch die G\u00e4ste entstehen, haften die G\u00e4ste finanziell, der Schaden ist direkt an den Beherbergungsbetrieb zu erstatten.<\/p><p>12. Ein Versto\u00df gegen die Richtlinien kann ein Verbot, den Diebstahl oder die Besch\u00e4digung von Gegenst\u00e4nden, polizeiliche oder andere Ma\u00dfnahmen zur Folge haben.<\/p><p>13. Im Falle eines Problems ist der Gastgeber berechtigt, eine Anzahlung in H\u00f6he von 200 \u20ac zu verlangen oder die Zimmerreservierung abzulehnen, wenn der Gast eine wiederholte Reservierung vornimmt.<\/p><p>14. Bei einem m\u00f6glichen Verlust der Schl\u00fcssel sind die G\u00e4ste verpflichtet, dies unverz\u00fcglich zu melden und dem Gastgeber die Kosten f\u00fcr den Schl\u00fcssel sowie den Ersatz des Schlosses zu erstatten.<br>15. Der Gastgeber \u00fcbernimmt keine Haftung f\u00fcr eventuelle Sachsch\u00e4den oder Unf\u00e4lle, die durch unsachgem\u00e4\u00dfen Gebrauch entstehen.<\/p><p>16. Die Nutzung der Klimaanlage (Klimaanlage) ist nur w\u00e4hrend des Aufenthalts in der Wohnung, hinter geschlossenen Fenstern und T\u00fcren gestattet.<\/p><p>17. Sollten w\u00e4hrend Ihres Aufenthaltes Probleme mit der Wohnung auftreten, benachrichtigen Sie bitte umgehend den Gastgeber. Nachtr\u00e4gliche Reklamationen k\u00f6nnen wir nicht akzeptieren!<\/p><p>18. Der Gastgeber \u00fcbernimmt keine Haftung f\u00fcr in der Unterkunft zur\u00fcckgelassene pers\u00f6nliche Wertgegenst\u00e4nde. (Um Ihre Wertgegenst\u00e4nde zu sch\u00fctzen, verschlie\u00dfen Sie bitte die Eingangst\u00fcr des Apartments mit einem Schl\u00fcssel.) Der Schutz von Wertsachen und zum Apartment geh\u00f6renden Gegenst\u00e4nden liegt in der Verantwortung des Gastes.<\/p><p>19. Bitte achten Sie auf Ordnung und Sauberkeit. Bitte hinterlassen Sie beim Verlassen der Wohnung kein ungewaschenes Geschirr bzw M\u00fcll. Wir behalten uns vor, eine zus\u00e4tzliche Endreinigungsgeb\u00fchr in H\u00f6he von 30 \u20ac zu erheben, wenn die K\u00fcchenutensilien bei der Abreise nicht ordnungsgem\u00e4\u00df gereinigt sind. Der M\u00fcll kann im M\u00fclleimer im Apartment gesammelt werden. Wenn es voll ist, werfen Sie es in den M\u00fclleimer im Garten und in die Sonderm\u00fcllsammler! Ein weiterer M\u00fcllsack kann beim Gastgeber angefordert werden.<\/p><p>20. Stellen Sie keine Metallbeh\u00e4lter in die Mikrowelle!<\/p><p>21. Es ist verboten, Damenbinden und andere verstopfende Gegenst\u00e4nde in die Toilette zu werfen! Der Gast ist zum Ersatz des dadurch entstehenden Schadens verpflichtet.<\/p><p>22. In der Wohnung ist das Rauchen strengstens untersagt! Das Rauchen kann auf der Stra\u00dfe oder im Hof \u200b\u200ban der daf\u00fcr vorgesehenen Stelle erfolgen!<\/p><p>23. Drogen und \u00fcberm\u00e4\u00dfiger Alkoholkonsum sind in der Wohnung verboten!<\/p><p>24. Der Eigent\u00fcmer muss unverz\u00fcglich \u00fcber einen Unfall, einen Brand oder ein anderes au\u00dfergew\u00f6hnliches Ereignis informiert werden.<\/p><p>25. Der Eigent\u00fcmer ist nicht in der Lage, f\u00fcr Sch\u00e4den, die durch Ereignisse entstehen, die er nicht zu vertreten hat (z. B. Naturkatastrophe, Hagel, Feuer, Stromausfall, Internetausfall usw.), die Verantwortung zu \u00fcbernehmen und Ersatz zu leisten.<\/p><p>26. Sie k\u00f6nnen kostenlos vor dem Zaun oder im Hof \u200b\u200bparken! Lassen Sie den Eingang zum Garagentor immer frei! Bitte parken Sie nicht vor dem Garagentor, nebenan oder vor Ihrem Nachbarn. Wenn Sie vor\u00fcbergehend nicht mehr online sind, beenden Sie dies bitte so bald wie m\u00f6glich.<\/p><p>27. Um die Ruhe der G\u00e4ste und Nachbarn zu gew\u00e4hrleisten, ist es zwischen 22:00 und 08:00 Uhr verboten, au\u00dferhalb der Wohnung L\u00e4rm zu machen, Musik zu machen oder Musik zu h\u00f6ren. Veranstaltungen und Partys sind in der Wohnung nicht gestattet!<\/p><p>28. Der Eigent\u00fcmer beh\u00e4lt sich das Recht vor, G\u00e4ste, die sich skandal\u00f6s verhalten und die Hausordnung nicht beachten, nicht aufzunehmen oder sie zum sofortigen Verlassen des G\u00e4stehauses aufzufordern.<\/p><p>29. Die Nutzung des Pools, der Sauna und des Gartens ist in Absprache mit dem Gastgeber m\u00f6glich, was einer bedingten gesonderten AGB zu entnehmen ist.<\/p><p>30. Im Bereich des Grundst\u00fccks (mit Ausnahme des Innenraums der Wohnung) ist ein Kamera\u00fcberwachungssystem in Betrieb, das Bilder aufzeichnet und speichert. Zweck der Kamera\u00fcberwachung ist der Schutz des Eigentums und der pers\u00f6nlichen Werte der G\u00e4ste, da die Aufdeckung von Verst\u00f6\u00dfen, die strafrechtliche Verfolgung des T\u00e4ters und die Verhinderung dieser rechtswidrigen Handlungen auf andere Weise nicht m\u00f6glich und deren Nachweis auch nicht m\u00f6glich ist jede andere Methode. Rechtsgrundlage f\u00fcr diese Datenverwaltung ist Ihre freiwillige Einwilligung. Sollten Sie trotz dieser Information den \u00fcberwachten Bereich des Grundst\u00fccks betreten, gilt Ihr Einverst\u00e4ndnis zur Aufzeichnung als erteilt.<\/p><br>\n\n\n\n\n\n\n","protected":false},"excerpt":{"rendered":"","protected":false},"author":2,"featured_media":0,"parent":0,"menu_order":0,"comment_status":"closed","ping_status":"closed","template":"","meta":{"pagelayer_contact_templates":[],"_pagelayer_content":"","_monsterinsights_skip_tracking":false,"_monsterinsights_sitenote_active":false,"_monsterinsights_sitenote_note":"","_monsterinsights_sitenote_category":0,"footnotes":""},"class_list":["post-226","page","type-page","status-publish","hentry"],"yoast_head":"<!-- This site is optimized with the Yoast SEO plugin v27.5 - https:\/\/yoast.com\/product\/yoast-seo-wordpress\/ -->\n<title>Apartman h\u00e1zirend<\/title>\n<meta name=\"description\" content=\"Eine komfortable, ruhige Wohnung in der Gartenstadt von Budapest zu vern\u00fcnftigen Preisen\" \/>\n<meta name=\"robots\" content=\"index, follow, max-snippet:-1, max-image-preview:large, max-video-preview:-1\" \/>\n<link rel=\"canonical\" href=\"https:\/\/naturistland.hu\/de\/zimmer\/\" \/>\n<meta property=\"og:locale\" content=\"de_DE\" \/>\n<meta property=\"og:locale:alternate\" content=\"hu_HU\" \/>\n<meta property=\"og:locale:alternate\" content=\"en_US\" \/>\n<meta property=\"og:type\" content=\"article\" \/>\n<meta property=\"og:title\" content=\"Apartman h\u00e1zirend\" \/>\n<meta property=\"og:description\" content=\"Eine komfortable, ruhige Wohnung in der Gartenstadt von Budapest zu vern\u00fcnftigen Preisen\" \/>\n<meta property=\"og:url\" content=\"https:\/\/naturistland.hu\/de\/zimmer\/\" \/>\n<meta property=\"og:site_name\" content=\"Naturistland\" \/>\n<meta property=\"article:publisher\" content=\"https:\/\/facebook.com\/naturistland\" \/>\n<meta property=\"article:modified_time\" content=\"2025-04-12T09:14:18+00:00\" \/>\n<meta property=\"og:image\" content=\"https:\/\/naturistland.hu\/wp-content\/uploads\/2024\/01\/naturistland_op2.jpg\" \/>\n\t<meta property=\"og:image:width\" content=\"1429\" \/>\n\t<meta property=\"og:image:height\" content=\"803\" \/>\n\t<meta property=\"og:image:type\" content=\"image\/jpeg\" \/>\n<meta name=\"twitter:card\" content=\"summary_large_image\" \/>\n<meta name=\"twitter:label1\" content=\"Gesch\u00e4tzte Lesezeit\" \/>\n\t<meta name=\"twitter:data1\" content=\"6\u00a0Minuten\" \/>\n<script type=\"application\/ld+json\" class=\"yoast-schema-graph\">{\"@context\":\"https:\\\/\\\/schema.org\",\"@graph\":[{\"@type\":\"WebPage\",\"@id\":\"https:\\\/\\\/naturistland.hu\\\/de\\\/zimmer\\\/\",\"url\":\"https:\\\/\\\/naturistland.hu\\\/de\\\/zimmer\\\/\",\"name\":\"Apartman h\u00e1zirend\",\"isPartOf\":{\"@id\":\"https:\\\/\\\/naturistland.hu\\\/#website\"},\"datePublished\":\"2023-10-26T10:42:05+00:00\",\"dateModified\":\"2025-04-12T09:14:18+00:00\",\"description\":\"Eine komfortable, ruhige Wohnung in der Gartenstadt von Budapest zu vern\u00fcnftigen Preisen\",\"breadcrumb\":{\"@id\":\"https:\\\/\\\/naturistland.hu\\\/de\\\/zimmer\\\/#breadcrumb\"},\"inLanguage\":\"de-DE\",\"potentialAction\":[{\"@type\":\"ReadAction\",\"target\":[\"https:\\\/\\\/naturistland.hu\\\/de\\\/zimmer\\\/\"]}]},{\"@type\":\"BreadcrumbList\",\"@id\":\"https:\\\/\\\/naturistland.hu\\\/de\\\/zimmer\\\/#breadcrumb\",\"itemListElement\":[{\"@type\":\"ListItem\",\"position\":1,\"name\":\"Home\",\"item\":\"https:\\\/\\\/naturistland.hu\\\/de\\\/\"},{\"@type\":\"ListItem\",\"position\":2,\"name\":\"Apartman h\u00e1zirend\"}]},{\"@type\":\"WebSite\",\"@id\":\"https:\\\/\\\/naturistland.hu\\\/#website\",\"url\":\"https:\\\/\\\/naturistland.hu\\\/\",\"name\":\"Naturistland\",\"description\":\"Naturista lehet\u0151s\u00e9gek priv\u00e1t k\u00f6rnyezetben\",\"publisher\":{\"@id\":\"https:\\\/\\\/naturistland.hu\\\/#organization\"},\"potentialAction\":[{\"@type\":\"SearchAction\",\"target\":{\"@type\":\"EntryPoint\",\"urlTemplate\":\"https:\\\/\\\/naturistland.hu\\\/?s={search_term_string}\"},\"query-input\":{\"@type\":\"PropertyValueSpecification\",\"valueRequired\":true,\"valueName\":\"search_term_string\"}}],\"inLanguage\":\"de-DE\"},{\"@type\":\"Organization\",\"@id\":\"https:\\\/\\\/naturistland.hu\\\/#organization\",\"name\":\"Naturistland\",\"url\":\"https:\\\/\\\/naturistland.hu\\\/\",\"logo\":{\"@type\":\"ImageObject\",\"inLanguage\":\"de-DE\",\"@id\":\"https:\\\/\\\/naturistland.hu\\\/#\\\/schema\\\/logo\\\/image\\\/\",\"url\":\"https:\\\/\\\/naturistland.hu\\\/wp-content\\\/uploads\\\/2023\\\/10\\\/cropped-cropped-nllogo.jpg\",\"contentUrl\":\"https:\\\/\\\/naturistland.hu\\\/wp-content\\\/uploads\\\/2023\\\/10\\\/cropped-cropped-nllogo.jpg\",\"width\":512,\"height\":512,\"caption\":\"Naturistland\"},\"image\":{\"@id\":\"https:\\\/\\\/naturistland.hu\\\/#\\\/schema\\\/logo\\\/image\\\/\"},\"sameAs\":[\"https:\\\/\\\/facebook.com\\\/naturistland\"]}]}<\/script>\n<!-- \/ Yoast SEO plugin. -->","yoast_head_json":{"title":"Apartman h\u00e1zirend","description":"Eine komfortable, ruhige Wohnung in der Gartenstadt von Budapest zu vern\u00fcnftigen Preisen","robots":{"index":"index","follow":"follow","max-snippet":"max-snippet:-1","max-image-preview":"max-image-preview:large","max-video-preview":"max-video-preview:-1"},"canonical":"https:\/\/naturistland.hu\/de\/zimmer\/","og_locale":"de_DE","og_type":"article","og_title":"[:hu]Apartman h\u00e1zirend[:en]Apartman h\u00e1zirend[:de]Apartman h\u00e1zirend[:] - Naturistland","og_description":"Eine komfortable, ruhige Wohnung in der Gartenstadt von Budapest zu vern\u00fcnftigen Preisen","og_url":"https:\/\/naturistland.hu\/de\/zimmer\/","og_site_name":"Naturistland","article_publisher":"https:\/\/facebook.com\/naturistland","article_modified_time":"2025-04-12T09:14:18+00:00","og_image":[{"width":1429,"height":803,"url":"https:\/\/naturistland.hu\/wp-content\/uploads\/2024\/01\/naturistland_op2.jpg","type":"image\/jpeg"}],"twitter_card":"summary_large_image","twitter_misc":{"Gesch\u00e4tzte Lesezeit":"6\u00a0Minuten"},"schema":{"@context":"https:\/\/schema.org","@graph":[{"@type":"WebPage","@id":"https:\/\/naturistland.hu\/de\/zimmer\/","url":"https:\/\/naturistland.hu\/de\/zimmer\/","name":"Apartman h\u00e1zirend","isPartOf":{"@id":"https:\/\/naturistland.hu\/#website"},"datePublished":"2023-10-26T10:42:05+00:00","dateModified":"2025-04-12T09:14:18+00:00","description":"Eine komfortable, ruhige Wohnung in der Gartenstadt von Budapest zu vern\u00fcnftigen Preisen","breadcrumb":{"@id":"https:\/\/naturistland.hu\/de\/zimmer\/#breadcrumb"},"inLanguage":"de-DE","potentialAction":[{"@type":"ReadAction","target":["https:\/\/naturistland.hu\/de\/zimmer\/"]}]},{"@type":"BreadcrumbList","@id":"https:\/\/naturistland.hu\/de\/zimmer\/#breadcrumb","itemListElement":[{"@type":"ListItem","position":1,"name":"Home","item":"https:\/\/naturistland.hu\/de\/"},{"@type":"ListItem","position":2,"name":"Apartman h\u00e1zirend"}]},{"@type":"WebSite","@id":"https:\/\/naturistland.hu\/#website","url":"https:\/\/naturistland.hu\/","name":"Naturistland","description":"Naturista lehet\u0151s\u00e9gek priv\u00e1t k\u00f6rnyezetben","publisher":{"@id":"https:\/\/naturistland.hu\/#organization"},"potentialAction":[{"@type":"SearchAction","target":{"@type":"EntryPoint","urlTemplate":"https:\/\/naturistland.hu\/?s={search_term_string}"},"query-input":{"@type":"PropertyValueSpecification","valueRequired":true,"valueName":"search_term_string"}}],"inLanguage":"de-DE"},{"@type":"Organization","@id":"https:\/\/naturistland.hu\/#organization","name":"Naturistland","url":"https:\/\/naturistland.hu\/","logo":{"@type":"ImageObject","inLanguage":"de-DE","@id":"https:\/\/naturistland.hu\/#\/schema\/logo\/image\/","url":"https:\/\/naturistland.hu\/wp-content\/uploads\/2023\/10\/cropped-cropped-nllogo.jpg","contentUrl":"https:\/\/naturistland.hu\/wp-content\/uploads\/2023\/10\/cropped-cropped-nllogo.jpg","width":512,"height":512,"caption":"Naturistland"},"image":{"@id":"https:\/\/naturistland.hu\/#\/schema\/logo\/image\/"},"sameAs":["https:\/\/facebook.com\/naturistland"]}]}},"_links":{"self":[{"href":"https:\/\/naturistland.hu\/de\/wp-json\/wp\/v2\/pages\/226","targetHints":{"allow":["GET"]}}],"collection":[{"href":"https:\/\/naturistland.hu\/de\/wp-json\/wp\/v2\/pages"}],"about":[{"href":"https:\/\/naturistland.hu\/de\/wp-json\/wp\/v2\/types\/page"}],"author":[{"embeddable":true,"href":"https:\/\/naturistland.hu\/de\/wp-json\/wp\/v2\/users\/2"}],"replies":[{"embeddable":true,"href":"https:\/\/naturistland.hu\/de\/wp-json\/wp\/v2\/comments?post=226"}],"version-history":[{"count":8,"href":"https:\/\/naturistland.hu\/de\/wp-json\/wp\/v2\/pages\/226\/revisions"}],"predecessor-version":[{"id":773,"href":"https:\/\/naturistland.hu\/de\/wp-json\/wp\/v2\/pages\/226\/revisions\/773"}],"wp:attachment":[{"href":"https:\/\/naturistland.hu\/de\/wp-json\/wp\/v2\/media?parent=226"}],"curies":[{"name":"wp","href":"https:\/\/api.w.org\/{rel}","templated":true}]}}