{"id":229,"date":"2023-10-26T10:44:29","date_gmt":"2023-10-26T10:44:29","guid":{"rendered":"https:\/\/naturistland.hu\/test\/?page_id=229"},"modified":"2023-10-26T11:39:39","modified_gmt":"2023-10-26T11:39:39","slug":"kert-hazirend","status":"publish","type":"page","link":"https:\/\/naturistland.hu\/de\/kert-hazirend\/","title":{"rendered":"Gardenpolitik"},"content":{"rendered":"\r\n\r\n\r\n\r\n\r\n\r\n\r\n<h1>Gardenpolitik<\/h1>\r\n\r\n\r\n\r\n\r\n\r\n\r\n\r\n<p><span style=\"color: #070606;\">1. Der Garten ist Privatbereich des Gastgebers, daher beh\u00e4lt sich der Gastgeber das Recht vor, die Nutzung des Bereichs ohne Angabe von Gr\u00fcnden zu verweigern. G\u00e4ste d\u00fcrfen sich nur mit Zustimmung des Eigent\u00fcmers in der Gegend aufhalten.<br \/>2. Der Garten ist ein FKK-Bereich. Badekleidung ist nicht erlaubt! Wenn Nacktheit f\u00fcr Sie ein Problem darstellt, verwenden Sie bitte ein Strandtuch oder ein Handtuch.<br \/>3. Sexuelle Aktivit\u00e4ten jeglicher Art sind im Gartenbereich strengstens untersagt, in einem solchen Fall hat der Eigent\u00fcmer das Recht, den Gast unter Androhung des Verbots zum sofortigen Verlassen zu zwingen! In diesem Fall erfolgt keine R\u00fcckerstattung des gezahlten Betrages!<br \/>4. Bitte achten Sie auf Ordnung und Sauberkeit und achten Sie besonders auf die Hygiene.<br \/>5. Die G\u00e4ste haften finanziell f\u00fcr den Schaden, der durch die unsachgem\u00e4\u00dfe Nutzung durch die G\u00e4ste entsteht, der Schaden ist direkt dem Eigent\u00fcmer zu erstatten.<br \/>6. Das Mitbringen von Haustieren ist verboten.<br \/>7. Die Benutzung von Gartenger\u00e4ten erfolgt ausschlie\u00dflich auf eigene Gefahr. Im Falle eines Unfalls schlie\u00dft der Gastgeber eine Haftung aus, was der Gast mit dem Betreten anerkennt. Der Gastgeber haftet nicht f\u00fcr Sachsch\u00e4den oder Unf\u00e4lle, die durch unsachgem\u00e4\u00dfen Gebrauch entstehen.<br \/>8. Sollten w\u00e4hrend Ihres Aufenthalts Probleme mit der Ausr\u00fcstung auftreten, benachrichtigen Sie bitte umgehend den Eigent\u00fcmer. Nachtr\u00e4gliche Reklamationen k\u00f6nnen wir nicht akzeptieren!<br \/>9. Drogen und \u00fcberm\u00e4\u00dfiger Alkoholkonsum sind in der Gegend verboten!<br \/>10. Der Eigent\u00fcmer ist \u00fcber einen Unfall, einen Brand oder ein anderes au\u00dfergew\u00f6hnliches Ereignis unverz\u00fcglich zu informieren.<br \/>11. Der Eigent\u00fcmer ist nicht in der Lage, f\u00fcr Sch\u00e4den einzutreten und Ersatz zu leisten, die auf Ereignisse zur\u00fcckzuf\u00fchren sind, die er nicht zu vertreten hat (z. B. Naturkatastrophen, Hagel, Feuer, Stromausf\u00e4lle, Internetausf\u00e4lle usw.).<br \/>12. Die Wasserspiele im Garten (Dusche, Kondensatableiter) funktionieren nur im Sommer, im Winter sind sie wegen Frost blockiert. Wenn Sie diese nutzen m\u00f6chten, sprechen Sie bitte mit dem Gastgeber, der Ihnen gerne die Nutzung zeigt.<br \/>13. Bitte hinterlassen Sie keine Abf\u00e4lle im Garten. Bitte sammeln Sie beim Essen alle Reste und Abf\u00e4lle ein und werfen Sie diese in den entsprechenden Abfallbeh\u00e4lter (Kompostbeh\u00e4lter, Sonderm\u00fclltonne, M\u00fclltonne).<br \/>14. Sie k\u00f6nnen kostenlos vor dem Zaun oder im Hof \u200b\u200bparken! Lassen Sie den Eingang zum Garagentor immer frei! Bitte parken Sie nicht vor dem Garagentor, nebenan oder vor Ihrem Nachbarn. Wenn Sie vor\u00fcbergehend nicht mehr online sind, beenden Sie dies bitte so bald wie m\u00f6glich.<\/span><\/p>\r\n\r\n\r\n\r\n\r\n\r\n\r\n","protected":false},"excerpt":{"rendered":"","protected":false},"author":2,"featured_media":0,"parent":0,"menu_order":0,"comment_status":"closed","ping_status":"closed","template":"","meta":{"pagelayer_contact_templates":[],"_pagelayer_content":"","_monsterinsights_skip_tracking":false,"_monsterinsights_sitenote_active":false,"_monsterinsights_sitenote_note":"","_monsterinsights_sitenote_category":0,"footnotes":""},"class_list":["post-229","page","type-page","status-publish","hentry"],"yoast_head":"<!-- This site is optimized with the Yoast SEO plugin v27.5 - https:\/\/yoast.com\/product\/yoast-seo-wordpress\/ -->\n<title>Gardenpolitik<\/title>\n<meta name=\"robots\" content=\"index, follow, max-snippet:-1, max-image-preview:large, max-video-preview:-1\" \/>\n<link rel=\"canonical\" href=\"https:\/\/naturistland.hu\/de\/kert-hazirend\/\" \/>\n<meta property=\"og:locale\" content=\"de_DE\" \/>\n<meta property=\"og:locale:alternate\" content=\"hu_HU\" \/>\n<meta property=\"og:locale:alternate\" content=\"en_US\" \/>\n<meta property=\"og:type\" content=\"article\" \/>\n<meta property=\"og:title\" content=\"Gardenpolitik\" \/>\n<meta property=\"og:url\" content=\"https:\/\/naturistland.hu\/de\/kert-hazirend\/\" \/>\n<meta property=\"og:site_name\" content=\"Naturistland\" \/>\n<meta property=\"article:publisher\" content=\"https:\/\/facebook.com\/naturistland\" \/>\n<meta property=\"article:modified_time\" content=\"2023-10-26T11:39:39+00:00\" \/>\n<meta property=\"og:image\" content=\"https:\/\/naturistland.hu\/wp-content\/uploads\/2024\/01\/naturistland_op2.jpg\" \/>\n\t<meta property=\"og:image:width\" content=\"1429\" \/>\n\t<meta property=\"og:image:height\" content=\"803\" \/>\n\t<meta property=\"og:image:type\" content=\"image\/jpeg\" \/>\n<meta name=\"twitter:card\" content=\"summary_large_image\" \/>\n<meta name=\"twitter:label1\" content=\"Gesch\u00e4tzte Lesezeit\" \/>\n\t<meta name=\"twitter:data1\" content=\"3\u00a0Minuten\" \/>\n<script type=\"application\/ld+json\" class=\"yoast-schema-graph\">{\"@context\":\"https:\\\/\\\/schema.org\",\"@graph\":[{\"@type\":\"WebPage\",\"@id\":\"https:\\\/\\\/naturistland.hu\\\/kert-hazirend\\\/\",\"url\":\"https:\\\/\\\/naturistland.hu\\\/kert-hazirend\\\/\",\"name\":\"Gardenpolitik\",\"isPartOf\":{\"@id\":\"https:\\\/\\\/naturistland.hu\\\/#website\"},\"datePublished\":\"2023-10-26T10:44:29+00:00\",\"dateModified\":\"2023-10-26T11:39:39+00:00\",\"breadcrumb\":{\"@id\":\"https:\\\/\\\/naturistland.hu\\\/kert-hazirend\\\/#breadcrumb\"},\"inLanguage\":\"de-DE\",\"potentialAction\":[{\"@type\":\"ReadAction\",\"target\":[\"https:\\\/\\\/naturistland.hu\\\/kert-hazirend\\\/\"]}]},{\"@type\":\"BreadcrumbList\",\"@id\":\"https:\\\/\\\/naturistland.hu\\\/kert-hazirend\\\/#breadcrumb\",\"itemListElement\":[{\"@type\":\"ListItem\",\"position\":1,\"name\":\"Home\",\"item\":\"https:\\\/\\\/naturistland.hu\\\/de\\\/\"},{\"@type\":\"ListItem\",\"position\":2,\"name\":\"Kert h\u00e1zirend\"}]},{\"@type\":\"WebSite\",\"@id\":\"https:\\\/\\\/naturistland.hu\\\/#website\",\"url\":\"https:\\\/\\\/naturistland.hu\\\/\",\"name\":\"Naturistland\",\"description\":\"Naturista lehet\u0151s\u00e9gek priv\u00e1t k\u00f6rnyezetben\",\"publisher\":{\"@id\":\"https:\\\/\\\/naturistland.hu\\\/#organization\"},\"potentialAction\":[{\"@type\":\"SearchAction\",\"target\":{\"@type\":\"EntryPoint\",\"urlTemplate\":\"https:\\\/\\\/naturistland.hu\\\/?s={search_term_string}\"},\"query-input\":{\"@type\":\"PropertyValueSpecification\",\"valueRequired\":true,\"valueName\":\"search_term_string\"}}],\"inLanguage\":\"de-DE\"},{\"@type\":\"Organization\",\"@id\":\"https:\\\/\\\/naturistland.hu\\\/#organization\",\"name\":\"Naturistland\",\"url\":\"https:\\\/\\\/naturistland.hu\\\/\",\"logo\":{\"@type\":\"ImageObject\",\"inLanguage\":\"de-DE\",\"@id\":\"https:\\\/\\\/naturistland.hu\\\/#\\\/schema\\\/logo\\\/image\\\/\",\"url\":\"https:\\\/\\\/naturistland.hu\\\/wp-content\\\/uploads\\\/2023\\\/10\\\/cropped-cropped-nllogo.jpg\",\"contentUrl\":\"https:\\\/\\\/naturistland.hu\\\/wp-content\\\/uploads\\\/2023\\\/10\\\/cropped-cropped-nllogo.jpg\",\"width\":512,\"height\":512,\"caption\":\"Naturistland\"},\"image\":{\"@id\":\"https:\\\/\\\/naturistland.hu\\\/#\\\/schema\\\/logo\\\/image\\\/\"},\"sameAs\":[\"https:\\\/\\\/facebook.com\\\/naturistland\"]}]}<\/script>\n<!-- \/ Yoast SEO plugin. -->","yoast_head_json":{"title":"Gardenpolitik","robots":{"index":"index","follow":"follow","max-snippet":"max-snippet:-1","max-image-preview":"max-image-preview:large","max-video-preview":"max-video-preview:-1"},"canonical":"https:\/\/naturistland.hu\/de\/kert-hazirend\/","og_locale":"de_DE","og_type":"article","og_title":"[:en]Garden policy[:hu]Kert h\u00e1zirend[:de]Gardenpolitik[:] - Naturistland","og_url":"https:\/\/naturistland.hu\/de\/kert-hazirend\/","og_site_name":"Naturistland","article_publisher":"https:\/\/facebook.com\/naturistland","article_modified_time":"2023-10-26T11:39:39+00:00","og_image":[{"width":1429,"height":803,"url":"https:\/\/naturistland.hu\/wp-content\/uploads\/2024\/01\/naturistland_op2.jpg","type":"image\/jpeg"}],"twitter_card":"summary_large_image","twitter_misc":{"Gesch\u00e4tzte Lesezeit":"3\u00a0Minuten"},"schema":{"@context":"https:\/\/schema.org","@graph":[{"@type":"WebPage","@id":"https:\/\/naturistland.hu\/kert-hazirend\/","url":"https:\/\/naturistland.hu\/kert-hazirend\/","name":"Gardenpolitik","isPartOf":{"@id":"https:\/\/naturistland.hu\/#website"},"datePublished":"2023-10-26T10:44:29+00:00","dateModified":"2023-10-26T11:39:39+00:00","breadcrumb":{"@id":"https:\/\/naturistland.hu\/kert-hazirend\/#breadcrumb"},"inLanguage":"de-DE","potentialAction":[{"@type":"ReadAction","target":["https:\/\/naturistland.hu\/kert-hazirend\/"]}]},{"@type":"BreadcrumbList","@id":"https:\/\/naturistland.hu\/kert-hazirend\/#breadcrumb","itemListElement":[{"@type":"ListItem","position":1,"name":"Home","item":"https:\/\/naturistland.hu\/de\/"},{"@type":"ListItem","position":2,"name":"Kert h\u00e1zirend"}]},{"@type":"WebSite","@id":"https:\/\/naturistland.hu\/#website","url":"https:\/\/naturistland.hu\/","name":"Naturistland","description":"Naturista lehet\u0151s\u00e9gek priv\u00e1t k\u00f6rnyezetben","publisher":{"@id":"https:\/\/naturistland.hu\/#organization"},"potentialAction":[{"@type":"SearchAction","target":{"@type":"EntryPoint","urlTemplate":"https:\/\/naturistland.hu\/?s={search_term_string}"},"query-input":{"@type":"PropertyValueSpecification","valueRequired":true,"valueName":"search_term_string"}}],"inLanguage":"de-DE"},{"@type":"Organization","@id":"https:\/\/naturistland.hu\/#organization","name":"Naturistland","url":"https:\/\/naturistland.hu\/","logo":{"@type":"ImageObject","inLanguage":"de-DE","@id":"https:\/\/naturistland.hu\/#\/schema\/logo\/image\/","url":"https:\/\/naturistland.hu\/wp-content\/uploads\/2023\/10\/cropped-cropped-nllogo.jpg","contentUrl":"https:\/\/naturistland.hu\/wp-content\/uploads\/2023\/10\/cropped-cropped-nllogo.jpg","width":512,"height":512,"caption":"Naturistland"},"image":{"@id":"https:\/\/naturistland.hu\/#\/schema\/logo\/image\/"},"sameAs":["https:\/\/facebook.com\/naturistland"]}]}},"_links":{"self":[{"href":"https:\/\/naturistland.hu\/de\/wp-json\/wp\/v2\/pages\/229","targetHints":{"allow":["GET"]}}],"collection":[{"href":"https:\/\/naturistland.hu\/de\/wp-json\/wp\/v2\/pages"}],"about":[{"href":"https:\/\/naturistland.hu\/de\/wp-json\/wp\/v2\/types\/page"}],"author":[{"embeddable":true,"href":"https:\/\/naturistland.hu\/de\/wp-json\/wp\/v2\/users\/2"}],"replies":[{"embeddable":true,"href":"https:\/\/naturistland.hu\/de\/wp-json\/wp\/v2\/comments?post=229"}],"version-history":[{"count":10,"href":"https:\/\/naturistland.hu\/de\/wp-json\/wp\/v2\/pages\/229\/revisions"}],"predecessor-version":[{"id":256,"href":"https:\/\/naturistland.hu\/de\/wp-json\/wp\/v2\/pages\/229\/revisions\/256"}],"wp:attachment":[{"href":"https:\/\/naturistland.hu\/de\/wp-json\/wp\/v2\/media?parent=229"}],"curies":[{"name":"wp","href":"https:\/\/api.w.org\/{rel}","templated":true}]}}