{"id":39,"date":"2023-10-25T14:03:00","date_gmt":"2023-10-25T14:03:00","guid":{"rendered":"https:\/\/naturistland.hu\/test\/home\/"},"modified":"2025-10-16T07:52:29","modified_gmt":"2025-10-16T07:52:29","slug":"home","status":"publish","type":"page","link":"https:\/\/naturistland.hu\/de\/","title":{"rendered":"Home"},"content":{"rendered":"\r\n\r\n\r\n<h6>Wenn Sie ein FKK-Bad, eine Sauna oder ein Sonnenbad nehmen m\u00f6chten, freuen wir uns darauf, Sie an einem angenehmen privaten Ort in famili\u00e4rer Umgebung in Budapest begr\u00fc\u00dfen zu d\u00fcrfen.<\/h6>\r\n<p><strong style=\"color: rgb(255, 255, 0);\">Achtung: Der Standort ist nicht f\u00fcr die \u00d6ffentlichkeit zug\u00e4nglich!<\/strong><\/p>\r\n\r\n<p><b>Was wir bieten k\u00f6nnen<\/b><strong>:<\/strong><br>&#8211; gem\u00fctliche, famili\u00e4re Atmosph\u00e4re,<\/p><p>&#8211; 9-m-Schwimmbecken (+Sprudelbecken, Whirlpool, Unterwassermassage),<\/p><p>&#8211; 4-Personen-Sauna mit Farbtherapie, &#8211; Ruhebereich,<\/p><p>&#8211; M\u00f6glichkeit zum Sonnenbaden im Garten, der von den Nachbarn nicht gesehen wird<\/p><p>&#8211; garantiert badebekleidungsfreier Bereich.<\/p>\r\n\r\n<p>Bp., XVI. Bezirk (3 H\u00c9V-Haltestellen von \u00d6rs vez\u00e9r tere).<\/p>\r\n<p>Gelegentlich k\u00f6nnen wir maximal 8-10 Personen beherbergen. (Gegebenenfalls kann es auch f\u00fcr eine Gruppe gemietet werden, aber auf jeden Fall mit einem kontrollierten Kundenkreis.) Sollten Sie trotzdem nicht online gehen k\u00f6nnen, ist das kein Problem, bitte bewerben Sie sich in diesem Fall einfach, damit sich auch andere bewerben k\u00f6nnen, und damit wir wissen, wer tats\u00e4chlich kommt. Bei einmaliger Hauptanmeldung behalten wir uns vor, den Termin abzusagen.<\/p>\r\n<p>Bringen Sie einfach ein Handtuch und Hausschuhe mit und lassen Sie Ihre Badesachen zu Hause im Schrank.<\/p>\r\n<p>Melden Sie sich auf der Seite \u201eTermine\u201c an oder schreiben Sie eine E-Mail.<\/p>\r\n\r\n\r\n\r\n\r\n\r\n<h3>A helysz\u00edn<\/h3>\r\n\r\n\r\n<h3>Kapcsolat<\/h3>\r\n\r\n\r\n\r\n\r\n<h4>Id\u0151pontok<\/h4>\r\n\r\n\r\n<h4>H\u00edrek<\/h4>\r\n\r\n\r\n\r\n\r\n<h4>Apartman<\/h4>\r\n\r\n\r\n<h4>H\u00e1zirend<\/h4>\r\n\r\n\r\n\r\n\r\n\r\n\r\n<h2>We Are the Saviours Of Plants<\/h2>\r\n\r\n\r\n\r\n\r\n<p style=\"color: #bbbbbb;\">E<span style=\"color: #888888;\">l\u0151nyben r\u00e9szes\u00edtj\u00fck a term\u00e9szetes \u00e9letm\u00f3dot \u00e9s szelekt\u00edven gy\u0171jtj\u00fck a hullad\u00e9kot.<\/span><\/p>\r\n\r\n\r\n\r\n\r\n<p style=\"color: #888888;\">A medenc\u00e9t napkollektorral f\u0171tj\u00fck \u00e9s a melegv\u00edz el\u0151\u00e1ll\u00edt\u00e1sa is napenergi\u00e1val t\u00f6rt\u00e9nik.<\/p>\r\n\r\n\r\n\r\n\r\n<p style=\"color: #888888;\">Alacsony energiafogyaszt\u00e1s\u00fa ledes vil\u00e1g\u00edt\u00e1sokat haszn\u00e1lunk<\/p>\r\n\r\n\r\n\r\n\r\n<p style=\"color: #888888;\">A villamos energi\u00e1t napelemekkel \u00e1ll\u00edtjuk el\u0151.<\/p>\r\n\r\n\r\n\r\n\r\n\r\n\r\n\r\n\r\n<h2>H\u00edrek<\/h2>\r\n\r\n\r\n\r\n\r\n<p>Elk\u00e9sz\u00fclt a mini apartmanunk, ahol m\u00e1r sz\u00e1ll\u00e1st is foglalhattok. <br \/>2 f\u0151re egy \u00e9j 49\u20ac.<\/p>\r\n\r\n\r\n\r\n\r\n<p>Elk\u00e9sz\u00fclt a kerti zuhany \u00e9s a p\u00e1rakapu, amit ny\u00e1ron biztos fogtok tudni \u00e9lvezni.<\/p>\r\n\r\n\r\n\r\n\r\n<p>Tervezt\u00fcnk egy \u00faj logot, rem\u00e9lj\u00fck, jobban tetszik, mint a r\u00e9gi<\/p>\r\n\r\n\r\n\r\n\r\n","protected":false},"excerpt":{"rendered":"","protected":false},"author":1,"featured_media":0,"parent":0,"menu_order":0,"comment_status":"closed","ping_status":"closed","template":"","meta":{"pagelayer_contact_templates":[],"_pagelayer_content":"","_monsterinsights_skip_tracking":false,"_monsterinsights_sitenote_active":false,"_monsterinsights_sitenote_note":"","_monsterinsights_sitenote_category":0,"footnotes":""},"class_list":["post-39","page","type-page","status-publish","hentry"],"yoast_head":"<!-- This site is optimized with the Yoast SEO plugin v27.4 - https:\/\/yoast.com\/product\/yoast-seo-wordpress\/ -->\n<title>Naturistland - Naturista lehet\u0151s\u00e9gek priv\u00e1t k\u00f6rnyezetben<\/title>\n<meta name=\"description\" content=\"Naturist resort, privat sauna &amp; wellness in Budapest - Naturista sz\u00e1ll\u00e1s \u00e9s szauna Budapesten\" \/>\n<meta name=\"robots\" content=\"index, follow, max-snippet:-1, max-image-preview:large, max-video-preview:-1\" \/>\n<link rel=\"canonical\" href=\"https:\/\/naturistland.hu\/de\/\" \/>\n<meta property=\"og:locale\" content=\"de_DE\" \/>\n<meta property=\"og:locale:alternate\" content=\"hu_HU\" \/>\n<meta property=\"og:locale:alternate\" content=\"en_US\" \/>\n<meta property=\"og:type\" content=\"article\" \/>\n<meta property=\"og:title\" content=\"Naturistland - Naturista lehet\u0151s\u00e9gek priv\u00e1t k\u00f6rnyezetben\" \/>\n<meta property=\"og:description\" content=\"Priv\u00e1t naturista szauna, wellness, FKK apartman, sz\u00e1ll\u00e1s.\" \/>\n<meta property=\"og:url\" content=\"https:\/\/naturistland.hu\/de\/\" \/>\n<meta property=\"og:site_name\" content=\"Naturistland\" \/>\n<meta property=\"article:publisher\" content=\"https:\/\/facebook.com\/naturistland\" \/>\n<meta property=\"article:modified_time\" content=\"2025-10-16T07:52:29+00:00\" \/>\n<meta property=\"og:image\" content=\"https:\/\/naturistland.hu\/wp-content\/uploads\/2024\/01\/naturistland_op.jpg\" \/>\n\t<meta property=\"og:image:width\" content=\"985\" \/>\n\t<meta property=\"og:image:height\" content=\"983\" \/>\n\t<meta property=\"og:image:type\" content=\"image\/jpeg\" \/>\n<meta name=\"twitter:card\" content=\"summary_large_image\" \/>\n<meta name=\"twitter:label1\" content=\"Gesch\u00e4tzte Lesezeit\" \/>\n\t<meta name=\"twitter:data1\" content=\"2\u00a0Minuten\" \/>\n<script type=\"application\/ld+json\" class=\"yoast-schema-graph\">{\"@context\":\"https:\\\/\\\/schema.org\",\"@graph\":[{\"@type\":\"WebPage\",\"@id\":\"https:\\\/\\\/naturistland.hu\\\/\",\"url\":\"https:\\\/\\\/naturistland.hu\\\/\",\"name\":\"Naturistland - Naturista lehet\u0151s\u00e9gek priv\u00e1t k\u00f6rnyezetben\",\"isPartOf\":{\"@id\":\"https:\\\/\\\/naturistland.hu\\\/#website\"},\"datePublished\":\"2023-10-25T14:03:00+00:00\",\"dateModified\":\"2025-10-16T07:52:29+00:00\",\"description\":\"Priv\u00e1t naturista szauna, wellness, FKK apartman, sz\u00e1ll\u00e1s.\",\"breadcrumb\":{\"@id\":\"https:\\\/\\\/naturistland.hu\\\/#breadcrumb\"},\"inLanguage\":\"de-DE\",\"potentialAction\":[{\"@type\":\"ReadAction\",\"target\":[\"https:\\\/\\\/naturistland.hu\\\/\"]}]},{\"@type\":\"BreadcrumbList\",\"@id\":\"https:\\\/\\\/naturistland.hu\\\/#breadcrumb\",\"itemListElement\":[{\"@type\":\"ListItem\",\"position\":1,\"name\":\"Home\",\"item\":\"https:\\\/\\\/naturistland.hu\\\/\"},{\"@type\":\"ListItem\",\"position\":2,\"name\":\"Home\"}]},{\"@type\":\"WebSite\",\"@id\":\"https:\\\/\\\/naturistland.hu\\\/#website\",\"url\":\"https:\\\/\\\/naturistland.hu\\\/\",\"name\":\"Naturistland\",\"description\":\"Naturista lehet\u0151s\u00e9gek priv\u00e1t k\u00f6rnyezetben\",\"publisher\":{\"@id\":\"https:\\\/\\\/naturistland.hu\\\/#organization\"},\"potentialAction\":[{\"@type\":\"SearchAction\",\"target\":{\"@type\":\"EntryPoint\",\"urlTemplate\":\"https:\\\/\\\/naturistland.hu\\\/?s={search_term_string}\"},\"query-input\":{\"@type\":\"PropertyValueSpecification\",\"valueRequired\":true,\"valueName\":\"search_term_string\"}}],\"inLanguage\":\"de-DE\"},{\"@type\":\"Organization\",\"@id\":\"https:\\\/\\\/naturistland.hu\\\/#organization\",\"name\":\"Naturistland\",\"url\":\"https:\\\/\\\/naturistland.hu\\\/\",\"logo\":{\"@type\":\"ImageObject\",\"inLanguage\":\"de-DE\",\"@id\":\"https:\\\/\\\/naturistland.hu\\\/#\\\/schema\\\/logo\\\/image\\\/\",\"url\":\"https:\\\/\\\/naturistland.hu\\\/wp-content\\\/uploads\\\/2023\\\/10\\\/cropped-cropped-nllogo.jpg\",\"contentUrl\":\"https:\\\/\\\/naturistland.hu\\\/wp-content\\\/uploads\\\/2023\\\/10\\\/cropped-cropped-nllogo.jpg\",\"width\":512,\"height\":512,\"caption\":\"Naturistland\"},\"image\":{\"@id\":\"https:\\\/\\\/naturistland.hu\\\/#\\\/schema\\\/logo\\\/image\\\/\"},\"sameAs\":[\"https:\\\/\\\/facebook.com\\\/naturistland\"]}]}<\/script>\n<!-- \/ Yoast SEO plugin. -->","yoast_head_json":{"title":"Naturistland - Naturista lehet\u0151s\u00e9gek priv\u00e1t k\u00f6rnyezetben","description":"Naturist resort, privat sauna & wellness in Budapest - Naturista sz\u00e1ll\u00e1s \u00e9s szauna Budapesten","robots":{"index":"index","follow":"follow","max-snippet":"max-snippet:-1","max-image-preview":"max-image-preview:large","max-video-preview":"max-video-preview:-1"},"canonical":"https:\/\/naturistland.hu\/de\/","og_locale":"de_DE","og_type":"article","og_title":"Naturistland - Naturista lehet\u0151s\u00e9gek priv\u00e1t k\u00f6rnyezetben","og_description":"Priv\u00e1t naturista szauna, wellness, FKK apartman, sz\u00e1ll\u00e1s.","og_url":"https:\/\/naturistland.hu\/de\/","og_site_name":"Naturistland","article_publisher":"https:\/\/facebook.com\/naturistland","article_modified_time":"2025-10-16T07:52:29+00:00","og_image":[{"width":985,"height":983,"url":"https:\/\/naturistland.hu\/wp-content\/uploads\/2024\/01\/naturistland_op.jpg","type":"image\/jpeg"}],"twitter_card":"summary_large_image","twitter_misc":{"Gesch\u00e4tzte Lesezeit":"2\u00a0Minuten"},"schema":{"@context":"https:\/\/schema.org","@graph":[{"@type":"WebPage","@id":"https:\/\/naturistland.hu\/","url":"https:\/\/naturistland.hu\/","name":"Naturistland - Naturista lehet\u0151s\u00e9gek priv\u00e1t k\u00f6rnyezetben","isPartOf":{"@id":"https:\/\/naturistland.hu\/#website"},"datePublished":"2023-10-25T14:03:00+00:00","dateModified":"2025-10-16T07:52:29+00:00","description":"Priv\u00e1t naturista szauna, wellness, FKK apartman, sz\u00e1ll\u00e1s.","breadcrumb":{"@id":"https:\/\/naturistland.hu\/#breadcrumb"},"inLanguage":"de-DE","potentialAction":[{"@type":"ReadAction","target":["https:\/\/naturistland.hu\/"]}]},{"@type":"BreadcrumbList","@id":"https:\/\/naturistland.hu\/#breadcrumb","itemListElement":[{"@type":"ListItem","position":1,"name":"Home","item":"https:\/\/naturistland.hu\/"},{"@type":"ListItem","position":2,"name":"Home"}]},{"@type":"WebSite","@id":"https:\/\/naturistland.hu\/#website","url":"https:\/\/naturistland.hu\/","name":"Naturistland","description":"Naturista lehet\u0151s\u00e9gek priv\u00e1t k\u00f6rnyezetben","publisher":{"@id":"https:\/\/naturistland.hu\/#organization"},"potentialAction":[{"@type":"SearchAction","target":{"@type":"EntryPoint","urlTemplate":"https:\/\/naturistland.hu\/?s={search_term_string}"},"query-input":{"@type":"PropertyValueSpecification","valueRequired":true,"valueName":"search_term_string"}}],"inLanguage":"de-DE"},{"@type":"Organization","@id":"https:\/\/naturistland.hu\/#organization","name":"Naturistland","url":"https:\/\/naturistland.hu\/","logo":{"@type":"ImageObject","inLanguage":"de-DE","@id":"https:\/\/naturistland.hu\/#\/schema\/logo\/image\/","url":"https:\/\/naturistland.hu\/wp-content\/uploads\/2023\/10\/cropped-cropped-nllogo.jpg","contentUrl":"https:\/\/naturistland.hu\/wp-content\/uploads\/2023\/10\/cropped-cropped-nllogo.jpg","width":512,"height":512,"caption":"Naturistland"},"image":{"@id":"https:\/\/naturistland.hu\/#\/schema\/logo\/image\/"},"sameAs":["https:\/\/facebook.com\/naturistland"]}]}},"_links":{"self":[{"href":"https:\/\/naturistland.hu\/de\/wp-json\/wp\/v2\/pages\/39","targetHints":{"allow":["GET"]}}],"collection":[{"href":"https:\/\/naturistland.hu\/de\/wp-json\/wp\/v2\/pages"}],"about":[{"href":"https:\/\/naturistland.hu\/de\/wp-json\/wp\/v2\/types\/page"}],"author":[{"embeddable":true,"href":"https:\/\/naturistland.hu\/de\/wp-json\/wp\/v2\/users\/1"}],"replies":[{"embeddable":true,"href":"https:\/\/naturistland.hu\/de\/wp-json\/wp\/v2\/comments?post=39"}],"version-history":[{"count":51,"href":"https:\/\/naturistland.hu\/de\/wp-json\/wp\/v2\/pages\/39\/revisions"}],"predecessor-version":[{"id":801,"href":"https:\/\/naturistland.hu\/de\/wp-json\/wp\/v2\/pages\/39\/revisions\/801"}],"wp:attachment":[{"href":"https:\/\/naturistland.hu\/de\/wp-json\/wp\/v2\/media?parent=39"}],"curies":[{"name":"wp","href":"https:\/\/api.w.org\/{rel}","templated":true}]}}