{"id":41,"date":"2023-10-25T14:03:00","date_gmt":"2023-10-25T14:03:00","guid":{"rendered":"https:\/\/naturistland.hu\/test\/contact\/"},"modified":"2025-01-11T14:16:58","modified_gmt":"2025-01-11T14:16:58","slug":"kapcsolat","status":"publish","type":"page","link":"https:\/\/naturistland.hu\/de\/kapcsolat\/","title":{"rendered":"Kontakt"},"content":{"rendered":"\n\n\n\r\n<h6>Eine Nachricht hinterlassen<\/h6>\r\n\n\n\n\n\n\n\r\n<h6>Kontaktinformationen<\/h6>\r\n\n\n\n\r\n<p>(Wir k\u00f6nnen nur Anrufe auf Ungarisch entgegennehmen.)<\/p>\r\n\n\n\n\n\n\r\n<p>GPS-Positionen: E 47\u00b030 53 N 19\u00b010 37<\/p>\r\n<p><strong>\u00a0<\/strong><\/p>\r\n<p><strong>Zu Fu\u00df:<\/strong><\/p>\r\n<p>Vom \u00d6rs-Vez\u00e9r-Platz bis zur Haltestelle Sashalom (dies ist die dritte Haltestelle). Gehen Sie die Bats\u00e1nyi-J\u00e1nos-Stra\u00dfe auf der Seite entlang, auf der auch die H\u00c9V f\u00e4hrt. Biegen Sie rechts in die erste Stra\u00dfe ein (Margit utca) und dann links in die zweite Stra\u00dfe gegen\u00fcber der Autowerkstatt. (ca. 7-8 Minuten von der H\u00e9v-Haltestelle entfernt) Eine weitere Option ist der Bus Nr. 92, der sich lohnt, bis zur Sasv\u00e1r utca zu fahren. Wenn Sie nach Osten in die Sasv\u00e1r utca gehen, ist die zweite Stra\u00dfe rechts die Datolya utca. Das sind ca. 2 Minuten zu Fu\u00df, aber der Bus 92 f\u00e4hrt recht selten, im Vergleich zu den Bussen, die h\u00e4ufig verkehren, und jeder von ihnen ist gut.<\/p>\r\n<p><strong>\u00a0<\/strong><\/p>\r\n<p><strong>Mit dem Auto:<\/strong><\/p>\r\n<p>Vom Vez\u00e9r-\u00d6rs-Platz auf der Kerepes-Stra\u00dfe. Nachdem Sie die Haltestelle Nagyicce h\u00e9v verlassen haben, m\u00fcssen Sie nach links abbiegen, wo es einen separaten Linksabbiegestreifen gibt, der den h\u00e9v \u00fcberquert. In der zweiten Stra\u00dfe (die erste ist ziemlich unbedeutend, man kann sie kaum bemerken) am Sashalmi-Markt m\u00fcssen Sie in die Margit utca in Richtung der Wohnsiedlung Centen\u00e1rium abbiegen. Wegen des Marktes gibt es hier ein Rechtsabbiegeschild, das allerdings nur zu bestimmten Zeiten am Wochenende gilt, an Wochentagen kann man den Markt ganz normal passieren. Nach dem Stoppschild biegen Sie beim Autoservice in die zweite Stra\u00dfe links ab. (Wenn nicht, k\u00f6nnen Sie entweder auf der ersten Stra\u00dfe ankommen und den Markt meiden, oder weiter oben rechts in die Sasv\u00e1r utca abbiegen. Nach dem Stoppschild ist die zweite Stra\u00dfe rechts die Datolya utca.)<\/p>\r\n<p>Die M3-Ausfahrt \u00dajpalota, oberhalb des P\u00f3lus-Zentrums entlang der Szentmih\u00e1lyi \u00fat. Am Ende der Szentmih\u00e1lyi \u00fat und dem Kreisverkehr m\u00fcssen Sie rechts abbiegen und dann direkt vor Lidl links abbiegen. So weit wie m\u00f6glich geradeaus entlang der J\u00e1nos utca (auch durch die R\u00e1kosi \u00fat). Dies f\u00fchrt zur Budapester Stra\u00dfe. Biegen Sie an der Budapesti \u00fat rechts ab und dann sofort wieder links. Auf der linken Seite (K\u00f5sz\u00e1l-Stra\u00dfe) wird es einen Sportkomplex geben. Jetzt m\u00fcssen Sie wieder rechts abbiegen, dann finden Sie in der dritten Stra\u00dfe links die Datolya utca.<\/p>\r\n<p>Von G\u00f6d\u00f6ll\u00f5 aus verlassen Sie die Haltestelle M\u00e1ty\u00e1sf\u00f6ld Imre utca, biegen unmittelbar vor der Haltestelle M\u00e1ty\u00e1sf\u00f6ld Flughafen rechts ab und \u00fcberqueren die Haltestelle zur G\u00e1bor Baross utca. Am Ende der Stra\u00dfe, wo die Hauptstra\u00dfe nach rechts abbiegt, biegen Sie links in die Margit utca ein, fahren an der Centen\u00e1rium-Siedlung vorbei und biegen an der Autowerkstatt rechts in die Datolya utca ab.<\/p>\r\n\n\n\n\n\n\r\n<p><iframe style=\"border: 0;\" src=\"https:\/\/www.google.com\/maps\/embed?pb=!1m18!1m12!1m3!1d10472.563295868167!2d19.17020028278587!3d47.51215293037863!2m3!1f0!2f0!3f0!3m2!1i1024!2i768!4f13.1!3m3!1m2!1s0x4741c4bef6f0e699%3A0xcb9ed5eb3a2afbb!2sBudapest%2C+Datolya+u.+33%2C+1163!5e0!3m2!1shu!2shu!4v1526463080581\" width=\"100%\" height=\"450\" frameborder=\"0\" allowfullscreen=\"allowfullscreen\"><\/iframe><\/p>\r\n\n\n","protected":false},"excerpt":{"rendered":"","protected":false},"author":1,"featured_media":0,"parent":0,"menu_order":0,"comment_status":"closed","ping_status":"closed","template":"","meta":{"pagelayer_contact_templates":[],"_pagelayer_content":"","_monsterinsights_skip_tracking":false,"_monsterinsights_sitenote_active":false,"_monsterinsights_sitenote_note":"","_monsterinsights_sitenote_category":0,"footnotes":""},"class_list":["post-41","page","type-page","status-publish","hentry"],"yoast_head":"<!-- This site is optimized with the Yoast SEO plugin v27.5 - https:\/\/yoast.com\/product\/yoast-seo-wordpress\/ -->\n<title>Kontakt<\/title>\n<meta name=\"robots\" content=\"index, follow, max-snippet:-1, max-image-preview:large, max-video-preview:-1\" \/>\n<link rel=\"canonical\" href=\"https:\/\/naturistland.hu\/de\/kapcsolat\/\" \/>\n<meta property=\"og:locale\" content=\"de_DE\" \/>\n<meta property=\"og:locale:alternate\" content=\"hu_HU\" \/>\n<meta property=\"og:locale:alternate\" content=\"en_US\" \/>\n<meta property=\"og:type\" content=\"article\" \/>\n<meta property=\"og:title\" content=\"Kontakt\" \/>\n<meta property=\"og:url\" content=\"https:\/\/naturistland.hu\/de\/kapcsolat\/\" \/>\n<meta property=\"og:site_name\" content=\"Naturistland\" \/>\n<meta property=\"article:publisher\" content=\"https:\/\/facebook.com\/naturistland\" \/>\n<meta property=\"article:modified_time\" content=\"2025-01-11T14:16:58+00:00\" \/>\n<meta property=\"og:image\" content=\"https:\/\/naturistland.hu\/wp-content\/uploads\/2024\/01\/naturistland_op2.jpg\" \/>\n\t<meta property=\"og:image:width\" content=\"1429\" \/>\n\t<meta property=\"og:image:height\" content=\"803\" \/>\n\t<meta property=\"og:image:type\" content=\"image\/jpeg\" \/>\n<meta name=\"twitter:card\" content=\"summary_large_image\" \/>\n<meta name=\"twitter:label1\" content=\"Gesch\u00e4tzte Lesezeit\" \/>\n\t<meta name=\"twitter:data1\" content=\"2\u00a0Minuten\" \/>\n<script type=\"application\/ld+json\" class=\"yoast-schema-graph\">{\"@context\":\"https:\\\/\\\/schema.org\",\"@graph\":[{\"@type\":\"WebPage\",\"@id\":\"https:\\\/\\\/naturistland.hu\\\/kapcsolat\\\/\",\"url\":\"https:\\\/\\\/naturistland.hu\\\/kapcsolat\\\/\",\"name\":\"Kontakt\",\"isPartOf\":{\"@id\":\"https:\\\/\\\/naturistland.hu\\\/#website\"},\"datePublished\":\"2023-10-25T14:03:00+00:00\",\"dateModified\":\"2025-01-11T14:16:58+00:00\",\"breadcrumb\":{\"@id\":\"https:\\\/\\\/naturistland.hu\\\/kapcsolat\\\/#breadcrumb\"},\"inLanguage\":\"de-DE\",\"potentialAction\":[{\"@type\":\"ReadAction\",\"target\":[\"https:\\\/\\\/naturistland.hu\\\/kapcsolat\\\/\"]}]},{\"@type\":\"BreadcrumbList\",\"@id\":\"https:\\\/\\\/naturistland.hu\\\/kapcsolat\\\/#breadcrumb\",\"itemListElement\":[{\"@type\":\"ListItem\",\"position\":1,\"name\":\"Home\",\"item\":\"https:\\\/\\\/naturistland.hu\\\/de\\\/\"},{\"@type\":\"ListItem\",\"position\":2,\"name\":\"Kapcsolat\"}]},{\"@type\":\"WebSite\",\"@id\":\"https:\\\/\\\/naturistland.hu\\\/#website\",\"url\":\"https:\\\/\\\/naturistland.hu\\\/\",\"name\":\"Naturistland\",\"description\":\"Naturista lehet\u0151s\u00e9gek priv\u00e1t k\u00f6rnyezetben\",\"publisher\":{\"@id\":\"https:\\\/\\\/naturistland.hu\\\/#organization\"},\"potentialAction\":[{\"@type\":\"SearchAction\",\"target\":{\"@type\":\"EntryPoint\",\"urlTemplate\":\"https:\\\/\\\/naturistland.hu\\\/?s={search_term_string}\"},\"query-input\":{\"@type\":\"PropertyValueSpecification\",\"valueRequired\":true,\"valueName\":\"search_term_string\"}}],\"inLanguage\":\"de-DE\"},{\"@type\":\"Organization\",\"@id\":\"https:\\\/\\\/naturistland.hu\\\/#organization\",\"name\":\"Naturistland\",\"url\":\"https:\\\/\\\/naturistland.hu\\\/\",\"logo\":{\"@type\":\"ImageObject\",\"inLanguage\":\"de-DE\",\"@id\":\"https:\\\/\\\/naturistland.hu\\\/#\\\/schema\\\/logo\\\/image\\\/\",\"url\":\"https:\\\/\\\/naturistland.hu\\\/wp-content\\\/uploads\\\/2023\\\/10\\\/cropped-cropped-nllogo.jpg\",\"contentUrl\":\"https:\\\/\\\/naturistland.hu\\\/wp-content\\\/uploads\\\/2023\\\/10\\\/cropped-cropped-nllogo.jpg\",\"width\":512,\"height\":512,\"caption\":\"Naturistland\"},\"image\":{\"@id\":\"https:\\\/\\\/naturistland.hu\\\/#\\\/schema\\\/logo\\\/image\\\/\"},\"sameAs\":[\"https:\\\/\\\/facebook.com\\\/naturistland\"]}]}<\/script>\n<!-- \/ Yoast SEO plugin. -->","yoast_head_json":{"title":"Kontakt","robots":{"index":"index","follow":"follow","max-snippet":"max-snippet:-1","max-image-preview":"max-image-preview:large","max-video-preview":"max-video-preview:-1"},"canonical":"https:\/\/naturistland.hu\/de\/kapcsolat\/","og_locale":"de_DE","og_type":"article","og_title":"[:hu]Kapcsolat[:en]Contact[:de]Kontakt[:] - Naturistland","og_url":"https:\/\/naturistland.hu\/de\/kapcsolat\/","og_site_name":"Naturistland","article_publisher":"https:\/\/facebook.com\/naturistland","article_modified_time":"2025-01-11T14:16:58+00:00","og_image":[{"width":1429,"height":803,"url":"https:\/\/naturistland.hu\/wp-content\/uploads\/2024\/01\/naturistland_op2.jpg","type":"image\/jpeg"}],"twitter_card":"summary_large_image","twitter_misc":{"Gesch\u00e4tzte Lesezeit":"2\u00a0Minuten"},"schema":{"@context":"https:\/\/schema.org","@graph":[{"@type":"WebPage","@id":"https:\/\/naturistland.hu\/kapcsolat\/","url":"https:\/\/naturistland.hu\/kapcsolat\/","name":"Kontakt","isPartOf":{"@id":"https:\/\/naturistland.hu\/#website"},"datePublished":"2023-10-25T14:03:00+00:00","dateModified":"2025-01-11T14:16:58+00:00","breadcrumb":{"@id":"https:\/\/naturistland.hu\/kapcsolat\/#breadcrumb"},"inLanguage":"de-DE","potentialAction":[{"@type":"ReadAction","target":["https:\/\/naturistland.hu\/kapcsolat\/"]}]},{"@type":"BreadcrumbList","@id":"https:\/\/naturistland.hu\/kapcsolat\/#breadcrumb","itemListElement":[{"@type":"ListItem","position":1,"name":"Home","item":"https:\/\/naturistland.hu\/de\/"},{"@type":"ListItem","position":2,"name":"Kapcsolat"}]},{"@type":"WebSite","@id":"https:\/\/naturistland.hu\/#website","url":"https:\/\/naturistland.hu\/","name":"Naturistland","description":"Naturista lehet\u0151s\u00e9gek priv\u00e1t k\u00f6rnyezetben","publisher":{"@id":"https:\/\/naturistland.hu\/#organization"},"potentialAction":[{"@type":"SearchAction","target":{"@type":"EntryPoint","urlTemplate":"https:\/\/naturistland.hu\/?s={search_term_string}"},"query-input":{"@type":"PropertyValueSpecification","valueRequired":true,"valueName":"search_term_string"}}],"inLanguage":"de-DE"},{"@type":"Organization","@id":"https:\/\/naturistland.hu\/#organization","name":"Naturistland","url":"https:\/\/naturistland.hu\/","logo":{"@type":"ImageObject","inLanguage":"de-DE","@id":"https:\/\/naturistland.hu\/#\/schema\/logo\/image\/","url":"https:\/\/naturistland.hu\/wp-content\/uploads\/2023\/10\/cropped-cropped-nllogo.jpg","contentUrl":"https:\/\/naturistland.hu\/wp-content\/uploads\/2023\/10\/cropped-cropped-nllogo.jpg","width":512,"height":512,"caption":"Naturistland"},"image":{"@id":"https:\/\/naturistland.hu\/#\/schema\/logo\/image\/"},"sameAs":["https:\/\/facebook.com\/naturistland"]}]}},"_links":{"self":[{"href":"https:\/\/naturistland.hu\/de\/wp-json\/wp\/v2\/pages\/41","targetHints":{"allow":["GET"]}}],"collection":[{"href":"https:\/\/naturistland.hu\/de\/wp-json\/wp\/v2\/pages"}],"about":[{"href":"https:\/\/naturistland.hu\/de\/wp-json\/wp\/v2\/types\/page"}],"author":[{"embeddable":true,"href":"https:\/\/naturistland.hu\/de\/wp-json\/wp\/v2\/users\/1"}],"replies":[{"embeddable":true,"href":"https:\/\/naturistland.hu\/de\/wp-json\/wp\/v2\/comments?post=41"}],"version-history":[{"count":21,"href":"https:\/\/naturistland.hu\/de\/wp-json\/wp\/v2\/pages\/41\/revisions"}],"predecessor-version":[{"id":765,"href":"https:\/\/naturistland.hu\/de\/wp-json\/wp\/v2\/pages\/41\/revisions\/765"}],"wp:attachment":[{"href":"https:\/\/naturistland.hu\/de\/wp-json\/wp\/v2\/media?parent=41"}],"curies":[{"name":"wp","href":"https:\/\/api.w.org\/{rel}","templated":true}]}}