{"id":479,"date":"2023-11-04T11:20:37","date_gmt":"2023-11-04T11:20:37","guid":{"rendered":"https:\/\/naturistland.hu\/?page_id=479"},"modified":"2025-10-16T07:43:37","modified_gmt":"2025-10-16T07:43:37","slug":"idopontok","status":"publish","type":"page","link":"https:\/\/naturistland.hu\/de\/idopontok\/","title":{"rendered":"Esem\u00e9nyek"},"content":{"rendered":"\n\n\n<h2 style=\"text-align: center;\">Esem\u00e9nyek, id\u0151pontok \u00e9s lehet\u0151s\u00e9gek<br><\/h2>\n\n\n\n\n\n<p style=\"text-align: justify;\"><br><font dir=\"auto\" style=\"vertical-align: inherit;\"><font dir=\"auto\" style=\"vertical-align: inherit;\">Szaun\u00e1z\u00e1s, f\u00fcrd\u0151z\u00e9s, napoz\u00e1s priv\u00e1t k\u00f6rnyezetben.<\/font><\/font><br><\/p><p style=\"text-align: justify;\"><font dir=\"auto\" style=\"vertical-align: inherit;\"><font dir=\"auto\" style=\"vertical-align: inherit;\">Priv\u00e1t, nem nyilv\u00e1nos program, a tulajdonos vend\u00e9gei, bar\u00e1tai r\u00e9sz\u00e9re. R\u00e9szv\u00e9tel el\u0151zetes jelentkez\u00e9s alapj\u00e1n. Jelentkez\u00e9s itt, e-mailben, messengeren, vagy telefonon. (A jelentkez\u00e9s a tulajdonos szubjekt\u00edv szempontok alapj\u00e1n el is utas\u00edthatja.)<\/font><\/font><\/p><p style=\"text-align: justify;\"><font dir=\"auto\" style=\"vertical-align: inherit;\"><font dir=\"auto\" style=\"vertical-align: inherit;\">A f\u00e9lre\u00e9rt\u00e9sek elker\u00fcl\u00e9se v\u00e9gett: Csak ig\u00e9nyes naturista kikapcsol\u00f3d\u00e1sra (szaun\u00e1z\u00e1sra, f\u00fcrd\u00e9sre, napoz\u00e1sra, besz\u00e9lget\u00e9sre, t\u00e1rsasoz\u00e1sra, stb.) szeretn\u00e9nk ha j\u00f6nn\u00e9nek a vend\u00e9gek, aki erotikus dolgot szeretne vagy nem k\u00e9pes megfelel\u0151en adni a higi\u00e9ni\u00e1ra, annak m\u00e1s helysz\u00ednt javaslok keresni!&nbsp;<\/font><\/font><\/p><p style=\"text-align: justify;\"><font dir=\"auto\" style=\"vertical-align: inherit;\"><font dir=\"auto\" style=\"vertical-align: inherit;\">A r\u00e9szv\u00e9tel ingyenes, (mivel csak a tulajdonos nemfizet\u0151 alkalmi vend\u00e9gei haszn\u00e1lhatj\u00e1k a medenc\u00e9t), de ett\u0151l f\u00fcggetlen, f\u00fcggetlen k\u00f6lts\u00e9ghozz\u00e1j\u00e1rul\u00e1st (pl. 3-5000 Ft.\/f\u0151.) k\u00f6sz\u00f6nettel vesz\u00fcnk.<\/font><\/font><\/p><p><span style=\"text-align: justify;\"><font dir=\"auto\" style=\"vertical-align: inherit;\"><font dir=\"auto\" style=\"vertical-align: inherit;\">Ha m\u00e1r t\u00f6bb, mint 8 f\u0151 jelentkezett, akkor ink\u00e1bb v\u00e1lassz egy m\u00e1sik id\u0151pontot.<\/font><\/font><\/span><br><\/p><p style=\"text-align: justify;\"><font dir=\"auto\" style=\"vertical-align: inherit;\"><font dir=\"auto\" style=\"vertical-align: inherit;\">Ha net\u00e1n m\u00e9gsem tudsz elj\u00f6nni, akkor sincs semmi gond, csak k\u00e9rlek, hogy ez esetben sz\u00f3lj \u00e9s t\u00f6r\u00f6ld a jelentkez\u00e9st, hogy m\u00e1sok is jelentkeznek, illetve hogy tudjuk, ki j\u00f6n el tulajdonk\u00e9ppen. Egyetlen f\u0151 jelentkez\u00e9s eset\u00e9n fenntartjuk a jogot az id\u0151pont lemond\u00e1s\u00e1ra.&nbsp;<\/font><\/font><\/p><p style=\"text-align: justify;\"><font dir=\"auto\" style=\"vertical-align: inherit;\"><font dir=\"auto\" style=\"vertical-align: inherit;\">Ha aut\u00f3val j\u00f6ssz, k\u00e9rj\u00fck ne parkolj a szomsz\u00e9d \u00e9s a szembeszomsz\u00e9d el\u00e9. Ha nincs hely a h\u00e1z el\u0151tt, \u00e1llj meg kicsit messzebb az utc\u00e1ban.<\/font><\/font><br><\/p><p style=\"text-align: justify;\"><font dir=\"auto\" style=\"vertical-align: inherit;\"><font dir=\"auto\" style=\"vertical-align: inherit;\">Mivel priv\u00e1t helysz\u00ednr\u0151l van sz\u00f3, fenntartjuk a jogot, hogy indokl\u00e1s n\u00e9lk\u00fcl b\u00e1rki levegy\u00fcnk a jelentkez\u0151kr\u0151l ak\u00e1r t\u00faljelentkez\u00e9s miatt, ak\u00e1r csak az\u00e9rt, mert az illet\u0151 adatlapja, kor\u00e1bbi facebook tev\u00e9kenys\u00e9ge, stb. miatt nem l\u00e1tjuk biztos\u00edtott az ig\u00e9nyes naturista kikapcsol\u00f3d\u00e1st a t\u00f6bbiek sz\u00e1m\u00e1ra.<\/font><\/font><br><\/p>\n\n\n\n<p style=\"text-align: justify;\"><br>Ruh\u00e1tlan Activity j\u00e1t\u00e9k, (vagy egy\u00e9b t\u00e1rsasj\u00e1t\u00e9k) a fordul\u00f3k k\u00f6zt szaun\u00e1z\u00e1ssal \u00e9s medenc\u00e9z\u00e9ssel. Priv\u00e1t, nem nyilv\u00e1nos program. A program megfelel\u00f5 sz\u00e1m\u00fa r\u00e9sztvev\u0151 jelentkez\u00e9se eset\u00e9n ker\u00fcl megrendez\u00e9sre, ez\u00e9rt a jelentkez\u00e9s m\u00e9g nem jelet automatikusan r\u00e9szv\u00e9teli lehet\u00f5s\u00e9get is. (Els\u0151sorban p\u00e1rok jelentkez\u00e9s\u00e9t v\u00e1rjuk.) A jelentkez\u00f5kkel k\u00fcl\u00f6n fel fogjuk venni a kapcsolatot \u00e9s egyeztet\u00fcnk. A l\u00e9nyeg, hogy a ruh\u00e1inkt\u00f3l megszabadulva j\u00f3l \u00e9rezz\u00fck magunkat egy vid\u00e1m, vicces j\u00e1t\u00e9k keret\u00e9ben, melynek v\u00e9g\u00e9n a nyertesek valamilyen jutalomban is r\u00e9szes\u00fclnek majd. (Ha m\u00e9g nem activityzt\u00e9l az sem gond, p\u00e1r perc alatt megismerheted a szab\u00e1lyokat. Csapatokat fogunk alkotni \u00e9s ki kell tal\u00e1lni, hogy a t\u00e1rsunknak mi szerepel a k\u00e1rty\u00e1j\u00e1n, \u0151 pedig ezt rajzol\u00e1ssal, elmutogat\u00e1ssal vagy k\u00f6rbe\u00edr\u00e1ssal hozza a tudtunkra.)<br>A f\u00e9lre\u00e9rt\u00e9sek elker\u00fcl\u00e9se v\u00e9gett: Csak ig\u00e9nyes naturista kikapcsol\u00f3d\u00e1sra (szaun\u00e1z\u00e1sra, f\u00fcrd\u00e9sre, napoz\u00e1sra, besz\u00e9lget\u00e9sre, t\u00e1rsasoz\u00e1sra, stb.) szeretn\u00e9nk ha j\u00f6nn\u00e9nek a vend\u00e9gek, aki erotikus dolgot szeretne vagy nem k\u00e9pes megfelel\u0151en adni a higi\u00e9ni\u00e1ra, annak m\u00e1s helysz\u00ednt javaslok keresni!&nbsp;<\/p><p><br><\/p>\n\n\n\n<p style=\"text-align: justify;\"><br><\/p><p><\/p><div style=\"-webkit-tap-highlight-color: transparent; outline: 0px; -webkit-font-smoothing: antialiased; text-shadow: rgba(0, 0, 0, 0.01) 0px 0px 1px;\"><div style=\"-webkit-tap-highlight-color: transparent; outline: 0px; -webkit-font-smoothing: antialiased; text-shadow: rgba(0, 0, 0, 0.01) 0px 0px 1px;\"><span style=\"-webkit-tap-highlight-color: transparent; outline: 0px; -webkit-font-smoothing: antialiased; text-shadow: rgba(0, 0, 0, 0.01) 0px 0px 1px; text-align: justify;\">A tulajdonos nemfizet\u0151 alkalmi vend\u00e9gei \u00e9s bar\u00e1tai&nbsp;<\/span>sz\u00e1m\u00e1ra el\u00e9rhet\u0151 lehet\u0151s\u00e9g. <br>Kikapcsol\u00f3d\u00e1s priv\u00e1t, naturista k\u00f6rnyezetben, egyeztetett id\u0151pontban, szaunahaszn\u00e1lattal.<\/div><p style=\"-webkit-tap-highlight-color: transparent; outline: 0px; -webkit-font-smoothing: antialiased; text-shadow: rgba(0, 0, 0, 0.01) 0px 0px 1px;\">Ez esetben csak a ti\u00e9tek a teljes szauna \u00e9s medencet\u00e9r.<\/p><p style=\"-webkit-tap-highlight-color: transparent; outline: 0px; -webkit-font-smoothing: antialiased; text-shadow: rgba(0, 0, 0, 0.01) 0px 0px 1px; text-align: justify;\">Felt\u00e9tele, hogy ismer\u0151s\u00fcnk l\u00e9gy vagy ismer\u0151s aj\u00e1nljon, illetve a tulajdonos valamely k\u00f6nyv\u00e9nek megv\u00e1s\u00e1rl\u00e1sa az al\u00e1bbi \u00f6sszeg\u00e9rt:<br style=\"-webkit-tap-highlight-color: transparent; outline: 0px; -webkit-font-smoothing: antialiased; text-shadow: rgba(0, 0, 0, 0.01) 0px 0px 1px;\">18.000 Ft., amely maximum 8 f\u0151re \u00e9s 2 \u00f3r\u00e1ra vonatkozik. Tov\u00e1bbi \u00f3r\u00e1k : 6000 Ft.\/ \u00f3ra. (+60.000 Ft. kauci\u00f3, amely a helysz\u00edn megfelel\u0151 visszaad\u00e1sa eset\u00e9n azonnal visszaj\u00e1r.)<span style=\"-webkit-tap-highlight-color: transparent; outline: 0px; -webkit-font-smoothing: antialiased; text-shadow: rgba(0, 0, 0, 0.01) 0px 0px 1px; font-weight: bolder;\"><br style=\"-webkit-tap-highlight-color: transparent; outline: 0px; -webkit-font-smoothing: antialiased; text-shadow: rgba(0, 0, 0, 0.01) 0px 0px 1px;\">Figyelem: A medencet\u00e9r ter\u00fclet\u00e9n mindennem\u0171 szexu\u00e1lis tev\u00e9kenys\u00e9g tilos, amely ellen\u0151rz\u00e9sre ker\u00fclhet.<\/span><\/p><p style=\"-webkit-tap-highlight-color: transparent; outline: 0px; -webkit-font-smoothing: antialiased; text-shadow: rgba(0, 0, 0, 0.01) 0px 0px 1px;\">A medence beszennyez\u00e9se eset\u00e9n 900 eur\u00f3 k\u00e1rt\u00e9r\u00edt\u00e9s fizetend\u0151!<\/p><\/div>\n\n\n\n\n<p style=\"text-align: center;\"><em>Att\u00f3l, hogy nem \u00edrunk ki esem\u00e9nyt, az m\u00e9g nem jelenti azt, hogy nem is lesz, csak azt, hogy vagy m\u00e1r megtelet a l\u00e9tsz\u00e1m, vagy nem szeretn\u00e9nk, hogy idegenek is jelentkezzenek.<\/em><br><\/p>\n\n\n\n\n<p style=\"text-align: center;\"><script>\n  if (typeof hasAmeliaEvent === 'undefined') {\n    var hasAmeliaEvent = true;\n  }\n  if (typeof hasEventApiCall === 'undefined' && ('' === '' && '' !== '1')) {\n    var hasEventApiCall = true;\n  }\n  var hasEventShortcode = (typeof hasEventShortcode === 'undefined') ? false : true;\n  var ameliaShortcodeData = (typeof ameliaShortcodeData === 'undefined') ? [] : ameliaShortcodeData;\n  ameliaShortcodeData.push(\n    {\n      'hasApiCall': (typeof hasEventApiCall !== 'undefined') && hasEventApiCall,\n      'trigger': '',\n      'trigger_type': '',\n      'triggered_form': 'elf',\n      'in_dialog': '',\n      'counter': '1000',\n      'employee': '',\n      'eventId': '',\n      'eventRecurring': 0,\n      'eventTag': \"\",\n      'locationId': \"\",\n      'range': \"\"\n    }\n  );\n  var ameliaShortcodeDataTriggered = (typeof ameliaShortcodeDataTriggered === 'undefined') ? [] : ameliaShortcodeDataTriggered;\n  if (ameliaShortcodeData[ameliaShortcodeData.length - 1].trigger !== '') {\n    if (ameliaShortcodeDataTriggered.filter(a => a.counter === ameliaShortcodeData[ameliaShortcodeData.length - 1].counter).length === 0) {\n      ameliaShortcodeDataTriggered.push(ameliaShortcodeData.pop());\n    } else {\n      ameliaShortcodeData.pop()\n    }\n  }\n  if (typeof hasEventApiCall !== 'undefined' && hasEventApiCall) {\n    hasEventApiCall = false;\n  }\n<\/script>\n\n<div\n  id=\"amelia-v2-booking-1000\"\n  class=\"amelia-v2-booking\"\n>\n    <events-list-form-wrapper><\/div>\n<\/p>\n<p style=\"text-align: center;\"><strong>Az esem\u00e9nyeken val\u00f3 r\u00e9szv\u00e9tel ingyenes, de k\u00f6sz\u00f6nettel vessz\u00fck a k\u00f6lts\u00e9geinkhez val\u00f3 hozz\u00e1j\u00e1rul\u00e1st.<\/strong><\/p><p style=\"text-align: center;\">A megelen\u00edtett \u00e1rak teh\u00e1t nem k\u00f6telez\u0151 jelleg\u0171ek, csup\u00e1n t\u00e1mpontk\u00e9nt szolg\u00e1lnak a k\u00f6lts\u00e9geink tekintet\u00e9ben.<br><br><br><\/p>\n\n","protected":false},"excerpt":{"rendered":"","protected":false},"author":1,"featured_media":0,"parent":0,"menu_order":0,"comment_status":"closed","ping_status":"closed","template":"","meta":{"pagelayer_contact_templates":[],"_pagelayer_content":"","_monsterinsights_skip_tracking":false,"_monsterinsights_sitenote_active":false,"_monsterinsights_sitenote_note":"","_monsterinsights_sitenote_category":0,"footnotes":""},"class_list":["post-479","page","type-page","status-publish","hentry"],"yoast_head":"<!-- This site is optimized with the Yoast SEO plugin v27.5 - https:\/\/yoast.com\/product\/yoast-seo-wordpress\/ -->\n<title>Esem\u00e9nyek<\/title>\n<meta name=\"description\" content=\"Naturista esem\u00e9nyek \u00e9s id\u0151pontok\" \/>\n<meta name=\"robots\" content=\"index, follow, max-snippet:-1, max-image-preview:large, max-video-preview:-1\" \/>\n<link rel=\"canonical\" href=\"https:\/\/naturistland.hu\/de\/idopontok\/\" \/>\n<meta property=\"og:locale\" content=\"de_DE\" \/>\n<meta property=\"og:locale:alternate\" content=\"hu_HU\" \/>\n<meta property=\"og:locale:alternate\" content=\"en_US\" \/>\n<meta property=\"og:type\" content=\"article\" \/>\n<meta property=\"og:title\" content=\"Esem\u00e9nyek\" \/>\n<meta property=\"og:description\" content=\"Naturista esem\u00e9nyek \u00e9s id\u0151pontok\" \/>\n<meta property=\"og:url\" content=\"https:\/\/naturistland.hu\/de\/idopontok\/\" \/>\n<meta property=\"og:site_name\" content=\"Naturistland\" \/>\n<meta property=\"article:publisher\" content=\"https:\/\/facebook.com\/naturistland\" \/>\n<meta property=\"article:modified_time\" content=\"2025-10-16T07:43:37+00:00\" \/>\n<meta property=\"og:image\" content=\"https:\/\/naturistland.hu\/wp-content\/uploads\/2024\/01\/naturistland_op2.jpg\" \/>\n\t<meta property=\"og:image:width\" content=\"1429\" \/>\n\t<meta property=\"og:image:height\" content=\"803\" \/>\n\t<meta property=\"og:image:type\" content=\"image\/jpeg\" \/>\n<meta name=\"twitter:card\" content=\"summary_large_image\" \/>\n<meta name=\"twitter:label1\" content=\"Gesch\u00e4tzte Lesezeit\" \/>\n\t<meta name=\"twitter:data1\" content=\"3\u00a0Minuten\" \/>\n<script type=\"application\/ld+json\" class=\"yoast-schema-graph\">{\"@context\":\"https:\\\/\\\/schema.org\",\"@graph\":[{\"@type\":\"WebPage\",\"@id\":\"https:\\\/\\\/naturistland.hu\\\/idopontok\\\/\",\"url\":\"https:\\\/\\\/naturistland.hu\\\/idopontok\\\/\",\"name\":\"Esem\u00e9nyek\",\"isPartOf\":{\"@id\":\"https:\\\/\\\/naturistland.hu\\\/#website\"},\"datePublished\":\"2023-11-04T11:20:37+00:00\",\"dateModified\":\"2025-10-16T07:43:37+00:00\",\"description\":\"Naturista esem\u00e9nyek \u00e9s id\u0151pontok\",\"breadcrumb\":{\"@id\":\"https:\\\/\\\/naturistland.hu\\\/idopontok\\\/#breadcrumb\"},\"inLanguage\":\"de-DE\",\"potentialAction\":[{\"@type\":\"ReadAction\",\"target\":[\"https:\\\/\\\/naturistland.hu\\\/idopontok\\\/\"]}]},{\"@type\":\"BreadcrumbList\",\"@id\":\"https:\\\/\\\/naturistland.hu\\\/idopontok\\\/#breadcrumb\",\"itemListElement\":[{\"@type\":\"ListItem\",\"position\":1,\"name\":\"Home\",\"item\":\"https:\\\/\\\/naturistland.hu\\\/de\\\/\"},{\"@type\":\"ListItem\",\"position\":2,\"name\":\"Esem\u00e9nyek\"}]},{\"@type\":\"WebSite\",\"@id\":\"https:\\\/\\\/naturistland.hu\\\/#website\",\"url\":\"https:\\\/\\\/naturistland.hu\\\/\",\"name\":\"Naturistland\",\"description\":\"Naturista lehet\u0151s\u00e9gek priv\u00e1t k\u00f6rnyezetben\",\"publisher\":{\"@id\":\"https:\\\/\\\/naturistland.hu\\\/#organization\"},\"potentialAction\":[{\"@type\":\"SearchAction\",\"target\":{\"@type\":\"EntryPoint\",\"urlTemplate\":\"https:\\\/\\\/naturistland.hu\\\/?s={search_term_string}\"},\"query-input\":{\"@type\":\"PropertyValueSpecification\",\"valueRequired\":true,\"valueName\":\"search_term_string\"}}],\"inLanguage\":\"de-DE\"},{\"@type\":\"Organization\",\"@id\":\"https:\\\/\\\/naturistland.hu\\\/#organization\",\"name\":\"Naturistland\",\"url\":\"https:\\\/\\\/naturistland.hu\\\/\",\"logo\":{\"@type\":\"ImageObject\",\"inLanguage\":\"de-DE\",\"@id\":\"https:\\\/\\\/naturistland.hu\\\/#\\\/schema\\\/logo\\\/image\\\/\",\"url\":\"https:\\\/\\\/naturistland.hu\\\/wp-content\\\/uploads\\\/2023\\\/10\\\/cropped-cropped-nllogo.jpg\",\"contentUrl\":\"https:\\\/\\\/naturistland.hu\\\/wp-content\\\/uploads\\\/2023\\\/10\\\/cropped-cropped-nllogo.jpg\",\"width\":512,\"height\":512,\"caption\":\"Naturistland\"},\"image\":{\"@id\":\"https:\\\/\\\/naturistland.hu\\\/#\\\/schema\\\/logo\\\/image\\\/\"},\"sameAs\":[\"https:\\\/\\\/facebook.com\\\/naturistland\"]}]}<\/script>\n<!-- \/ Yoast SEO plugin. -->","yoast_head_json":{"title":"Esem\u00e9nyek","description":"Naturista esem\u00e9nyek \u00e9s id\u0151pontok","robots":{"index":"index","follow":"follow","max-snippet":"max-snippet:-1","max-image-preview":"max-image-preview:large","max-video-preview":"max-video-preview:-1"},"canonical":"https:\/\/naturistland.hu\/de\/idopontok\/","og_locale":"de_DE","og_type":"article","og_title":"[:hu]Esem\u00e9nyek[:en]Events[:] - Naturistland","og_description":"Naturista esem\u00e9nyek \u00e9s id\u0151pontok","og_url":"https:\/\/naturistland.hu\/de\/idopontok\/","og_site_name":"Naturistland","article_publisher":"https:\/\/facebook.com\/naturistland","article_modified_time":"2025-10-16T07:43:37+00:00","og_image":[{"width":1429,"height":803,"url":"https:\/\/naturistland.hu\/wp-content\/uploads\/2024\/01\/naturistland_op2.jpg","type":"image\/jpeg"}],"twitter_card":"summary_large_image","twitter_misc":{"Gesch\u00e4tzte Lesezeit":"3\u00a0Minuten"},"schema":{"@context":"https:\/\/schema.org","@graph":[{"@type":"WebPage","@id":"https:\/\/naturistland.hu\/idopontok\/","url":"https:\/\/naturistland.hu\/idopontok\/","name":"Esem\u00e9nyek","isPartOf":{"@id":"https:\/\/naturistland.hu\/#website"},"datePublished":"2023-11-04T11:20:37+00:00","dateModified":"2025-10-16T07:43:37+00:00","description":"Naturista esem\u00e9nyek \u00e9s id\u0151pontok","breadcrumb":{"@id":"https:\/\/naturistland.hu\/idopontok\/#breadcrumb"},"inLanguage":"de-DE","potentialAction":[{"@type":"ReadAction","target":["https:\/\/naturistland.hu\/idopontok\/"]}]},{"@type":"BreadcrumbList","@id":"https:\/\/naturistland.hu\/idopontok\/#breadcrumb","itemListElement":[{"@type":"ListItem","position":1,"name":"Home","item":"https:\/\/naturistland.hu\/de\/"},{"@type":"ListItem","position":2,"name":"Esem\u00e9nyek"}]},{"@type":"WebSite","@id":"https:\/\/naturistland.hu\/#website","url":"https:\/\/naturistland.hu\/","name":"Naturistland","description":"Naturista lehet\u0151s\u00e9gek priv\u00e1t k\u00f6rnyezetben","publisher":{"@id":"https:\/\/naturistland.hu\/#organization"},"potentialAction":[{"@type":"SearchAction","target":{"@type":"EntryPoint","urlTemplate":"https:\/\/naturistland.hu\/?s={search_term_string}"},"query-input":{"@type":"PropertyValueSpecification","valueRequired":true,"valueName":"search_term_string"}}],"inLanguage":"de-DE"},{"@type":"Organization","@id":"https:\/\/naturistland.hu\/#organization","name":"Naturistland","url":"https:\/\/naturistland.hu\/","logo":{"@type":"ImageObject","inLanguage":"de-DE","@id":"https:\/\/naturistland.hu\/#\/schema\/logo\/image\/","url":"https:\/\/naturistland.hu\/wp-content\/uploads\/2023\/10\/cropped-cropped-nllogo.jpg","contentUrl":"https:\/\/naturistland.hu\/wp-content\/uploads\/2023\/10\/cropped-cropped-nllogo.jpg","width":512,"height":512,"caption":"Naturistland"},"image":{"@id":"https:\/\/naturistland.hu\/#\/schema\/logo\/image\/"},"sameAs":["https:\/\/facebook.com\/naturistland"]}]}},"_links":{"self":[{"href":"https:\/\/naturistland.hu\/de\/wp-json\/wp\/v2\/pages\/479","targetHints":{"allow":["GET"]}}],"collection":[{"href":"https:\/\/naturistland.hu\/de\/wp-json\/wp\/v2\/pages"}],"about":[{"href":"https:\/\/naturistland.hu\/de\/wp-json\/wp\/v2\/types\/page"}],"author":[{"embeddable":true,"href":"https:\/\/naturistland.hu\/de\/wp-json\/wp\/v2\/users\/1"}],"replies":[{"embeddable":true,"href":"https:\/\/naturistland.hu\/de\/wp-json\/wp\/v2\/comments?post=479"}],"version-history":[{"count":20,"href":"https:\/\/naturistland.hu\/de\/wp-json\/wp\/v2\/pages\/479\/revisions"}],"predecessor-version":[{"id":800,"href":"https:\/\/naturistland.hu\/de\/wp-json\/wp\/v2\/pages\/479\/revisions\/800"}],"wp:attachment":[{"href":"https:\/\/naturistland.hu\/de\/wp-json\/wp\/v2\/media?parent=479"}],"curies":[{"name":"wp","href":"https:\/\/api.w.org\/{rel}","templated":true}]}}