{"id":39,"date":"2023-10-25T14:03:00","date_gmt":"2023-10-25T14:03:00","guid":{"rendered":"https:\/\/naturistland.hu\/test\/home\/"},"modified":"2026-04-26T18:24:35","modified_gmt":"2026-04-26T18:24:35","slug":"home","status":"publish","type":"page","link":"https:\/\/naturistland.hu\/en\/","title":{"rendered":"Home"},"content":{"rendered":"\n\n\n\n\n\n\n\n<h6>If you would like to bathe, sauna or sunbathe in a naturist way, we look forward to welcoming you in Budapest, in a pleasant private place in a family environment.<\/h6>\n<p style=\"color: rgb(255, 255, 0);\"><font color=\"#ffff00\"><strong><\/strong><\/font><strong style=\"color: #ffff00;\">Attention: The location is not open to the public!<\/strong><\/p>\n\n<p><b>What we can provide<\/b><strong>:<\/strong><br><\/p><p>&#8211; Cozy, family environment,<\/p><p>&#8211; 9 m swimming pool (+bubble, whirlpool, underwater massage),<\/p><p>&#8211; 4-person sauna with color therapy, &#8211; relaxation area,<\/p><p>&#8211; Possibility of sunbathing in the garden not seen by neighbors,<\/p><p>&#8211; Guaranteed swimwear-free area.<\/p>\n\n<p>Bp., XVI. in the district (3 H\u00c9V stops from \u00d6rs vez\u00e9r square).<\/p>\n<p>We can accommodate a maximum of 8-10 people on occasion. (If appropriate, it can also be rented for a group, but definitely with a controlled clientele.) If you still can&#8217;t come online, there&#8217;s no problem, I just ask that in this case you withdraw your application so that others can also apply, and so that we know who is actually coming. We reserve the right to cancel the appointment in case of a single main application.<\/p>\n<p>Just bring a towel and slippers, leave your bathing suit at home in the back of the closet.<\/p>\n<p>Log in on the Events page, but if you don&#8217;t want that, you can also write an email. If more than 8 people have already applied, choose another date.) If you can&#8217;t come online, there&#8217;s no problem, just cancel and withdraw your application in this case so that others can also apply, and so that we know , who actually comes. We reserve the right to cancel the appointment if only one person applies.<\/p>\n<p><strong><em>The sauna and swimming pool are not part of the apartment&#8217;s services. If you book accommodation with us, you can only use them if we have a program that day.<\/em><\/strong><\/p>\n\n\n\n\n<h3>The area<\/h3>\n<h3>Contact<\/h3>\n\n\n<h4>Events<\/h4>\n<h4>News<\/h4>\n\n\n\r\n<h4>Apartman<\/h4>\r\n\n<h4>House rules<\/h4>\n\n\n\n\n\r\n<h2>We Are the Saviours Of Plants<\/h2>\r\n\n\n\n<p style=\"\"><font color=\"#bbbbbb\">We prefer a natural lifestyle and collect waste selectively.<\/font><br><\/p>\n\n\n<p style=\"color: #888888;\">The pool is heated with a solar collector and hot water is also produced with solar energy.<\/p>\n\n\n<p style=\"color: #888888;\">We use low-energy LED lighting.<\/p>\n\n\n<p style=\"color: #888888;\">Electricity is produced with solar panels.<\/p>\n\n\n\n\n\n\n<h2>News<\/h2>\n\n\n\r\n<p>Elk\u00e9sz\u00fclt a mini apartmanunk, ahol m\u00e1r sz\u00e1ll\u00e1st is foglalhattok. <br \/>2 f\u0151re egy \u00e9j 49\u20ac.<\/p>\r\n\n\n\n\r\n<p>Elk\u00e9sz\u00fclt a kerti zuhany \u00e9s a p\u00e1rakapu, amit ny\u00e1ron biztos fogtok tudni \u00e9lvezni.<\/p>\r\n\n\n\n\r\n<p>Tervezt\u00fcnk egy \u00faj logot, rem\u00e9lj\u00fck, jobban tetszik, mint a r\u00e9gi<\/p>\r\n\n\n\n\n","protected":false},"excerpt":{"rendered":"","protected":false},"author":1,"featured_media":0,"parent":0,"menu_order":0,"comment_status":"closed","ping_status":"closed","template":"","meta":{"pagelayer_contact_templates":[],"_pagelayer_content":"","_monsterinsights_skip_tracking":false,"_monsterinsights_sitenote_active":false,"_monsterinsights_sitenote_note":"","_monsterinsights_sitenote_category":0,"footnotes":""},"class_list":["post-39","page","type-page","status-publish","hentry"],"yoast_head":"<!-- This site is optimized with the Yoast SEO plugin v27.5 - https:\/\/yoast.com\/product\/yoast-seo-wordpress\/ -->\n<title>Naturistland - Naturista lehet\u0151s\u00e9gek priv\u00e1t k\u00f6rnyezetben<\/title>\n<meta name=\"description\" content=\"Priv\u00e1t naturist sauna\" \/>\n<meta name=\"robots\" content=\"index, follow, max-snippet:-1, max-image-preview:large, max-video-preview:-1\" \/>\n<link rel=\"canonical\" href=\"https:\/\/naturistland.hu\/en\/\" \/>\n<meta property=\"og:locale\" content=\"en_US\" \/>\n<meta property=\"og:locale:alternate\" content=\"hu_HU\" \/>\n<meta property=\"og:locale:alternate\" content=\"de_DE\" \/>\n<meta property=\"og:type\" content=\"article\" \/>\n<meta property=\"og:title\" content=\"Naturistland - Naturista lehet\u0151s\u00e9gek priv\u00e1t k\u00f6rnyezetben\" \/>\n<meta property=\"og:description\" content=\"Naturist resort, privat sauna &amp; wellness in Budapest - Naturista sz\u00e1ll\u00e1s \u00e9s szauna Budapesten\" \/>\n<meta property=\"og:url\" content=\"https:\/\/naturistland.hu\/en\/\" \/>\n<meta property=\"og:site_name\" content=\"Naturistland\" \/>\n<meta property=\"article:publisher\" content=\"https:\/\/facebook.com\/naturistland\" \/>\n<meta property=\"article:modified_time\" content=\"2026-04-26T18:24:35+00:00\" \/>\n<meta property=\"og:image\" content=\"https:\/\/naturistland.hu\/wp-content\/uploads\/2024\/01\/naturistland_op.jpg\" \/>\n\t<meta property=\"og:image:width\" content=\"985\" \/>\n\t<meta property=\"og:image:height\" content=\"983\" \/>\n\t<meta property=\"og:image:type\" content=\"image\/jpeg\" \/>\n<meta name=\"twitter:card\" content=\"summary_large_image\" \/>\n<meta name=\"twitter:label1\" content=\"Est. reading time\" \/>\n\t<meta name=\"twitter:data1\" content=\"2 minutes\" \/>\n<script type=\"application\/ld+json\" class=\"yoast-schema-graph\">{\"@context\":\"https:\\\/\\\/schema.org\",\"@graph\":[{\"@type\":\"WebPage\",\"@id\":\"https:\\\/\\\/naturistland.hu\\\/de\\\/\",\"url\":\"https:\\\/\\\/naturistland.hu\\\/de\\\/\",\"name\":\"Naturistland - Naturista lehet\u0151s\u00e9gek priv\u00e1t k\u00f6rnyezetben\",\"isPartOf\":{\"@id\":\"https:\\\/\\\/naturistland.hu\\\/#website\"},\"datePublished\":\"2023-10-25T14:03:00+00:00\",\"dateModified\":\"2026-04-26T18:24:35+00:00\",\"description\":\"Naturist resort, privat sauna & wellness in Budapest - Naturista sz\u00e1ll\u00e1s \u00e9s szauna Budapesten\",\"breadcrumb\":{\"@id\":\"https:\\\/\\\/naturistland.hu\\\/de\\\/#breadcrumb\"},\"inLanguage\":\"en-US\",\"potentialAction\":[{\"@type\":\"ReadAction\",\"target\":[\"https:\\\/\\\/naturistland.hu\\\/de\\\/\"]}]},{\"@type\":\"BreadcrumbList\",\"@id\":\"https:\\\/\\\/naturistland.hu\\\/de\\\/#breadcrumb\",\"itemListElement\":[{\"@type\":\"ListItem\",\"position\":1,\"name\":\"Home\",\"item\":\"https:\\\/\\\/naturistland.hu\\\/de\\\/\"},{\"@type\":\"ListItem\",\"position\":2,\"name\":\"Home\"}]},{\"@type\":\"WebSite\",\"@id\":\"https:\\\/\\\/naturistland.hu\\\/#website\",\"url\":\"https:\\\/\\\/naturistland.hu\\\/\",\"name\":\"Naturistland\",\"description\":\"Naturista lehet\u0151s\u00e9gek priv\u00e1t k\u00f6rnyezetben\",\"publisher\":{\"@id\":\"https:\\\/\\\/naturistland.hu\\\/#organization\"},\"potentialAction\":[{\"@type\":\"SearchAction\",\"target\":{\"@type\":\"EntryPoint\",\"urlTemplate\":\"https:\\\/\\\/naturistland.hu\\\/?s={search_term_string}\"},\"query-input\":{\"@type\":\"PropertyValueSpecification\",\"valueRequired\":true,\"valueName\":\"search_term_string\"}}],\"inLanguage\":\"en-US\"},{\"@type\":\"Organization\",\"@id\":\"https:\\\/\\\/naturistland.hu\\\/#organization\",\"name\":\"Naturistland\",\"url\":\"https:\\\/\\\/naturistland.hu\\\/\",\"logo\":{\"@type\":\"ImageObject\",\"inLanguage\":\"en-US\",\"@id\":\"https:\\\/\\\/naturistland.hu\\\/#\\\/schema\\\/logo\\\/image\\\/\",\"url\":\"https:\\\/\\\/naturistland.hu\\\/wp-content\\\/uploads\\\/2023\\\/10\\\/cropped-cropped-nllogo.jpg\",\"contentUrl\":\"https:\\\/\\\/naturistland.hu\\\/wp-content\\\/uploads\\\/2023\\\/10\\\/cropped-cropped-nllogo.jpg\",\"width\":512,\"height\":512,\"caption\":\"Naturistland\"},\"image\":{\"@id\":\"https:\\\/\\\/naturistland.hu\\\/#\\\/schema\\\/logo\\\/image\\\/\"},\"sameAs\":[\"https:\\\/\\\/facebook.com\\\/naturistland\"]}]}<\/script>\n<!-- \/ Yoast SEO plugin. -->","yoast_head_json":{"title":"Naturistland - Naturista lehet\u0151s\u00e9gek priv\u00e1t k\u00f6rnyezetben","description":"Priv\u00e1t naturist sauna","robots":{"index":"index","follow":"follow","max-snippet":"max-snippet:-1","max-image-preview":"max-image-preview:large","max-video-preview":"max-video-preview:-1"},"canonical":"https:\/\/naturistland.hu\/en\/","og_locale":"en_US","og_type":"article","og_title":"Naturistland - Naturista lehet\u0151s\u00e9gek priv\u00e1t k\u00f6rnyezetben","og_description":"Naturist resort, privat sauna & wellness in Budapest - Naturista sz\u00e1ll\u00e1s \u00e9s szauna Budapesten","og_url":"https:\/\/naturistland.hu\/en\/","og_site_name":"Naturistland","article_publisher":"https:\/\/facebook.com\/naturistland","article_modified_time":"2026-04-26T18:24:35+00:00","og_image":[{"width":985,"height":983,"url":"https:\/\/naturistland.hu\/wp-content\/uploads\/2024\/01\/naturistland_op.jpg","type":"image\/jpeg"}],"twitter_card":"summary_large_image","twitter_misc":{"Est. reading time":"2 minutes"},"schema":{"@context":"https:\/\/schema.org","@graph":[{"@type":"WebPage","@id":"https:\/\/naturistland.hu\/de\/","url":"https:\/\/naturistland.hu\/de\/","name":"Naturistland - Naturista lehet\u0151s\u00e9gek priv\u00e1t k\u00f6rnyezetben","isPartOf":{"@id":"https:\/\/naturistland.hu\/#website"},"datePublished":"2023-10-25T14:03:00+00:00","dateModified":"2026-04-26T18:24:35+00:00","description":"Naturist resort, privat sauna & wellness in Budapest - Naturista sz\u00e1ll\u00e1s \u00e9s szauna Budapesten","breadcrumb":{"@id":"https:\/\/naturistland.hu\/de\/#breadcrumb"},"inLanguage":"en-US","potentialAction":[{"@type":"ReadAction","target":["https:\/\/naturistland.hu\/de\/"]}]},{"@type":"BreadcrumbList","@id":"https:\/\/naturistland.hu\/de\/#breadcrumb","itemListElement":[{"@type":"ListItem","position":1,"name":"Home","item":"https:\/\/naturistland.hu\/de\/"},{"@type":"ListItem","position":2,"name":"Home"}]},{"@type":"WebSite","@id":"https:\/\/naturistland.hu\/#website","url":"https:\/\/naturistland.hu\/","name":"Naturistland","description":"Naturista lehet\u0151s\u00e9gek priv\u00e1t k\u00f6rnyezetben","publisher":{"@id":"https:\/\/naturistland.hu\/#organization"},"potentialAction":[{"@type":"SearchAction","target":{"@type":"EntryPoint","urlTemplate":"https:\/\/naturistland.hu\/?s={search_term_string}"},"query-input":{"@type":"PropertyValueSpecification","valueRequired":true,"valueName":"search_term_string"}}],"inLanguage":"en-US"},{"@type":"Organization","@id":"https:\/\/naturistland.hu\/#organization","name":"Naturistland","url":"https:\/\/naturistland.hu\/","logo":{"@type":"ImageObject","inLanguage":"en-US","@id":"https:\/\/naturistland.hu\/#\/schema\/logo\/image\/","url":"https:\/\/naturistland.hu\/wp-content\/uploads\/2023\/10\/cropped-cropped-nllogo.jpg","contentUrl":"https:\/\/naturistland.hu\/wp-content\/uploads\/2023\/10\/cropped-cropped-nllogo.jpg","width":512,"height":512,"caption":"Naturistland"},"image":{"@id":"https:\/\/naturistland.hu\/#\/schema\/logo\/image\/"},"sameAs":["https:\/\/facebook.com\/naturistland"]}]}},"_links":{"self":[{"href":"https:\/\/naturistland.hu\/en\/wp-json\/wp\/v2\/pages\/39","targetHints":{"allow":["GET"]}}],"collection":[{"href":"https:\/\/naturistland.hu\/en\/wp-json\/wp\/v2\/pages"}],"about":[{"href":"https:\/\/naturistland.hu\/en\/wp-json\/wp\/v2\/types\/page"}],"author":[{"embeddable":true,"href":"https:\/\/naturistland.hu\/en\/wp-json\/wp\/v2\/users\/1"}],"replies":[{"embeddable":true,"href":"https:\/\/naturistland.hu\/en\/wp-json\/wp\/v2\/comments?post=39"}],"version-history":[{"count":54,"href":"https:\/\/naturistland.hu\/en\/wp-json\/wp\/v2\/pages\/39\/revisions"}],"predecessor-version":[{"id":811,"href":"https:\/\/naturistland.hu\/en\/wp-json\/wp\/v2\/pages\/39\/revisions\/811"}],"wp:attachment":[{"href":"https:\/\/naturistland.hu\/en\/wp-json\/wp\/v2\/media?parent=39"}],"curies":[{"name":"wp","href":"https:\/\/api.w.org\/{rel}","templated":true}]}}