{"id":41,"date":"2023-10-25T14:03:00","date_gmt":"2023-10-25T14:03:00","guid":{"rendered":"https:\/\/naturistland.hu\/test\/contact\/"},"modified":"2025-01-11T14:16:58","modified_gmt":"2025-01-11T14:16:58","slug":"kapcsolat","status":"publish","type":"page","link":"https:\/\/naturistland.hu\/en\/kapcsolat\/","title":{"rendered":"Contact"},"content":{"rendered":"\n\n\n<h6>Leave a message<\/h6>\n\n\n\n\n\n<h6>Our contacts:<\/h6>\n\n\n\n<p>(Phone availability only in Hungarian language)<\/p>\n\n\n\n\n<p><span style=\"color: rgba(15, 12, 12, 0.96);\">GPS positions: E 47\u00b030 53 N 19\u00b010 37<\/span><span style=\"font-weight: bolder; color: rgba(15, 12, 12, 0.96);\"><br><br>On foot:<\/span><br style=\"color: rgba(15, 12, 12, 0.96);\"><font color=\"rgba(15, 12, 12, 0.96)\">From \u00d6rs Vez\u00e9r Square to the Sashalom stop (this is the third stop). Walk down Bats\u00e1nyi J\u00e1nos Street on the side where the H\u00c9V also runs. Turn right on the first street (Margit utca), then turn left on the second street opposite the car service. (Approx. 7-8 minutes from the h\u00e9v stop) Another option is bus number 92, which is worth taking to Sasv\u00e1r utca. Walking east into Sasv\u00e1r utca, the second street on the right is Datolya utca. This is approx. 2 minutes on foot, but the 92 bus runs quite infrequently, compared to the bus, which runs frequently and any of them is good.<\/font><br><span style=\"font-weight: bolder;\"><br>By car:<\/span><br><\/p><p>From Vez\u00e9r \u00d6rs square, on the Kerepes road. After leaving the Nagyicce h\u00e9v stop, you have to turn left, where there is a separate left-turning lane, crossing the h\u00e9v. On the second street (the first is quite insignificant, it is almost impossible to notice) at the Sashalmi market, you have to turn onto Margit utca towards the Centen\u00e1rium housing estate. There is a right-turning sign here, because of the market, but this only applies to certain periods on weekends, you can pass through the market normally on weekdays. After the stop sign, turn left at the car service on the second street. (If not, then you can either come in on the first street avoiding the market, or further up, you can also turn right onto Sasv\u00e1r utca, then after the stop sign, the second street on the right will be Datolya utca.)<\/p><p>The M3 \u00dajpalota exit, above P\u00f3lus center along Szentmih\u00e1lyi \u00fat. At the end of Szentmih\u00e1lyi \u00fat and the roundabout, you have to turn right, then immediately left in front of Lidl. Straight along J\u00e1nos utca as far as possible (also through R\u00e1kosi \u00fat). This leads to the Budapest road. Turn right at Budapesti \u00fat, then immediately left again. There will be a sports complex on the left hand side (K\u00f5sz\u00e1l Street). Now you have to turn right again, then on the third street to the left you will find Datolya utca.<\/p><p>From G\u00f6d\u00f6ll\u00f5, leaving the M\u00e1ty\u00e1sf\u00f6ld Imre utca h\u00e9v stop, immediately before the M\u00e1ty\u00e1sf\u00f6ld airport h\u00e9v stop, turn right and cross the h\u00e9v to G\u00e1bor Baross utca. At the end of the road, where the main road turns to the right, turn left into Margit utca, pass in front of the Centen\u00e1rium housing estate and turn right at the car service into Datolya utca.<\/p>\n\n\n\n\n\r\n<p><iframe style=\"border: 0;\" src=\"https:\/\/www.google.com\/maps\/embed?pb=!1m18!1m12!1m3!1d10472.563295868167!2d19.17020028278587!3d47.51215293037863!2m3!1f0!2f0!3f0!3m2!1i1024!2i768!4f13.1!3m3!1m2!1s0x4741c4bef6f0e699%3A0xcb9ed5eb3a2afbb!2sBudapest%2C+Datolya+u.+33%2C+1163!5e0!3m2!1shu!2shu!4v1526463080581\" width=\"100%\" height=\"450\" frameborder=\"0\" allowfullscreen=\"allowfullscreen\"><\/iframe><\/p>\r\n\n\n","protected":false},"excerpt":{"rendered":"","protected":false},"author":1,"featured_media":0,"parent":0,"menu_order":0,"comment_status":"closed","ping_status":"closed","template":"","meta":{"pagelayer_contact_templates":[],"_pagelayer_content":"","_monsterinsights_skip_tracking":false,"_monsterinsights_sitenote_active":false,"_monsterinsights_sitenote_note":"","_monsterinsights_sitenote_category":0,"footnotes":""},"class_list":["post-41","page","type-page","status-publish","hentry"],"yoast_head":"<!-- This site is optimized with the Yoast SEO plugin v27.5 - https:\/\/yoast.com\/product\/yoast-seo-wordpress\/ -->\n<title>Contact<\/title>\n<meta name=\"robots\" content=\"index, follow, max-snippet:-1, max-image-preview:large, max-video-preview:-1\" \/>\n<link rel=\"canonical\" href=\"https:\/\/naturistland.hu\/en\/kapcsolat\/\" \/>\n<meta property=\"og:locale\" content=\"en_US\" \/>\n<meta property=\"og:locale:alternate\" content=\"hu_HU\" \/>\n<meta property=\"og:locale:alternate\" content=\"de_DE\" \/>\n<meta property=\"og:type\" content=\"article\" \/>\n<meta property=\"og:title\" content=\"Contact\" \/>\n<meta property=\"og:url\" content=\"https:\/\/naturistland.hu\/en\/kapcsolat\/\" \/>\n<meta property=\"og:site_name\" content=\"Naturistland\" \/>\n<meta property=\"article:publisher\" content=\"https:\/\/facebook.com\/naturistland\" \/>\n<meta property=\"article:modified_time\" content=\"2025-01-11T14:16:58+00:00\" \/>\n<meta property=\"og:image\" content=\"https:\/\/naturistland.hu\/wp-content\/uploads\/2024\/01\/naturistland_op2.jpg\" \/>\n\t<meta property=\"og:image:width\" content=\"1429\" \/>\n\t<meta property=\"og:image:height\" content=\"803\" \/>\n\t<meta property=\"og:image:type\" content=\"image\/jpeg\" \/>\n<meta name=\"twitter:card\" content=\"summary_large_image\" \/>\n<meta name=\"twitter:label1\" content=\"Est. reading time\" \/>\n\t<meta name=\"twitter:data1\" content=\"2 minutes\" \/>\n<script type=\"application\/ld+json\" class=\"yoast-schema-graph\">{\"@context\":\"https:\\\/\\\/schema.org\",\"@graph\":[{\"@type\":\"WebPage\",\"@id\":\"https:\\\/\\\/naturistland.hu\\\/kapcsolat\\\/\",\"url\":\"https:\\\/\\\/naturistland.hu\\\/kapcsolat\\\/\",\"name\":\"Contact\",\"isPartOf\":{\"@id\":\"https:\\\/\\\/naturistland.hu\\\/#website\"},\"datePublished\":\"2023-10-25T14:03:00+00:00\",\"dateModified\":\"2025-01-11T14:16:58+00:00\",\"breadcrumb\":{\"@id\":\"https:\\\/\\\/naturistland.hu\\\/kapcsolat\\\/#breadcrumb\"},\"inLanguage\":\"en-US\",\"potentialAction\":[{\"@type\":\"ReadAction\",\"target\":[\"https:\\\/\\\/naturistland.hu\\\/kapcsolat\\\/\"]}]},{\"@type\":\"BreadcrumbList\",\"@id\":\"https:\\\/\\\/naturistland.hu\\\/kapcsolat\\\/#breadcrumb\",\"itemListElement\":[{\"@type\":\"ListItem\",\"position\":1,\"name\":\"Home\",\"item\":\"https:\\\/\\\/naturistland.hu\\\/de\\\/\"},{\"@type\":\"ListItem\",\"position\":2,\"name\":\"Kapcsolat\"}]},{\"@type\":\"WebSite\",\"@id\":\"https:\\\/\\\/naturistland.hu\\\/#website\",\"url\":\"https:\\\/\\\/naturistland.hu\\\/\",\"name\":\"Naturistland\",\"description\":\"Naturista lehet\u0151s\u00e9gek priv\u00e1t k\u00f6rnyezetben\",\"publisher\":{\"@id\":\"https:\\\/\\\/naturistland.hu\\\/#organization\"},\"potentialAction\":[{\"@type\":\"SearchAction\",\"target\":{\"@type\":\"EntryPoint\",\"urlTemplate\":\"https:\\\/\\\/naturistland.hu\\\/?s={search_term_string}\"},\"query-input\":{\"@type\":\"PropertyValueSpecification\",\"valueRequired\":true,\"valueName\":\"search_term_string\"}}],\"inLanguage\":\"en-US\"},{\"@type\":\"Organization\",\"@id\":\"https:\\\/\\\/naturistland.hu\\\/#organization\",\"name\":\"Naturistland\",\"url\":\"https:\\\/\\\/naturistland.hu\\\/\",\"logo\":{\"@type\":\"ImageObject\",\"inLanguage\":\"en-US\",\"@id\":\"https:\\\/\\\/naturistland.hu\\\/#\\\/schema\\\/logo\\\/image\\\/\",\"url\":\"https:\\\/\\\/naturistland.hu\\\/wp-content\\\/uploads\\\/2023\\\/10\\\/cropped-cropped-nllogo.jpg\",\"contentUrl\":\"https:\\\/\\\/naturistland.hu\\\/wp-content\\\/uploads\\\/2023\\\/10\\\/cropped-cropped-nllogo.jpg\",\"width\":512,\"height\":512,\"caption\":\"Naturistland\"},\"image\":{\"@id\":\"https:\\\/\\\/naturistland.hu\\\/#\\\/schema\\\/logo\\\/image\\\/\"},\"sameAs\":[\"https:\\\/\\\/facebook.com\\\/naturistland\"]}]}<\/script>\n<!-- \/ Yoast SEO plugin. -->","yoast_head_json":{"title":"Contact","robots":{"index":"index","follow":"follow","max-snippet":"max-snippet:-1","max-image-preview":"max-image-preview:large","max-video-preview":"max-video-preview:-1"},"canonical":"https:\/\/naturistland.hu\/en\/kapcsolat\/","og_locale":"en_US","og_type":"article","og_title":"[:hu]Kapcsolat[:en]Contact[:de]Kontakt[:] - Naturistland","og_url":"https:\/\/naturistland.hu\/en\/kapcsolat\/","og_site_name":"Naturistland","article_publisher":"https:\/\/facebook.com\/naturistland","article_modified_time":"2025-01-11T14:16:58+00:00","og_image":[{"width":1429,"height":803,"url":"https:\/\/naturistland.hu\/wp-content\/uploads\/2024\/01\/naturistland_op2.jpg","type":"image\/jpeg"}],"twitter_card":"summary_large_image","twitter_misc":{"Est. reading time":"2 minutes"},"schema":{"@context":"https:\/\/schema.org","@graph":[{"@type":"WebPage","@id":"https:\/\/naturistland.hu\/kapcsolat\/","url":"https:\/\/naturistland.hu\/kapcsolat\/","name":"Contact","isPartOf":{"@id":"https:\/\/naturistland.hu\/#website"},"datePublished":"2023-10-25T14:03:00+00:00","dateModified":"2025-01-11T14:16:58+00:00","breadcrumb":{"@id":"https:\/\/naturistland.hu\/kapcsolat\/#breadcrumb"},"inLanguage":"en-US","potentialAction":[{"@type":"ReadAction","target":["https:\/\/naturistland.hu\/kapcsolat\/"]}]},{"@type":"BreadcrumbList","@id":"https:\/\/naturistland.hu\/kapcsolat\/#breadcrumb","itemListElement":[{"@type":"ListItem","position":1,"name":"Home","item":"https:\/\/naturistland.hu\/de\/"},{"@type":"ListItem","position":2,"name":"Kapcsolat"}]},{"@type":"WebSite","@id":"https:\/\/naturistland.hu\/#website","url":"https:\/\/naturistland.hu\/","name":"Naturistland","description":"Naturista lehet\u0151s\u00e9gek priv\u00e1t k\u00f6rnyezetben","publisher":{"@id":"https:\/\/naturistland.hu\/#organization"},"potentialAction":[{"@type":"SearchAction","target":{"@type":"EntryPoint","urlTemplate":"https:\/\/naturistland.hu\/?s={search_term_string}"},"query-input":{"@type":"PropertyValueSpecification","valueRequired":true,"valueName":"search_term_string"}}],"inLanguage":"en-US"},{"@type":"Organization","@id":"https:\/\/naturistland.hu\/#organization","name":"Naturistland","url":"https:\/\/naturistland.hu\/","logo":{"@type":"ImageObject","inLanguage":"en-US","@id":"https:\/\/naturistland.hu\/#\/schema\/logo\/image\/","url":"https:\/\/naturistland.hu\/wp-content\/uploads\/2023\/10\/cropped-cropped-nllogo.jpg","contentUrl":"https:\/\/naturistland.hu\/wp-content\/uploads\/2023\/10\/cropped-cropped-nllogo.jpg","width":512,"height":512,"caption":"Naturistland"},"image":{"@id":"https:\/\/naturistland.hu\/#\/schema\/logo\/image\/"},"sameAs":["https:\/\/facebook.com\/naturistland"]}]}},"_links":{"self":[{"href":"https:\/\/naturistland.hu\/en\/wp-json\/wp\/v2\/pages\/41","targetHints":{"allow":["GET"]}}],"collection":[{"href":"https:\/\/naturistland.hu\/en\/wp-json\/wp\/v2\/pages"}],"about":[{"href":"https:\/\/naturistland.hu\/en\/wp-json\/wp\/v2\/types\/page"}],"author":[{"embeddable":true,"href":"https:\/\/naturistland.hu\/en\/wp-json\/wp\/v2\/users\/1"}],"replies":[{"embeddable":true,"href":"https:\/\/naturistland.hu\/en\/wp-json\/wp\/v2\/comments?post=41"}],"version-history":[{"count":21,"href":"https:\/\/naturistland.hu\/en\/wp-json\/wp\/v2\/pages\/41\/revisions"}],"predecessor-version":[{"id":765,"href":"https:\/\/naturistland.hu\/en\/wp-json\/wp\/v2\/pages\/41\/revisions\/765"}],"wp:attachment":[{"href":"https:\/\/naturistland.hu\/en\/wp-json\/wp\/v2\/media?parent=41"}],"curies":[{"name":"wp","href":"https:\/\/api.w.org\/{rel}","templated":true}]}}