{"id":446,"date":"2023-11-02T20:10:44","date_gmt":"2023-11-02T20:10:44","guid":{"rendered":"https:\/\/naturistland.hu\/?page_id=446"},"modified":"2024-12-15T10:18:25","modified_gmt":"2024-12-15T10:18:25","slug":"linkek","status":"publish","type":"page","link":"https:\/\/naturistland.hu\/en\/linkek\/","title":{"rendered":"Linkek"},"content":{"rendered":"\n\n\n<h6>Other naturist options in Hungary:<\/h6>\n<p>&nbsp;<\/p>\n<p style=\"color: #000000;\"><span style=\"font-family: tahoma, verdana;\"><a href=\"http:\/\/www.navke.hu\/\">Naturist\u00e1k Virtu\u00e1lis Klubja egyes\u00fclet<\/a><\/span><\/p>\n<p style=\"color: #000000;\"><span style=\"font-family: tahoma, verdana;\"><a href=\"http:\/\/www.namasz.hu\/\">NAturist\u00e1k MAgyarorsz\u00e1gi SZ\u00f6vets\u00e9ge<\/a><br><\/span><\/p>\n<p style=\"color: #000000;\"><span style=\"font-family: tahoma, verdana;\"><a href=\"http:\/\/www.nudi.hu\/\">SZIKI Naturista Egyes\u00fclet<\/a><\/span><\/p>\n<p style=\"color: #000000;\"><span style=\"font-family: tahoma, verdana;\"><a href=\"https:\/\/www.balatontourist.hu\/hu\/balatoni-kempingek-szallashelyek\/bereny\">Naturista Kemping Balatonber\u00e9ny<\/a><\/span><\/p>\n<p style=\"color: #000000;\"><a href=\"http:\/\/www.naturista.hu\/\"><span style=\"font-family: tahoma, verdana;\">Magyar Naturist\u00e1k Egyes\u00fclete \u00e9s a d\u00e9legyh\u00e1zi Naturista Kemping<\/span><\/a><a href=\"https:\/\/gaiaelmeny.hu\/\"><br><span style=\"font-family: tahoma, verdana;\">Ghaia elmeny<\/span><\/a><br><a style=\"font-family: tahoma, verdana;\" href=\"http:\/\/www.v-8.hu\/\">Naturist sauna lin Szentendre V8<\/a><span style=\"color: #888888;\"><span style=\"font-family: tahoma, verdana;\">&nbsp;<\/span><span style=\"font-family: tahoma, verdana;\">(kedd \u00e9s p\u00e9ntek este)<\/span><\/span><\/p>\n<p style=\"color: #000000;\">&nbsp;<\/p>\n\n","protected":false},"excerpt":{"rendered":"","protected":false},"author":1,"featured_media":0,"parent":0,"menu_order":0,"comment_status":"closed","ping_status":"closed","template":"","meta":{"pagelayer_contact_templates":[],"_pagelayer_content":"","_monsterinsights_skip_tracking":false,"_monsterinsights_sitenote_active":false,"_monsterinsights_sitenote_note":"","_monsterinsights_sitenote_category":0,"footnotes":""},"class_list":["post-446","page","type-page","status-publish","hentry"],"yoast_head":"<!-- This site is optimized with the Yoast SEO plugin v27.5 - https:\/\/yoast.com\/product\/yoast-seo-wordpress\/ -->\n<title>Linkek<\/title>\n<meta name=\"description\" content=\"Tov\u00e1bbi naturista helyek, lehet\u0151s\u00e9gek\" \/>\n<meta name=\"robots\" content=\"index, follow, max-snippet:-1, max-image-preview:large, max-video-preview:-1\" \/>\n<link rel=\"canonical\" href=\"https:\/\/naturistland.hu\/en\/linkek\/\" \/>\n<meta property=\"og:locale\" content=\"en_US\" \/>\n<meta property=\"og:locale:alternate\" content=\"hu_HU\" \/>\n<meta property=\"og:locale:alternate\" content=\"de_DE\" \/>\n<meta property=\"og:type\" content=\"article\" \/>\n<meta property=\"og:title\" content=\"Linkek\" \/>\n<meta property=\"og:description\" content=\"Tov\u00e1bbi naturista helyek, lehet\u0151s\u00e9gek\" \/>\n<meta property=\"og:url\" content=\"https:\/\/naturistland.hu\/en\/linkek\/\" \/>\n<meta property=\"og:site_name\" content=\"Naturistland\" \/>\n<meta property=\"article:publisher\" content=\"https:\/\/facebook.com\/naturistland\" \/>\n<meta property=\"article:modified_time\" content=\"2024-12-15T10:18:25+00:00\" \/>\n<meta property=\"og:image\" content=\"https:\/\/naturistland.hu\/wp-content\/uploads\/2024\/01\/naturistland_op2.jpg\" \/>\n\t<meta property=\"og:image:width\" content=\"1429\" \/>\n\t<meta property=\"og:image:height\" content=\"803\" \/>\n\t<meta property=\"og:image:type\" content=\"image\/jpeg\" \/>\n<meta name=\"twitter:card\" content=\"summary_large_image\" \/>\n<meta name=\"twitter:label1\" content=\"Est. reading time\" \/>\n\t<meta name=\"twitter:data1\" content=\"1 minute\" \/>\n<script type=\"application\/ld+json\" class=\"yoast-schema-graph\">{\"@context\":\"https:\\\/\\\/schema.org\",\"@graph\":[{\"@type\":\"WebPage\",\"@id\":\"https:\\\/\\\/naturistland.hu\\\/en\\\/linkek\\\/\",\"url\":\"https:\\\/\\\/naturistland.hu\\\/en\\\/linkek\\\/\",\"name\":\"Linkek\",\"isPartOf\":{\"@id\":\"https:\\\/\\\/naturistland.hu\\\/#website\"},\"datePublished\":\"2023-11-02T20:10:44+00:00\",\"dateModified\":\"2024-12-15T10:18:25+00:00\",\"description\":\"Tov\u00e1bbi naturista helyek, lehet\u0151s\u00e9gek\",\"breadcrumb\":{\"@id\":\"https:\\\/\\\/naturistland.hu\\\/en\\\/linkek\\\/#breadcrumb\"},\"inLanguage\":\"en-US\",\"potentialAction\":[{\"@type\":\"ReadAction\",\"target\":[\"https:\\\/\\\/naturistland.hu\\\/en\\\/linkek\\\/\"]}]},{\"@type\":\"BreadcrumbList\",\"@id\":\"https:\\\/\\\/naturistland.hu\\\/en\\\/linkek\\\/#breadcrumb\",\"itemListElement\":[{\"@type\":\"ListItem\",\"position\":1,\"name\":\"Home\",\"item\":\"https:\\\/\\\/naturistland.hu\\\/de\\\/\"},{\"@type\":\"ListItem\",\"position\":2,\"name\":\"Linkek\"}]},{\"@type\":\"WebSite\",\"@id\":\"https:\\\/\\\/naturistland.hu\\\/#website\",\"url\":\"https:\\\/\\\/naturistland.hu\\\/\",\"name\":\"Naturistland\",\"description\":\"Naturista lehet\u0151s\u00e9gek priv\u00e1t k\u00f6rnyezetben\",\"publisher\":{\"@id\":\"https:\\\/\\\/naturistland.hu\\\/#organization\"},\"potentialAction\":[{\"@type\":\"SearchAction\",\"target\":{\"@type\":\"EntryPoint\",\"urlTemplate\":\"https:\\\/\\\/naturistland.hu\\\/?s={search_term_string}\"},\"query-input\":{\"@type\":\"PropertyValueSpecification\",\"valueRequired\":true,\"valueName\":\"search_term_string\"}}],\"inLanguage\":\"en-US\"},{\"@type\":\"Organization\",\"@id\":\"https:\\\/\\\/naturistland.hu\\\/#organization\",\"name\":\"Naturistland\",\"url\":\"https:\\\/\\\/naturistland.hu\\\/\",\"logo\":{\"@type\":\"ImageObject\",\"inLanguage\":\"en-US\",\"@id\":\"https:\\\/\\\/naturistland.hu\\\/#\\\/schema\\\/logo\\\/image\\\/\",\"url\":\"https:\\\/\\\/naturistland.hu\\\/wp-content\\\/uploads\\\/2023\\\/10\\\/cropped-cropped-nllogo.jpg\",\"contentUrl\":\"https:\\\/\\\/naturistland.hu\\\/wp-content\\\/uploads\\\/2023\\\/10\\\/cropped-cropped-nllogo.jpg\",\"width\":512,\"height\":512,\"caption\":\"Naturistland\"},\"image\":{\"@id\":\"https:\\\/\\\/naturistland.hu\\\/#\\\/schema\\\/logo\\\/image\\\/\"},\"sameAs\":[\"https:\\\/\\\/facebook.com\\\/naturistland\"]}]}<\/script>\n<!-- \/ Yoast SEO plugin. -->","yoast_head_json":{"title":"Linkek","description":"Tov\u00e1bbi naturista helyek, lehet\u0151s\u00e9gek","robots":{"index":"index","follow":"follow","max-snippet":"max-snippet:-1","max-image-preview":"max-image-preview:large","max-video-preview":"max-video-preview:-1"},"canonical":"https:\/\/naturistland.hu\/en\/linkek\/","og_locale":"en_US","og_type":"article","og_title":"[:hu]Linkek[:en]Linkek[:de]Linkek[:] - Naturistland","og_description":"Tov\u00e1bbi naturista helyek, lehet\u0151s\u00e9gek","og_url":"https:\/\/naturistland.hu\/en\/linkek\/","og_site_name":"Naturistland","article_publisher":"https:\/\/facebook.com\/naturistland","article_modified_time":"2024-12-15T10:18:25+00:00","og_image":[{"width":1429,"height":803,"url":"https:\/\/naturistland.hu\/wp-content\/uploads\/2024\/01\/naturistland_op2.jpg","type":"image\/jpeg"}],"twitter_card":"summary_large_image","twitter_misc":{"Est. reading time":"1 minute"},"schema":{"@context":"https:\/\/schema.org","@graph":[{"@type":"WebPage","@id":"https:\/\/naturistland.hu\/en\/linkek\/","url":"https:\/\/naturistland.hu\/en\/linkek\/","name":"Linkek","isPartOf":{"@id":"https:\/\/naturistland.hu\/#website"},"datePublished":"2023-11-02T20:10:44+00:00","dateModified":"2024-12-15T10:18:25+00:00","description":"Tov\u00e1bbi naturista helyek, lehet\u0151s\u00e9gek","breadcrumb":{"@id":"https:\/\/naturistland.hu\/en\/linkek\/#breadcrumb"},"inLanguage":"en-US","potentialAction":[{"@type":"ReadAction","target":["https:\/\/naturistland.hu\/en\/linkek\/"]}]},{"@type":"BreadcrumbList","@id":"https:\/\/naturistland.hu\/en\/linkek\/#breadcrumb","itemListElement":[{"@type":"ListItem","position":1,"name":"Home","item":"https:\/\/naturistland.hu\/de\/"},{"@type":"ListItem","position":2,"name":"Linkek"}]},{"@type":"WebSite","@id":"https:\/\/naturistland.hu\/#website","url":"https:\/\/naturistland.hu\/","name":"Naturistland","description":"Naturista lehet\u0151s\u00e9gek priv\u00e1t k\u00f6rnyezetben","publisher":{"@id":"https:\/\/naturistland.hu\/#organization"},"potentialAction":[{"@type":"SearchAction","target":{"@type":"EntryPoint","urlTemplate":"https:\/\/naturistland.hu\/?s={search_term_string}"},"query-input":{"@type":"PropertyValueSpecification","valueRequired":true,"valueName":"search_term_string"}}],"inLanguage":"en-US"},{"@type":"Organization","@id":"https:\/\/naturistland.hu\/#organization","name":"Naturistland","url":"https:\/\/naturistland.hu\/","logo":{"@type":"ImageObject","inLanguage":"en-US","@id":"https:\/\/naturistland.hu\/#\/schema\/logo\/image\/","url":"https:\/\/naturistland.hu\/wp-content\/uploads\/2023\/10\/cropped-cropped-nllogo.jpg","contentUrl":"https:\/\/naturistland.hu\/wp-content\/uploads\/2023\/10\/cropped-cropped-nllogo.jpg","width":512,"height":512,"caption":"Naturistland"},"image":{"@id":"https:\/\/naturistland.hu\/#\/schema\/logo\/image\/"},"sameAs":["https:\/\/facebook.com\/naturistland"]}]}},"_links":{"self":[{"href":"https:\/\/naturistland.hu\/en\/wp-json\/wp\/v2\/pages\/446","targetHints":{"allow":["GET"]}}],"collection":[{"href":"https:\/\/naturistland.hu\/en\/wp-json\/wp\/v2\/pages"}],"about":[{"href":"https:\/\/naturistland.hu\/en\/wp-json\/wp\/v2\/types\/page"}],"author":[{"embeddable":true,"href":"https:\/\/naturistland.hu\/en\/wp-json\/wp\/v2\/users\/1"}],"replies":[{"embeddable":true,"href":"https:\/\/naturistland.hu\/en\/wp-json\/wp\/v2\/comments?post=446"}],"version-history":[{"count":26,"href":"https:\/\/naturistland.hu\/en\/wp-json\/wp\/v2\/pages\/446\/revisions"}],"predecessor-version":[{"id":757,"href":"https:\/\/naturistland.hu\/en\/wp-json\/wp\/v2\/pages\/446\/revisions\/757"}],"wp:attachment":[{"href":"https:\/\/naturistland.hu\/en\/wp-json\/wp\/v2\/media?parent=446"}],"curies":[{"name":"wp","href":"https:\/\/api.w.org\/{rel}","templated":true}]}}