{"id":497,"date":"2023-11-04T14:29:27","date_gmt":"2023-11-04T14:29:27","guid":{"rendered":"https:\/\/naturistland.hu\/?page_id=497"},"modified":"2023-11-14T17:55:04","modified_gmt":"2023-11-14T17:55:04","slug":"environment","status":"publish","type":"page","link":"https:\/\/naturistland.hu\/en\/environment\/","title":{"rendered":"The environment"},"content":{"rendered":"\n\n\n<h2 style=\"text-align: center;\">Opportunities in the district and Budapest<\/h2>\n\n\n\n\n<h3 style=\"text-align: left;\">Restaurants, shopping opportunities, etc.<\/h3>\n<h6>Restaurants<\/h6>\n<p>Nosztalgia \u00e9tterem: Kistarcsa, Szabads\u00e1g u. 46. (Mo-Su: 11.30-22.00)<\/p>\n<p>Nempisk\u00f3ta \u00e9tterem: Bp., Sashalmi t\u00e9r 5. (Mo-Fr: 8.00-16.00 Sa: 8.00-15.00)<\/p>\n<p>N\u00e1ndi konyh\u00e1ja: Bp., Veres P. \u00fat 122. (Mo-Sa: 11.00-16.00)<\/p>\n<p>Corners Pizzeria and pub: Bp., R\u00e1kosi \u00fat 112-114. (Mo-Sa: 12.00-23.00, Su: 12.00-22.00)<\/p>\n<p>Etc.<\/p>\n<h6>Confectioneries<\/h6>\n<p>\u00c9des \u00e9let cukr\u00e1szda: Bp., Sashalmi t\u00e9r 5. (Tu-Su: 10.00-18.00)<\/p>\n<p>Habcs\u00f3k cukr\u00e1szda: Bp., \u00dajsz\u00e1sz u. 45\/b. (Mo-Su: 11.00-20.00)<\/p>\n<p>Kertv\u00e1rosi k\u00e1v\u00e9z\u00f3: Bp., Reform\u00e1torok tere 6. (Mo-Su: 10.00-19.00)<\/p>\n<p>&nbsp;<\/p>\n<h6>Shops, shopping opportunities<\/h6>\n<p>Arctic spice by day and by night: Corner of Margit utca &#8211; Bats\u00e1nyi J\u00e1nos utca (0-24),&nbsp;<\/p><p>Spar: Veres P\u00e9ter \u00fat \u2013 H\u0151s\u00f6k fasora sarok<\/p><p>Lidl: Bp., \u00dajsz\u00e1sz utca 47., Bp., J\u00e1nos u. 196.<\/p><p>Shopping mall: \u00c1rk\u00e1d \u2013 \u00d6rs vez\u00e9r tere<\/p><p>Market: Sashalmi piac \u2013 Sashalmi t\u00e9r 1.<\/p><p>Pharmacy: Veres P. u. 34. (Mo-Fr: 8-20), Veres P. \u00fat 11\/b. (0-24)<\/p>\n<p>&nbsp;<\/p>\n<h3>Sights and recreation opportunities in the district<\/h3>\n<h6>Tan\u00e1cs park, Reformatorok tere, lookout point, snow hill running park, slide park<\/h6>\n<p>There is a beautiful park area very close to the apartment, which can provide a pleasant pastime. Just walk up to the end of the street, turn left into Sasv\u00e1r utca, then the third right into Havashalom utca. Here, the mayor&#8217;s office will be on the right-hand side, and Tan\u00e1cs park will be opposite. If you continue walking in the continuation of Havashalom utca in Sashalom utca, you will also find Reform\u00e1torok tere on your left. You will notice it from afar, because there is also a lookout point from which, in good weather, you can enjoy a fantastic view of the entire city. In the park, walking paths, a cafe, and sculptures make relaxation pleasant.<\/p><p>If you want active recreation, you can use the 800-meter, winding running track starting from Tan\u00e1cs Park, where you can satisfy your exercise needs in a beautiful environment. The Havashalom Bowl is also located here, but you will also find other sports fields.<\/p><p>As a continuation of Reform\u00e1torok tere, you will find the slide park in Sashalm, which offers a unique slide opportunity in addition to other sports opportunities.&nbsp;<br><\/p><p><img decoding=\"async\" style=\"color: rgba(15, 12, 12, 0.96);\" src=\"https:\/\/naturistland.hu\/wp-content\/uploads\/2023\/11\/2.jpg\" alt=\"\">&nbsp; &nbsp;<br><img decoding=\"async\" style=\"color: rgba(15, 12, 12, 0.96);\" src=\"https:\/\/naturistland.hu\/wp-content\/uploads\/2023\/11\/3-1.png\" alt=\"\"><\/p>\n<p><img decoding=\"async\" src=\"https:\/\/naturistland.hu\/wp-content\/uploads\/2023\/11\/4.png\" alt=\"\"><br>&nbsp;<img decoding=\"async\" style=\"color: rgba(15, 12, 12, 0.96);\" src=\"https:\/\/naturistland.hu\/wp-content\/uploads\/2023\/11\/5.jpg\" alt=\"\"><br><img decoding=\"async\" style=\"color: rgba(15, 12, 12, 0.96);\" src=\"https:\/\/naturistland.hu\/wp-content\/uploads\/2023\/11\/6.jpg\" alt=\"\"><br><br><\/p>\n<h6>Bicycle park<\/h6>\n<p>If you arrive by bicycle, the district can offer you unprecedented opportunities. Not far from our apartment, at the end of Hermina \u00fat, on both banks of the Szilas stream, you will find a special bicycle park with hilly tracks of various difficulty levels, cr\u00e8che and training tracks, rest areas, games and a buffet.&nbsp; <br>&nbsp;<br><img decoding=\"async\" style=\"color: rgba(15, 12, 12, 0.96);\" src=\"https:\/\/naturistland.hu\/wp-content\/uploads\/2023\/11\/7.png\" alt=\"\">&nbsp;<br><img decoding=\"async\" style=\"color: rgba(15, 12, 12, 0.96);\" src=\"https:\/\/naturistland.hu\/wp-content\/uploads\/2023\/11\/10.png\" alt=\"\"><img decoding=\"async\" style=\"color: rgba(15, 12, 12, 0.96);\" src=\"https:\/\/naturistland.hu\/wp-content\/uploads\/2023\/11\/9.png\" alt=\"\"><\/p>\n<p>&nbsp;<\/p>\n<h6>Szilas creek<\/h6>\n<p>The cycle path that runs past Szilas all the way to Napl\u00e1s t\u00f3 is definitely recommended for cyclists, but it might also be worth walking there.<br><img decoding=\"async\" style=\"color: rgba(15, 12, 12, 0.96);\" src=\"https:\/\/naturistland.hu\/wp-content\/uploads\/2023\/11\/8.png\" alt=\"\"><br><br><\/p>\n<h6>Lake Napl\u00e1s<\/h6>\n<p>A little further away, but still in the district, you can find Napl\u00e1s t\u00f3, Budapest&#8217;s largest body of still water. The lake and its surroundings are a nature reserve. Lake Napl\u00e1s, together with the nearby forested, marshy and marshy habitats, is an im\u00acportant resting place for many waterfowl during the spring and autumn bird migration periods. The area&#8217;s flora and fauna, as well as reptiles and amphibians, are diverse, and the terrapin popu\u00aclation here has been in the center of attention since 2002. A favorite excursion destination, with the\u00acmatic nature trails, a lookout point, and a summer fishing spot. Bathing in the lake or stepping on its ice in winter is prohibited.&nbsp;<br><img decoding=\"async\" style=\"color: rgba(15, 12, 12, 0.96);\" src=\"https:\/\/naturistland.hu\/wp-content\/uploads\/2023\/11\/11.jpg\" alt=\"\"><br><br><\/p>\n<h6>Erzs\u00e9bet liget<\/h6>\n<p>Erzs\u00e9bet Liget, which is part of the old Russian barracks, can be especially interesting on May Day because of the outdoor fair and free concerts, but there is also a theater and a swimming pool.<br><img decoding=\"async\" src=\"https:\/\/naturistland.hu\/wp-content\/uploads\/2023\/11\/12.png\" alt=\"\"><br><br><\/p>\n<h6>Eco market&nbsp;<\/h6>\n<p>On Saturdays, very close to our apartment, the Sashalmi t\u00e9r market operates as an eco-market, where you can buy directly from the producers. The market also has many services, shops, grills, bakeries, confectioneries, restaurants, etc. can also be found.<br><img decoding=\"async\" src=\"https:\/\/naturistland.hu\/wp-content\/uploads\/2023\/11\/13.png\" alt=\"\"><br><br><\/p>\n<p>&nbsp;<\/p>\n<h3 style=\"text-align: left;\">Things to see in Budapest<\/h3>\n<p>Although the sights of Budapest hardly need to be introduced to anyone, we have collected a few below as a reminder for those who have not yet visited our city.<\/p><p><br><\/p>\n<h6>Parlament<\/h6>\n<p>Az Orsz\u00e1gh\u00e1z Budapest egyik legismertebb k\u00f6z\u00e9p\u00fclete, a Magyar Orsz\u00e1ggy\u0171l\u00e9s sz\u00e9khelye. A Duna bal partj\u00e1n, a Kossuth Lajos t\u00e9ren tal\u00e1lhat\u00f3. (Az The Parliament is one of Budapest&#8217;s best-known public buildings, the seat of the Hungarian Parliament. It is located on the left bank of the Danube, on Kossuth Lajos t\u00e9r. (The easiest way to get to the apartment is to take the H\u00c9V to \u00d6rs vez\u00e9r t\u00e9r, and from there take metro number 2 to Kossuth t\u00e9r.)<\/p><p>Based on the plans of Imre Steindl, the building was born in the spirit of historicizing eclecticism, with a baroque floor plan and a baroque mass effect, and its details are basically neo-gothic. The building is 268 m long, 123 m wide and 96 m high, with a floor area of 17,745 square meters. There are 90 sculptures outside and 152 inside, for a total of 242 sculptures on the walls, and frescoes and paintings by famous artists also adorn the Parliament. The Holy Crown and other coronation badges are on display in the Parliament.<\/p><p><img decoding=\"async\" src=\"https:\/\/naturistland.hu\/wp-content\/uploads\/2023\/11\/14.jpg\" alt=\"\" style=\"color: rgba(15, 12, 12, 0.96);\"><br><\/p><p><br><\/p>\n<h6>Buda castle<\/h6>\n<p>The V\u00e1rhegy plateau, located 70 meters above the Danube and 175 meters above sea level, was historically a good strategic position. Its construction started in 1243, then IV. Hungarian King B\u00e9la built his fortress here after the Tatar invasion, and M\u00e1ty\u00e1s Hunyadi the capital of his kingdom. One of the most visited areas of the city, it is characterized by narrow streets lined with colorful old medieval houses. On its territory, there are many monuments of medieval origin, as well as 17th and 18th century century houses and public buildings. There are three main parts of the Buda Castle Quarter: the Buda Castle, Szent Gy\u00f6rgy Square and the historic residential quarter. The offices of the President of the Republic and the Prime Minister are also located here.&nbsp;&nbsp;<br><img decoding=\"async\" src=\"https:\/\/naturistland.hu\/wp-content\/uploads\/2023\/11\/15.png\" alt=\"\"><br><br><\/p>\n<h6>Fisherman&#8217;s bastion<\/h6>\n<p>The Buda Castle is one of the most famous attractions, one of the best-known monuments in Budapest. The unique panorama of Budapest, visible from the neo-Romanesque viewing terraces, unfolds before us. The main facade of the Fisherman&#8217;s Bastion, parallel to the Danube, is about 140 meters long, of which the length of the southern corridor wing is about 40 meters, the northern one 65 meters, while the decorative middle parapet wall is 35 meters long. Its stone towers with peaked caps symbolize the seven conquering leaders of Hungary.<\/p>\n<p><img decoding=\"async\" src=\"https:\/\/naturistland.hu\/wp-content\/uploads\/2023\/11\/16.png\" alt=\"\"><br><br><\/p>\n<h6>Heroes&#8217; Square<\/h6>\n<p>H\u0151s\u00f6k tere is Budapest&#8217;s largest and most influential square. The three main elements of the square are the Art Gallery built in 1896, the Fine Arts Museum opened in December 1906, and the Millen\u00acnium Monument that visually connects the two. There are statues of 14 emblematic historical figures, with an obelisk in the middle, and a statue of the Archangel Gabriel on top, which won the grand prize at the 1900 Paris World Exhibition. H\u0151s\u00f6k tere, together with Andr\u00e1ssy \u00fat lying in front of it, is part of the world heritage.<br><img decoding=\"async\" src=\"https:\/\/naturistland.hu\/wp-content\/uploads\/2023\/11\/17.jpg\" alt=\"\"><br><br><\/p>\n<h6>V\u00e1rosliget<\/h6>\n<p>V\u00e1rosliget is one of the largest public parks in Budapest, with an area of approximately 1 km\u00b2. The V\u00e1rosligeti lake is located here, part of which is used as an artificial ice rink in winter. In the park you can also find many other attractions, such as the Capital Zoo and Botanical Garden, museums, spa, Vajdahunyad Castle, House of Hungarian Music, etc.<br><br><\/p>\n<h6>Sz\u00e9ch\u00e9nyi bath<\/h6>\n<p>It is one of the largest spa complexes in Europe, in which there are 21 open and covered pools filled with medicinal water. Various medical treatments can be used in the spa, and day hospitals also operate.<br>&nbsp;<img decoding=\"async\" src=\"https:\/\/naturistland.hu\/wp-content\/uploads\/2023\/11\/18.jpg\" alt=\"\"><br><br><\/p>\n<h6>Vajdahunyad castle<\/h6>\n<p>A copy of the Vajdahunyad castle, which originally stood in Transylvania, can be found in the V\u00e1rosliget, which can be reached via four bridges. The castle houses the Hungarian Agricultural Museum and a chapel. It consists of a series of pavilions built in different architectural styles, the ensemble&#8217;s constituent pavilions are replicas of several emblematic buildings from different parts of the medieval Kingdom of Hungary.&nbsp;&nbsp;<br>&nbsp;<img decoding=\"async\" src=\"https:\/\/naturistland.hu\/wp-content\/uploads\/2023\/11\/19.jpg\" alt=\"\"><br><br><\/p>\n<h6>House of Hungarian music<\/h6>\n<p>The modern building designed by the Japanese architect Sou Fujimoto, which has won several prestigious awards, reveals countless experiences of music to its visitors with its diverse program offer. In the institution&#8217;s permanent exhibitions, both universal and Hungarian music history play an important role, and its programs cover all musical styles.<br><img decoding=\"async\" src=\"https:\/\/naturistland.hu\/wp-content\/uploads\/2023\/11\/20.png\" alt=\"\"><br><br><\/p>\n<h6>Museum of Ethnography<\/h6>\n<p>The Museum of Ethnography in Budapest is one of Europe&#8217;s major specialist museums, and thanks to its new building, completed in 2022, it is one of the most modern ethnographic institutions in the world. In addition to nearly 225,000 ethnographic objects, the collection includes unique photographs, manuscripts, photographs, folk music and film recordings. Its building is also an open cultural space, which, with its unique appearance, is a defining attraction of modern architecture.<br><img decoding=\"async\" src=\"https:\/\/naturistland.hu\/wp-content\/uploads\/2023\/11\/21.jpg\" alt=\"\"><br><br><\/p>\n<h6>Gell\u00e9rt hill, Citadella<\/h6>\n<p>The Citadella is a fortress on top of Gell\u00e9rt Hill, which was built in 1854 after the defeat of the 1848-49 War of Independence. It is as emblematic of Budapest as the Statue of Liberty is of New York. The citadel offers an excellent panoramic view of the city, as we can see the Buda Castle, the Parliament, the Danube bridges and the entire Pest side at the same time.<br>&nbsp;<img decoding=\"async\" src=\"https:\/\/naturistland.hu\/wp-content\/uploads\/2023\/11\/22.png\" alt=\"\"><br><br><\/p>\n<h6>Great Market Hall<\/h6>\n<p>It is one of the largest covered markets in Budapest, and also one of the most beautiful buildings of its kind in Europe. A huge building with a roof covered with Zsolnay tiles, where you can buy quality food and Hungarian souvenirs.<br><br><\/p>\n<h6>Opera house<\/h6>\n<p>It is the only theater in Hungary with a large troupe and specifically specialized in operas and ballets. The building is one of Budapest&#8217;s most significant 19th-century monuments. It was built in Neo-Renaissance style based on the designs of Mikl\u00f3s Ybl. Renowned Hungarian artists collaborated in the design of the richly decorated interior spaces.<br>&nbsp;<img decoding=\"async\" src=\"https:\/\/naturistland.hu\/wp-content\/uploads\/2023\/11\/23.png\" alt=\"\"><br><br><\/p>\n<h6>Downtown<\/h6>\n<p>There are many pedestrian streets and squares in downtown Budapest. The most prominent of these are V\u00e1ci utca, V\u00f6r\u00f6smarty t\u00e9r and J\u00f3zsef N\u00e1dor t\u00e9r. V\u00e1ci utca, Budapest&#8217;s famous shopping and pedestrian street, runs nearly two kilometers long, from V\u00f6r\u00f6smarty t\u00e9r to the V\u00e1s\u00e1rcsarno. Halfway, at the Erzs\u00e9bet bridge, Kossuth Lajos street crosses it. The northern part of V\u00e1ci utca is lined with many fashion brand stores, while the southern part is better known for souvenir shops and bistros.<\/p>\n<p>&nbsp;<\/p>\n<h6>Saint Stephen&#8217;s Basilica<\/h6>\n<p>The Basilica of St. Stephen is a Neo-Renaissance style building in downtown Budapest. This is one of the most important church buildings in Hungary, one of the most visited landmarks in Budapest, the guarding place of Szent Jobb. The building is 96 meters high, 87.4 meters long, and 55 meters wide, making it the third tallest building in the capital. Its capacity is eight thousand people.&nbsp;<br><img decoding=\"async\" src=\"https:\/\/naturistland.hu\/wp-content\/uploads\/2023\/11\/24.jpg\" alt=\"\"><br><br><\/p>\n<h6>Synagogue<\/h6>\n<p>Europe&#8217;s largest synagogue is located in Doh\u00e1ny Street in Budapest. Built in the neo-Moorish style, the building, which can accommodate 3,000 people, stands in the former Jewish quarter, where many people of the Jewish religion still live today, who keep the traditions to this day. In its yard stands a memorial reminiscent of a sad willow tree, on the leaves of which the names of the martyrs of the Holocaust have been immortalized. On the tree approx. There are 30,000 letters, almost all of which have a name on them.<br><img decoding=\"async\" style=\"color: rgba(15, 12, 12, 0.96);\" src=\"https:\/\/naturistland.hu\/wp-content\/uploads\/2023\/11\/25.jpg\" alt=\"\"><br><br><\/p>\n<h6>Danube-korz\u00f3, Vigad\u00f3<\/h6>\n<p>If you are walking in the city center, you should look out for the Danube promenade, the pedestrian area between the Chain Bridge and the Elizabeth Bridge, which is lined with sculptures, restaurants, cafes, terrace bars and casinos. Of these, the Vigad\u00f3 building stands out, a uniquely beautiful building that was the venue for a wide variety of balls and social events, where the best-known composers of the era Liszt, Wagner, Brahms, Debussy and Bart\u00f3k performed.&nbsp;<br><img decoding=\"async\" src=\"https:\/\/naturistland.hu\/wp-content\/uploads\/2023\/11\/26.jpg\" alt=\"\"><br><br><\/p>\n<h6>Margaret island<\/h6>\n<p>Margaret Island is a 2.5 km long, 500 meter wide island on the Danube, in the northern part of Budapest. You can also find a Japanese garden, a petting zoo, Franciscan and Dominican monastery ruins, a swimming pool and a musical fountain.<br><br><\/p>\n<h6>Aquincum<\/h6>\n<p>Aquincum was a Roman military camp and civil settlement in the area of today&#8217;s Budapest, the capital of the eastern half of Pannonia. The written history of the Budapest area begins with the Roman garrison, Aquincum, which was founded around 89 on the right bank of the Danube, near a Celtic settlement. A little south of Aquincum there is also an Amphitheater, but only its ruins remain.<br>&nbsp;<img decoding=\"async\" src=\"https:\/\/naturistland.hu\/wp-content\/uploads\/2023\/11\/27.jpg\" alt=\"\"><br><br><\/p>\n<h6>Etc.<\/h6>\n<p>&nbsp;<\/p>\n\n","protected":false},"excerpt":{"rendered":"","protected":false},"author":1,"featured_media":0,"parent":0,"menu_order":0,"comment_status":"closed","ping_status":"closed","template":"","meta":{"pagelayer_contact_templates":[],"_pagelayer_content":"","_monsterinsights_skip_tracking":false,"_monsterinsights_sitenote_active":false,"_monsterinsights_sitenote_note":"","_monsterinsights_sitenote_category":0,"footnotes":""},"class_list":["post-497","page","type-page","status-publish","hentry"],"yoast_head":"<!-- This site is optimized with the Yoast SEO plugin v27.5 - https:\/\/yoast.com\/product\/yoast-seo-wordpress\/ -->\n<title>The environment<\/title>\n<meta name=\"description\" content=\"L\u00e1tnival\u00f3k a k\u00f6rny\u00e9ken\" \/>\n<meta name=\"robots\" content=\"index, follow, max-snippet:-1, max-image-preview:large, max-video-preview:-1\" \/>\n<link rel=\"canonical\" href=\"https:\/\/naturistland.hu\/en\/environment\/\" \/>\n<meta property=\"og:locale\" content=\"en_US\" \/>\n<meta property=\"og:locale:alternate\" content=\"hu_HU\" \/>\n<meta property=\"og:locale:alternate\" content=\"de_DE\" \/>\n<meta property=\"og:type\" content=\"article\" \/>\n<meta property=\"og:title\" content=\"The environment\" \/>\n<meta property=\"og:description\" content=\"L\u00e1tnival\u00f3k a k\u00f6rny\u00e9ken\" \/>\n<meta property=\"og:url\" content=\"https:\/\/naturistland.hu\/en\/environment\/\" \/>\n<meta property=\"og:site_name\" content=\"Naturistland\" \/>\n<meta property=\"article:publisher\" content=\"https:\/\/facebook.com\/naturistland\" \/>\n<meta property=\"article:modified_time\" content=\"2023-11-14T17:55:04+00:00\" \/>\n<meta property=\"og:image\" content=\"https:\/\/naturistland.hu\/wp-content\/uploads\/2023\/11\/2.jpg\" \/>\n<meta name=\"twitter:card\" content=\"summary_large_image\" \/>\n<meta name=\"twitter:label1\" content=\"Est. reading time\" \/>\n\t<meta name=\"twitter:data1\" content=\"14 minutes\" \/>\n<script type=\"application\/ld+json\" class=\"yoast-schema-graph\">{\"@context\":\"https:\\\/\\\/schema.org\",\"@graph\":[{\"@type\":\"WebPage\",\"@id\":\"https:\\\/\\\/naturistland.hu\\\/en\\\/environment\\\/\",\"url\":\"https:\\\/\\\/naturistland.hu\\\/en\\\/environment\\\/\",\"name\":\"The environment\",\"isPartOf\":{\"@id\":\"https:\\\/\\\/naturistland.hu\\\/#website\"},\"primaryImageOfPage\":{\"@id\":\"https:\\\/\\\/naturistland.hu\\\/en\\\/environment\\\/#primaryimage\"},\"image\":{\"@id\":\"https:\\\/\\\/naturistland.hu\\\/en\\\/environment\\\/#primaryimage\"},\"thumbnailUrl\":\"https:\\\/\\\/naturistland.hu\\\/wp-content\\\/uploads\\\/2023\\\/11\\\/2.jpg\",\"datePublished\":\"2023-11-04T14:29:27+00:00\",\"dateModified\":\"2023-11-14T17:55:04+00:00\",\"description\":\"L\u00e1tnival\u00f3k a k\u00f6rny\u00e9ken\",\"breadcrumb\":{\"@id\":\"https:\\\/\\\/naturistland.hu\\\/en\\\/environment\\\/#breadcrumb\"},\"inLanguage\":\"en-US\",\"potentialAction\":[{\"@type\":\"ReadAction\",\"target\":[\"https:\\\/\\\/naturistland.hu\\\/en\\\/environment\\\/\"]}]},{\"@type\":\"ImageObject\",\"inLanguage\":\"en-US\",\"@id\":\"https:\\\/\\\/naturistland.hu\\\/en\\\/environment\\\/#primaryimage\",\"url\":\"https:\\\/\\\/naturistland.hu\\\/wp-content\\\/uploads\\\/2023\\\/11\\\/2.jpg\",\"contentUrl\":\"https:\\\/\\\/naturistland.hu\\\/wp-content\\\/uploads\\\/2023\\\/11\\\/2.jpg\"},{\"@type\":\"BreadcrumbList\",\"@id\":\"https:\\\/\\\/naturistland.hu\\\/en\\\/environment\\\/#breadcrumb\",\"itemListElement\":[{\"@type\":\"ListItem\",\"position\":1,\"name\":\"Home\",\"item\":\"https:\\\/\\\/naturistland.hu\\\/de\\\/\"},{\"@type\":\"ListItem\",\"position\":2,\"name\":\"The environment\"}]},{\"@type\":\"WebSite\",\"@id\":\"https:\\\/\\\/naturistland.hu\\\/#website\",\"url\":\"https:\\\/\\\/naturistland.hu\\\/\",\"name\":\"Naturistland\",\"description\":\"Naturista lehet\u0151s\u00e9gek priv\u00e1t k\u00f6rnyezetben\",\"publisher\":{\"@id\":\"https:\\\/\\\/naturistland.hu\\\/#organization\"},\"potentialAction\":[{\"@type\":\"SearchAction\",\"target\":{\"@type\":\"EntryPoint\",\"urlTemplate\":\"https:\\\/\\\/naturistland.hu\\\/?s={search_term_string}\"},\"query-input\":{\"@type\":\"PropertyValueSpecification\",\"valueRequired\":true,\"valueName\":\"search_term_string\"}}],\"inLanguage\":\"en-US\"},{\"@type\":\"Organization\",\"@id\":\"https:\\\/\\\/naturistland.hu\\\/#organization\",\"name\":\"Naturistland\",\"url\":\"https:\\\/\\\/naturistland.hu\\\/\",\"logo\":{\"@type\":\"ImageObject\",\"inLanguage\":\"en-US\",\"@id\":\"https:\\\/\\\/naturistland.hu\\\/#\\\/schema\\\/logo\\\/image\\\/\",\"url\":\"https:\\\/\\\/naturistland.hu\\\/wp-content\\\/uploads\\\/2023\\\/10\\\/cropped-cropped-nllogo.jpg\",\"contentUrl\":\"https:\\\/\\\/naturistland.hu\\\/wp-content\\\/uploads\\\/2023\\\/10\\\/cropped-cropped-nllogo.jpg\",\"width\":512,\"height\":512,\"caption\":\"Naturistland\"},\"image\":{\"@id\":\"https:\\\/\\\/naturistland.hu\\\/#\\\/schema\\\/logo\\\/image\\\/\"},\"sameAs\":[\"https:\\\/\\\/facebook.com\\\/naturistland\"]}]}<\/script>\n<!-- \/ Yoast SEO plugin. -->","yoast_head_json":{"title":"The environment","description":"L\u00e1tnival\u00f3k a k\u00f6rny\u00e9ken","robots":{"index":"index","follow":"follow","max-snippet":"max-snippet:-1","max-image-preview":"max-image-preview:large","max-video-preview":"max-video-preview:-1"},"canonical":"https:\/\/naturistland.hu\/en\/environment\/","og_locale":"en_US","og_type":"article","og_title":"[:hu]A k\u00f6rny\u00e9k[:en]The environment[:] - Naturistland","og_description":"L\u00e1tnival\u00f3k a k\u00f6rny\u00e9ken","og_url":"https:\/\/naturistland.hu\/en\/environment\/","og_site_name":"Naturistland","article_publisher":"https:\/\/facebook.com\/naturistland","article_modified_time":"2023-11-14T17:55:04+00:00","og_image":[{"url":"https:\/\/naturistland.hu\/wp-content\/uploads\/2023\/11\/2.jpg","type":"","width":"","height":""}],"twitter_card":"summary_large_image","twitter_misc":{"Est. reading time":"14 minutes"},"schema":{"@context":"https:\/\/schema.org","@graph":[{"@type":"WebPage","@id":"https:\/\/naturistland.hu\/en\/environment\/","url":"https:\/\/naturistland.hu\/en\/environment\/","name":"The environment","isPartOf":{"@id":"https:\/\/naturistland.hu\/#website"},"primaryImageOfPage":{"@id":"https:\/\/naturistland.hu\/en\/environment\/#primaryimage"},"image":{"@id":"https:\/\/naturistland.hu\/en\/environment\/#primaryimage"},"thumbnailUrl":"https:\/\/naturistland.hu\/wp-content\/uploads\/2023\/11\/2.jpg","datePublished":"2023-11-04T14:29:27+00:00","dateModified":"2023-11-14T17:55:04+00:00","description":"L\u00e1tnival\u00f3k a k\u00f6rny\u00e9ken","breadcrumb":{"@id":"https:\/\/naturistland.hu\/en\/environment\/#breadcrumb"},"inLanguage":"en-US","potentialAction":[{"@type":"ReadAction","target":["https:\/\/naturistland.hu\/en\/environment\/"]}]},{"@type":"ImageObject","inLanguage":"en-US","@id":"https:\/\/naturistland.hu\/en\/environment\/#primaryimage","url":"https:\/\/naturistland.hu\/wp-content\/uploads\/2023\/11\/2.jpg","contentUrl":"https:\/\/naturistland.hu\/wp-content\/uploads\/2023\/11\/2.jpg"},{"@type":"BreadcrumbList","@id":"https:\/\/naturistland.hu\/en\/environment\/#breadcrumb","itemListElement":[{"@type":"ListItem","position":1,"name":"Home","item":"https:\/\/naturistland.hu\/de\/"},{"@type":"ListItem","position":2,"name":"The environment"}]},{"@type":"WebSite","@id":"https:\/\/naturistland.hu\/#website","url":"https:\/\/naturistland.hu\/","name":"Naturistland","description":"Naturista lehet\u0151s\u00e9gek priv\u00e1t k\u00f6rnyezetben","publisher":{"@id":"https:\/\/naturistland.hu\/#organization"},"potentialAction":[{"@type":"SearchAction","target":{"@type":"EntryPoint","urlTemplate":"https:\/\/naturistland.hu\/?s={search_term_string}"},"query-input":{"@type":"PropertyValueSpecification","valueRequired":true,"valueName":"search_term_string"}}],"inLanguage":"en-US"},{"@type":"Organization","@id":"https:\/\/naturistland.hu\/#organization","name":"Naturistland","url":"https:\/\/naturistland.hu\/","logo":{"@type":"ImageObject","inLanguage":"en-US","@id":"https:\/\/naturistland.hu\/#\/schema\/logo\/image\/","url":"https:\/\/naturistland.hu\/wp-content\/uploads\/2023\/10\/cropped-cropped-nllogo.jpg","contentUrl":"https:\/\/naturistland.hu\/wp-content\/uploads\/2023\/10\/cropped-cropped-nllogo.jpg","width":512,"height":512,"caption":"Naturistland"},"image":{"@id":"https:\/\/naturistland.hu\/#\/schema\/logo\/image\/"},"sameAs":["https:\/\/facebook.com\/naturistland"]}]}},"_links":{"self":[{"href":"https:\/\/naturistland.hu\/en\/wp-json\/wp\/v2\/pages\/497","targetHints":{"allow":["GET"]}}],"collection":[{"href":"https:\/\/naturistland.hu\/en\/wp-json\/wp\/v2\/pages"}],"about":[{"href":"https:\/\/naturistland.hu\/en\/wp-json\/wp\/v2\/types\/page"}],"author":[{"embeddable":true,"href":"https:\/\/naturistland.hu\/en\/wp-json\/wp\/v2\/users\/1"}],"replies":[{"embeddable":true,"href":"https:\/\/naturistland.hu\/en\/wp-json\/wp\/v2\/comments?post=497"}],"version-history":[{"count":18,"href":"https:\/\/naturistland.hu\/en\/wp-json\/wp\/v2\/pages\/497\/revisions"}],"predecessor-version":[{"id":642,"href":"https:\/\/naturistland.hu\/en\/wp-json\/wp\/v2\/pages\/497\/revisions\/642"}],"wp:attachment":[{"href":"https:\/\/naturistland.hu\/en\/wp-json\/wp\/v2\/media?parent=497"}],"curies":[{"name":"wp","href":"https:\/\/api.w.org\/{rel}","templated":true}]}}