{"id":821,"date":"2026-04-27T14:33:18","date_gmt":"2026-04-27T14:33:18","guid":{"rendered":"https:\/\/naturistland.hu\/wp-booking-calendar-contact\/"},"modified":"2026-04-27T14:33:18","modified_gmt":"2026-04-27T14:33:18","slug":"wp-booking-calendar-contact","status":"publish","type":"page","link":"https:\/\/naturistland.hu\/en\/wp-booking-calendar-contact\/","title":{"rendered":"Contact Form"},"content":{"rendered":" <div id=\"form_id1046882836046\" class=\"wpbc_container wpbc_form wpbc_container_booking_form \" ><form id=\"booking_form1\" class=\"booking_form vertical\" method=\"post\" action=\"\"><div id=\"ajax_respond_insert1\" class=\"ajax_respond_insert\" style=\"display:none;\"><\/div><a name=\"bklnk1\" id=\"bklnk1\"><\/a><div id=\"booking_form_div1\" class=\"booking_form_div\"><textarea id=\"date_booking1\" name=\"date_booking1\" autocomplete=\"off\" style=\"display:none;\">13.01.2981<\/textarea><div style=\"clear:both;height:10px;\"><\/div><div class=\"wpbc_bfb_form wpbc_wizard__border_container\" style=\"--wpbc-bfb-booking_form_layout_width:100%;\">\n\t<div class=\"wpbc_wizard_step wpbc__form__div wpbc_wizard_step1\">\n\t\t<div class=\"wpbc__row\">\n\t\t\t<div style=\"flex-basis: 48.5%\" class=\"wpbc__field\">\n\t\t\t\t<div class=\"bfb_element\">\n\t\t\t\t\t<label>First Name<\/label>\n\t\t\t\t\t<br><span class=\"wpbc_wrap_text wpdev-form-control-wrap firstname1\"><input type=\"text\" name=\"firstname1\" value=\"\" autocomplete=\"firstname\" class=\"firstname wpdev-validates-as-required firstname\" placeholder=\"Example: &#039;John&#039;\" size=\"40\" \/><\/span>\n\t\t\t\t\t<div class=\"wpbc_field_description\">Enter your first name.<\/div>\n\t\t\t\t<\/div>\n\t\t\t<\/div>\n\t\t\t<div style=\"flex-basis: 48.5%\" class=\"wpbc__field\">\n\t\t\t\t<div class=\"bfb_element\">\n\t\t\t\t\t<label>Last Name<\/label>\n\t\t\t\t\t<br><span class=\"wpbc_wrap_text wpdev-form-control-wrap secondname1\"><input type=\"text\" name=\"secondname1\" value=\"\" autocomplete=\"secondname\" class=\"secondname lastname wpdev-validates-as-required lastname\" placeholder=\"Example: &#039;Smith&#039;\" size=\"40\" \/><\/span>\n\t\t\t\t\t<div class=\"wpbc_field_description\">Enter your last name.<\/div>\n\t\t\t\t<\/div>\n\t\t\t<\/div>\n\t\t<\/div>\n\t\t<div class=\"wpbc__row\">\n\t\t\t<div style=\"flex-basis: 100%\" class=\"wpbc__field\">\n\t\t\t\t<div class=\"bfb_element\">\n\t\t\t\t\t<label>Email<\/label>\n\t\t\t\t\t<br><span class=\"wpbc_wrap_text wpdev-form-control-wrap email1\"><input type=\"email\" name=\"email1\" value=\"\" autocomplete=\"email\" class=\"wpdev-validates-as-email wpdev-validates-as-required\" size=\"40\" \/><\/span>\n\t\t\t\t\t<div class=\"wpbc_field_description\">Enter your email address.<\/div>\n\t\t\t\t<\/div>\n\t\t\t<\/div>\n\t\t<\/div>\n\t\t<div class=\"wpbc__row\">\n\t\t\t<div style=\"flex-basis: 100%\" class=\"wpbc__field\">\n\t\t\t\t<div class=\"bfb_element\">\n\t\t\t\t\t<label>Message<\/label>\n\t\t\t\t\t<br><span class=\"wpbc_wrap_textarea wpdev-form-control-wrap textarea1\"><textarea name=\"textarea1\" autocomplete=\"textarea\"><\/textarea><\/span>\n\t\t\t\t<\/div>\n\t\t\t<\/div>\n\t\t<\/div>\n\t\t<div class=\"wpbc__row\">\n\t\t\t<div style=\"flex-basis: 100%;--wpbc-bfb-col-ai: flex-end;--wpbc-col-min: 0px\" class=\"wpbc__field\">\n\t\t\t\t<div class=\"bfb_element\">\n\t\t\t\t\t<span class=\"wpbc_bfb__btn wpbc_bfb__btn--primary\" style=\"flex:1\"><input type=\"button\" value=\"Send\" class=\"wpbc_button_light\" onclick=\"wpbc_booking_form_submit(this.form,1, 'en_US');\" \/><\/span>\n\t\t\t\t<\/div>\n\t\t\t<\/div>\n\t\t<\/div>\n\t<\/div>\n<\/div><input name=\"booking_form_type1\"  id=\"booking_form_type1\" type=\"hidden\" value=\"contact_form\"><input id=\"bk_type1\" name=\"bk_type1\" class=\"\" type=\"hidden\" value=\"1\" \/><\/div><div id=\"submiting1\"><\/div><div class=\"form_bk_messages\" id=\"form_bk_messages1\" ><\/div><input type=\"hidden\" id=\"wpbc_nonceCALCULATE_THE_COST1\" name=\"wpbc_nonceCALCULATE_THE_COST1\" value=\"7f037d1f18\" \/><input type=\"hidden\" name=\"_wp_http_referer\" value=\"\/en\/wp-json\/wp\/v2\/pages\/821\" \/><\/form><\/div><div id=\"booking_form_garbage1\" class=\"booking_form_garbage\"><\/div> \n","protected":false},"excerpt":{"rendered":"","protected":false},"author":0,"featured_media":0,"parent":0,"menu_order":0,"comment_status":"closed","ping_status":"closed","template":"","meta":{"pagelayer_contact_templates":[],"_pagelayer_content":"","_monsterinsights_skip_tracking":false,"_monsterinsights_sitenote_active":false,"_monsterinsights_sitenote_note":"","_monsterinsights_sitenote_category":0,"footnotes":""},"class_list":["post-821","page","type-page","status-publish","hentry"],"yoast_head":"<!-- This site is optimized with the Yoast SEO plugin v27.5 - https:\/\/yoast.com\/product\/yoast-seo-wordpress\/ -->\n<title>Contact Form<\/title>\n<meta name=\"robots\" content=\"index, follow, max-snippet:-1, max-image-preview:large, max-video-preview:-1\" \/>\n<link rel=\"canonical\" href=\"https:\/\/naturistland.hu\/en\/wp-booking-calendar-contact\/\" \/>\n<meta property=\"og:locale\" content=\"en_US\" \/>\n<meta property=\"og:locale:alternate\" content=\"hu_HU\" \/>\n<meta property=\"og:locale:alternate\" content=\"de_DE\" \/>\n<meta property=\"og:type\" content=\"article\" \/>\n<meta property=\"og:title\" content=\"Contact Form\" \/>\n<meta property=\"og:url\" content=\"https:\/\/naturistland.hu\/en\/wp-booking-calendar-contact\/\" \/>\n<meta property=\"og:site_name\" content=\"Naturistland\" \/>\n<meta property=\"article:publisher\" content=\"https:\/\/facebook.com\/naturistland\" \/>\n<meta property=\"og:image\" content=\"https:\/\/naturistland.hu\/wp-content\/uploads\/2024\/01\/naturistland_op2.jpg\" \/>\n\t<meta property=\"og:image:width\" content=\"1429\" \/>\n\t<meta property=\"og:image:height\" content=\"803\" \/>\n\t<meta property=\"og:image:type\" content=\"image\/jpeg\" \/>\n<meta name=\"twitter:card\" content=\"summary_large_image\" \/>\n<script type=\"application\/ld+json\" class=\"yoast-schema-graph\">{\"@context\":\"https:\\\/\\\/schema.org\",\"@graph\":[{\"@type\":\"WebPage\",\"@id\":\"https:\\\/\\\/naturistland.hu\\\/wp-booking-calendar-contact\\\/\",\"url\":\"https:\\\/\\\/naturistland.hu\\\/wp-booking-calendar-contact\\\/\",\"name\":\"Contact Form\",\"isPartOf\":{\"@id\":\"https:\\\/\\\/naturistland.hu\\\/#website\"},\"datePublished\":\"2026-04-27T14:33:18+00:00\",\"breadcrumb\":{\"@id\":\"https:\\\/\\\/naturistland.hu\\\/wp-booking-calendar-contact\\\/#breadcrumb\"},\"inLanguage\":\"en-US\",\"potentialAction\":[{\"@type\":\"ReadAction\",\"target\":[\"https:\\\/\\\/naturistland.hu\\\/wp-booking-calendar-contact\\\/\"]}]},{\"@type\":\"BreadcrumbList\",\"@id\":\"https:\\\/\\\/naturistland.hu\\\/wp-booking-calendar-contact\\\/#breadcrumb\",\"itemListElement\":[{\"@type\":\"ListItem\",\"position\":1,\"name\":\"Home\",\"item\":\"https:\\\/\\\/naturistland.hu\\\/de\\\/\"},{\"@type\":\"ListItem\",\"position\":2,\"name\":\"Contact Form\"}]},{\"@type\":\"WebSite\",\"@id\":\"https:\\\/\\\/naturistland.hu\\\/#website\",\"url\":\"https:\\\/\\\/naturistland.hu\\\/\",\"name\":\"Naturistland\",\"description\":\"Naturista lehet\u0151s\u00e9gek priv\u00e1t k\u00f6rnyezetben\",\"publisher\":{\"@id\":\"https:\\\/\\\/naturistland.hu\\\/#organization\"},\"potentialAction\":[{\"@type\":\"SearchAction\",\"target\":{\"@type\":\"EntryPoint\",\"urlTemplate\":\"https:\\\/\\\/naturistland.hu\\\/?s={search_term_string}\"},\"query-input\":{\"@type\":\"PropertyValueSpecification\",\"valueRequired\":true,\"valueName\":\"search_term_string\"}}],\"inLanguage\":\"en-US\"},{\"@type\":\"Organization\",\"@id\":\"https:\\\/\\\/naturistland.hu\\\/#organization\",\"name\":\"Naturistland\",\"url\":\"https:\\\/\\\/naturistland.hu\\\/\",\"logo\":{\"@type\":\"ImageObject\",\"inLanguage\":\"en-US\",\"@id\":\"https:\\\/\\\/naturistland.hu\\\/#\\\/schema\\\/logo\\\/image\\\/\",\"url\":\"https:\\\/\\\/naturistland.hu\\\/wp-content\\\/uploads\\\/2023\\\/10\\\/cropped-cropped-nllogo.jpg\",\"contentUrl\":\"https:\\\/\\\/naturistland.hu\\\/wp-content\\\/uploads\\\/2023\\\/10\\\/cropped-cropped-nllogo.jpg\",\"width\":512,\"height\":512,\"caption\":\"Naturistland\"},\"image\":{\"@id\":\"https:\\\/\\\/naturistland.hu\\\/#\\\/schema\\\/logo\\\/image\\\/\"},\"sameAs\":[\"https:\\\/\\\/facebook.com\\\/naturistland\"]}]}<\/script>\n<!-- \/ Yoast SEO plugin. -->","yoast_head_json":{"title":"Contact Form","robots":{"index":"index","follow":"follow","max-snippet":"max-snippet:-1","max-image-preview":"max-image-preview:large","max-video-preview":"max-video-preview:-1"},"canonical":"https:\/\/naturistland.hu\/en\/wp-booking-calendar-contact\/","og_locale":"en_US","og_type":"article","og_title":"[:hu]Contact Form[:] - Naturistland","og_url":"https:\/\/naturistland.hu\/en\/wp-booking-calendar-contact\/","og_site_name":"Naturistland","article_publisher":"https:\/\/facebook.com\/naturistland","og_image":[{"width":1429,"height":803,"url":"https:\/\/naturistland.hu\/wp-content\/uploads\/2024\/01\/naturistland_op2.jpg","type":"image\/jpeg"}],"twitter_card":"summary_large_image","schema":{"@context":"https:\/\/schema.org","@graph":[{"@type":"WebPage","@id":"https:\/\/naturistland.hu\/wp-booking-calendar-contact\/","url":"https:\/\/naturistland.hu\/wp-booking-calendar-contact\/","name":"Contact Form","isPartOf":{"@id":"https:\/\/naturistland.hu\/#website"},"datePublished":"2026-04-27T14:33:18+00:00","breadcrumb":{"@id":"https:\/\/naturistland.hu\/wp-booking-calendar-contact\/#breadcrumb"},"inLanguage":"en-US","potentialAction":[{"@type":"ReadAction","target":["https:\/\/naturistland.hu\/wp-booking-calendar-contact\/"]}]},{"@type":"BreadcrumbList","@id":"https:\/\/naturistland.hu\/wp-booking-calendar-contact\/#breadcrumb","itemListElement":[{"@type":"ListItem","position":1,"name":"Home","item":"https:\/\/naturistland.hu\/de\/"},{"@type":"ListItem","position":2,"name":"Contact Form"}]},{"@type":"WebSite","@id":"https:\/\/naturistland.hu\/#website","url":"https:\/\/naturistland.hu\/","name":"Naturistland","description":"Naturista lehet\u0151s\u00e9gek priv\u00e1t k\u00f6rnyezetben","publisher":{"@id":"https:\/\/naturistland.hu\/#organization"},"potentialAction":[{"@type":"SearchAction","target":{"@type":"EntryPoint","urlTemplate":"https:\/\/naturistland.hu\/?s={search_term_string}"},"query-input":{"@type":"PropertyValueSpecification","valueRequired":true,"valueName":"search_term_string"}}],"inLanguage":"en-US"},{"@type":"Organization","@id":"https:\/\/naturistland.hu\/#organization","name":"Naturistland","url":"https:\/\/naturistland.hu\/","logo":{"@type":"ImageObject","inLanguage":"en-US","@id":"https:\/\/naturistland.hu\/#\/schema\/logo\/image\/","url":"https:\/\/naturistland.hu\/wp-content\/uploads\/2023\/10\/cropped-cropped-nllogo.jpg","contentUrl":"https:\/\/naturistland.hu\/wp-content\/uploads\/2023\/10\/cropped-cropped-nllogo.jpg","width":512,"height":512,"caption":"Naturistland"},"image":{"@id":"https:\/\/naturistland.hu\/#\/schema\/logo\/image\/"},"sameAs":["https:\/\/facebook.com\/naturistland"]}]}},"_links":{"self":[{"href":"https:\/\/naturistland.hu\/en\/wp-json\/wp\/v2\/pages\/821","targetHints":{"allow":["GET"]}}],"collection":[{"href":"https:\/\/naturistland.hu\/en\/wp-json\/wp\/v2\/pages"}],"about":[{"href":"https:\/\/naturistland.hu\/en\/wp-json\/wp\/v2\/types\/page"}],"replies":[{"embeddable":true,"href":"https:\/\/naturistland.hu\/en\/wp-json\/wp\/v2\/comments?post=821"}],"version-history":[{"count":0,"href":"https:\/\/naturistland.hu\/en\/wp-json\/wp\/v2\/pages\/821\/revisions"}],"wp:attachment":[{"href":"https:\/\/naturistland.hu\/en\/wp-json\/wp\/v2\/media?parent=821"}],"curies":[{"name":"wp","href":"https:\/\/api.w.org\/{rel}","templated":true}]}}